{"id":61688,"date":"2025-07-09T13:31:57","date_gmt":"2025-07-09T11:31:57","guid":{"rendered":"https:\/\/amareprod.wpenginepowered.com\/produkt\/mini-kleid-zartbitterschokolade-moderner-minimalismus\/"},"modified":"2025-11-04T02:25:27","modified_gmt":"2025-11-04T01:25:27","slug":"mini-kleid-zartbitterschokolade-moderner-minimalismus","status":"publish","type":"product","link":"https:\/\/amare-atelier.pl\/de\/produkt\/mini-kleid-zartbitterschokolade-moderner-minimalismus\/","title":{"rendered":"Minikleid &#8216;Bitter Chocolate&#8217; &#8211; Moderner Minimalismus"},"content":{"rendered":"<p>Das Minikleid in einem tiefen Farbton von dunkler Schokolade ist ein Vorschlag f\u00fcr Frauen, die einen minimalistischen Stil mit einem Hauch von Raffinesse sch\u00e4tzen. Der zart geschnittene Schnitt mit B\u00fcgelfalte betont die Silhouette, w\u00e4hrend die universelle Farbe das Kleid f\u00fcr viele Gelegenheiten geeignet macht. Perfekt f\u00fcr einen Abend im Freien, ein Treffen mit Freunden oder ein elegantes Abendessen. Verleihen Sie Ihrer Garderobe einen Hauch von Klasse und Vornehmheit!   <\/p>\n","protected":false},"excerpt":{"rendered":"<p>Das Minikleid in einem tiefen Farbton von dunkler Schokolade ist ein Vorschlag f\u00fcr Frauen, die einen minimalistischen Stil mit einem Hauch von Raffinesse sch\u00e4tzen. Der zart geschnittene Schnitt mit B\u00fcgelfalte betont die Silhouette, w\u00e4hrend die universelle Farbe das Kleid f\u00fcr viele Gelegenheiten geeignet macht. Perfekt f\u00fcr einen Abend im Freien, ein Treffen mit Freunden oder [&hellip;]<\/p>\n","protected":false},"featured_media":61690,"template":"","meta":{"inline_featured_image":false},"product_brand":[],"product_cat":[245],"product_tag":[],"class_list":{"0":"post-61688","1":"product","2":"type-product","3":"status-publish","4":"has-post-thumbnail","6":"product_cat-kleider","9":"first","10":"outofstock","11":"shipping-taxable","12":"purchasable","13":"product-type-variable"},"yoast_head":"<!-- This site is optimized with the Yoast SEO plugin v26.3 - https:\/\/yoast.com\/wordpress\/plugins\/seo\/ -->\n<title>Minikleid &#039;Bitter Chocolate&#039; - Moderner Minimalismus - Amare Atelier \u2013 Modna Odzie\u017c Damska | Styl, Klasa, Kobieco\u015b\u0107<\/title>\n<meta name=\"robots\" content=\"index, follow, max-snippet:-1, max-image-preview:large, max-video-preview:-1\" \/>\n<link rel=\"canonical\" href=\"https:\/\/amare-atelier.pl\/de\/produkt\/mini-kleid-zartbitterschokolade-moderner-minimalismus\/\" \/>\n<meta property=\"og:locale\" content=\"de_DE\" \/>\n<meta property=\"og:type\" content=\"article\" \/>\n<meta property=\"og:title\" content=\"Minikleid &#039;Bitter Chocolate&#039; - Moderner Minimalismus - Amare Atelier \u2013 Modna Odzie\u017c Damska | Styl, Klasa, Kobieco\u015b\u0107\" \/>\n<meta property=\"og:description\" content=\"Das Minikleid in einem tiefen Farbton von dunkler Schokolade ist ein Vorschlag f\u00fcr Frauen, die einen minimalistischen Stil mit einem Hauch von Raffinesse sch\u00e4tzen. Der zart geschnittene Schnitt mit B\u00fcgelfalte betont die Silhouette, w\u00e4hrend die universelle Farbe das Kleid f\u00fcr viele Gelegenheiten geeignet macht. Perfekt f\u00fcr einen Abend im Freien, ein Treffen mit Freunden oder [&hellip;]\" \/>\n<meta property=\"og:url\" content=\"https:\/\/amare-atelier.pl\/de\/produkt\/mini-kleid-zartbitterschokolade-moderner-minimalismus\/\" \/>\n<meta property=\"og:site_name\" content=\"Amare Atelier \u2013 Modna Odzie\u017c Damska | Styl, Klasa, Kobieco\u015b\u0107\" \/>\n<meta property=\"article:publisher\" content=\"https:\/\/www.facebook.com\/profile.php?id=61577234792545\" \/>\n<meta property=\"article:modified_time\" content=\"2025-11-04T01:25:27+00:00\" \/>\n<meta property=\"og:image\" content=\"https:\/\/amare-atelier.pl\/wp-content\/uploads\/2025\/07\/IMG_8520-scaled.jpeg\" \/>\n\t<meta property=\"og:image:width\" content=\"1920\" \/>\n\t<meta property=\"og:image:height\" content=\"2560\" \/>\n\t<meta property=\"og:image:type\" content=\"image\/jpeg\" \/>\n<meta name=\"twitter:card\" content=\"summary_large_image\" \/>\n<script type=\"application\/ld+json\" class=\"yoast-schema-graph\">{\"@context\":\"https:\/\/schema.org\",\"@graph\":[{\"@type\":\"WebPage\",\"@id\":\"https:\/\/amare-atelier.pl\/de\/produkt\/mini-kleid-zartbitterschokolade-moderner-minimalismus\/\",\"url\":\"https:\/\/amare-atelier.pl\/de\/produkt\/mini-kleid-zartbitterschokolade-moderner-minimalismus\/\",\"name\":\"Minikleid 'Bitter Chocolate' - Moderner Minimalismus - Amare Atelier \u2013 Modna Odzie\u017c Damska | Styl, Klasa, Kobieco\u015b\u0107\",\"isPartOf\":{\"@id\":\"https:\/\/amare-atelier.pl\/de\/#website\"},\"primaryImageOfPage\":{\"@id\":\"https:\/\/amare-atelier.pl\/de\/produkt\/mini-kleid-zartbitterschokolade-moderner-minimalismus\/#primaryimage\"},\"image\":{\"@id\":\"https:\/\/amare-atelier.pl\/de\/produkt\/mini-kleid-zartbitterschokolade-moderner-minimalismus\/#primaryimage\"},\"thumbnailUrl\":\"https:\/\/amare-atelier.pl\/wp-content\/uploads\/2025\/07\/IMG_8520-scaled.jpeg\",\"datePublished\":\"2025-07-09T11:31:57+00:00\",\"dateModified\":\"2025-11-04T01:25:27+00:00\",\"breadcrumb\":{\"@id\":\"https:\/\/amare-atelier.pl\/de\/produkt\/mini-kleid-zartbitterschokolade-moderner-minimalismus\/#breadcrumb\"},\"inLanguage\":\"de\",\"potentialAction\":[{\"@type\":\"ReadAction\",\"target\":[\"https:\/\/amare-atelier.pl\/de\/produkt\/mini-kleid-zartbitterschokolade-moderner-minimalismus\/\"]}]},{\"@type\":\"ImageObject\",\"inLanguage\":\"de\",\"@id\":\"https:\/\/amare-atelier.pl\/de\/produkt\/mini-kleid-zartbitterschokolade-moderner-minimalismus\/#primaryimage\",\"url\":\"https:\/\/amare-atelier.pl\/wp-content\/uploads\/2025\/07\/IMG_8520-scaled.jpeg\",\"contentUrl\":\"https:\/\/amare-atelier.pl\/wp-content\/uploads\/2025\/07\/IMG_8520-scaled.jpeg\",\"width\":1920,\"height\":2560},{\"@type\":\"BreadcrumbList\",\"@id\":\"https:\/\/amare-atelier.pl\/de\/produkt\/mini-kleid-zartbitterschokolade-moderner-minimalismus\/#breadcrumb\",\"itemListElement\":[{\"@type\":\"ListItem\",\"position\":1,\"name\":\"Startseite\",\"item\":\"https:\/\/amare-atelier.pl\/de\/startseite\/\"},{\"@type\":\"ListItem\",\"position\":2,\"name\":\"Shop\",\"item\":\"https:\/\/amare-atelier.pl\/de\/shop\/\"},{\"@type\":\"ListItem\",\"position\":3,\"name\":\"Minikleid &#8216;Bitter Chocolate&#8217; &#8211; Moderner Minimalismus\"}]},{\"@type\":\"WebSite\",\"@id\":\"https:\/\/amare-atelier.pl\/de\/#website\",\"url\":\"https:\/\/amare-atelier.pl\/de\/\",\"name\":\"Amare Atelier \u2013 Modna Odzie\u017c Damska | Styl, Klasa, Kobieco\u015b\u0107\",\"description\":\"\",\"publisher\":{\"@id\":\"https:\/\/amare-atelier.pl\/de\/#organization\"},\"potentialAction\":[{\"@type\":\"SearchAction\",\"target\":{\"@type\":\"EntryPoint\",\"urlTemplate\":\"https:\/\/amare-atelier.pl\/de\/?s={search_term_string}\"},\"query-input\":{\"@type\":\"PropertyValueSpecification\",\"valueRequired\":true,\"valueName\":\"search_term_string\"}}],\"inLanguage\":\"de\"},{\"@type\":\"Organization\",\"@id\":\"https:\/\/amare-atelier.pl\/de\/#organization\",\"name\":\"Amare Atelier \u2013 Modna Odzie\u017c Damska | Styl, Klasa, Kobieco\u015b\u0107\",\"url\":\"https:\/\/amare-atelier.pl\/de\/\",\"logo\":{\"@type\":\"ImageObject\",\"inLanguage\":\"de\",\"@id\":\"https:\/\/amare-atelier.pl\/de\/#\/schema\/logo\/image\/\",\"url\":\"https:\/\/amare-atelier.pl\/wp-content\/uploads\/2025\/06\/amare-logo.svg\",\"contentUrl\":\"https:\/\/amare-atelier.pl\/wp-content\/uploads\/2025\/06\/amare-logo.svg\",\"width\":578,\"height\":238,\"caption\":\"Amare Atelier \u2013 Modna Odzie\u017c Damska | Styl, Klasa, Kobieco\u015b\u0107\"},\"image\":{\"@id\":\"https:\/\/amare-atelier.pl\/de\/#\/schema\/logo\/image\/\"},\"sameAs\":[\"https:\/\/www.facebook.com\/profile.php?id=61577234792545\",\"https:\/\/www.instagram.com\/amare___atelier\/\"]}]}<\/script>\n<!-- \/ Yoast SEO plugin. -->","yoast_head_json":{"title":"Minikleid 'Bitter Chocolate' - Moderner Minimalismus - Amare Atelier \u2013 Modna Odzie\u017c Damska | Styl, Klasa, Kobieco\u015b\u0107","robots":{"index":"index","follow":"follow","max-snippet":"max-snippet:-1","max-image-preview":"max-image-preview:large","max-video-preview":"max-video-preview:-1"},"canonical":"https:\/\/amare-atelier.pl\/de\/produkt\/mini-kleid-zartbitterschokolade-moderner-minimalismus\/","og_locale":"de_DE","og_type":"article","og_title":"Minikleid 'Bitter Chocolate' - Moderner Minimalismus - Amare Atelier \u2013 Modna Odzie\u017c Damska | Styl, Klasa, Kobieco\u015b\u0107","og_description":"Das Minikleid in einem tiefen Farbton von dunkler Schokolade ist ein Vorschlag f\u00fcr Frauen, die einen minimalistischen Stil mit einem Hauch von Raffinesse sch\u00e4tzen. Der zart geschnittene Schnitt mit B\u00fcgelfalte betont die Silhouette, w\u00e4hrend die universelle Farbe das Kleid f\u00fcr viele Gelegenheiten geeignet macht. Perfekt f\u00fcr einen Abend im Freien, ein Treffen mit Freunden oder [&hellip;]","og_url":"https:\/\/amare-atelier.pl\/de\/produkt\/mini-kleid-zartbitterschokolade-moderner-minimalismus\/","og_site_name":"Amare Atelier \u2013 Modna Odzie\u017c Damska | Styl, Klasa, Kobieco\u015b\u0107","article_publisher":"https:\/\/www.facebook.com\/profile.php?id=61577234792545","article_modified_time":"2025-11-04T01:25:27+00:00","og_image":[{"width":1920,"height":2560,"url":"https:\/\/amare-atelier.pl\/wp-content\/uploads\/2025\/07\/IMG_8520-scaled.jpeg","type":"image\/jpeg"}],"twitter_card":"summary_large_image","schema":{"@context":"https:\/\/schema.org","@graph":[{"@type":"WebPage","@id":"https:\/\/amare-atelier.pl\/de\/produkt\/mini-kleid-zartbitterschokolade-moderner-minimalismus\/","url":"https:\/\/amare-atelier.pl\/de\/produkt\/mini-kleid-zartbitterschokolade-moderner-minimalismus\/","name":"Minikleid 'Bitter Chocolate' - Moderner Minimalismus - Amare Atelier \u2013 Modna Odzie\u017c Damska | Styl, Klasa, Kobieco\u015b\u0107","isPartOf":{"@id":"https:\/\/amare-atelier.pl\/de\/#website"},"primaryImageOfPage":{"@id":"https:\/\/amare-atelier.pl\/de\/produkt\/mini-kleid-zartbitterschokolade-moderner-minimalismus\/#primaryimage"},"image":{"@id":"https:\/\/amare-atelier.pl\/de\/produkt\/mini-kleid-zartbitterschokolade-moderner-minimalismus\/#primaryimage"},"thumbnailUrl":"https:\/\/amare-atelier.pl\/wp-content\/uploads\/2025\/07\/IMG_8520-scaled.jpeg","datePublished":"2025-07-09T11:31:57+00:00","dateModified":"2025-11-04T01:25:27+00:00","breadcrumb":{"@id":"https:\/\/amare-atelier.pl\/de\/produkt\/mini-kleid-zartbitterschokolade-moderner-minimalismus\/#breadcrumb"},"inLanguage":"de","potentialAction":[{"@type":"ReadAction","target":["https:\/\/amare-atelier.pl\/de\/produkt\/mini-kleid-zartbitterschokolade-moderner-minimalismus\/"]}]},{"@type":"ImageObject","inLanguage":"de","@id":"https:\/\/amare-atelier.pl\/de\/produkt\/mini-kleid-zartbitterschokolade-moderner-minimalismus\/#primaryimage","url":"https:\/\/amare-atelier.pl\/wp-content\/uploads\/2025\/07\/IMG_8520-scaled.jpeg","contentUrl":"https:\/\/amare-atelier.pl\/wp-content\/uploads\/2025\/07\/IMG_8520-scaled.jpeg","width":1920,"height":2560},{"@type":"BreadcrumbList","@id":"https:\/\/amare-atelier.pl\/de\/produkt\/mini-kleid-zartbitterschokolade-moderner-minimalismus\/#breadcrumb","itemListElement":[{"@type":"ListItem","position":1,"name":"Startseite","item":"https:\/\/amare-atelier.pl\/de\/startseite\/"},{"@type":"ListItem","position":2,"name":"Shop","item":"https:\/\/amare-atelier.pl\/de\/shop\/"},{"@type":"ListItem","position":3,"name":"Minikleid &#8216;Bitter Chocolate&#8217; &#8211; Moderner Minimalismus"}]},{"@type":"WebSite","@id":"https:\/\/amare-atelier.pl\/de\/#website","url":"https:\/\/amare-atelier.pl\/de\/","name":"Amare Atelier \u2013 Modna Odzie\u017c Damska | Styl, Klasa, Kobieco\u015b\u0107","description":"","publisher":{"@id":"https:\/\/amare-atelier.pl\/de\/#organization"},"potentialAction":[{"@type":"SearchAction","target":{"@type":"EntryPoint","urlTemplate":"https:\/\/amare-atelier.pl\/de\/?s={search_term_string}"},"query-input":{"@type":"PropertyValueSpecification","valueRequired":true,"valueName":"search_term_string"}}],"inLanguage":"de"},{"@type":"Organization","@id":"https:\/\/amare-atelier.pl\/de\/#organization","name":"Amare Atelier \u2013 Modna Odzie\u017c Damska | Styl, Klasa, Kobieco\u015b\u0107","url":"https:\/\/amare-atelier.pl\/de\/","logo":{"@type":"ImageObject","inLanguage":"de","@id":"https:\/\/amare-atelier.pl\/de\/#\/schema\/logo\/image\/","url":"https:\/\/amare-atelier.pl\/wp-content\/uploads\/2025\/06\/amare-logo.svg","contentUrl":"https:\/\/amare-atelier.pl\/wp-content\/uploads\/2025\/06\/amare-logo.svg","width":578,"height":238,"caption":"Amare Atelier \u2013 Modna Odzie\u017c Damska | Styl, Klasa, Kobieco\u015b\u0107"},"image":{"@id":"https:\/\/amare-atelier.pl\/de\/#\/schema\/logo\/image\/"},"sameAs":["https:\/\/www.facebook.com\/profile.php?id=61577234792545","https:\/\/www.instagram.com\/amare___atelier\/"]}]}},"_links":{"self":[{"href":"https:\/\/amare-atelier.pl\/de\/wp-json\/wp\/v2\/product\/61688","targetHints":{"allow":["GET"]}}],"collection":[{"href":"https:\/\/amare-atelier.pl\/de\/wp-json\/wp\/v2\/product"}],"about":[{"href":"https:\/\/amare-atelier.pl\/de\/wp-json\/wp\/v2\/types\/product"}],"wp:featuredmedia":[{"embeddable":true,"href":"https:\/\/amare-atelier.pl\/de\/wp-json\/wp\/v2\/media\/61690"}],"wp:attachment":[{"href":"https:\/\/amare-atelier.pl\/de\/wp-json\/wp\/v2\/media?parent=61688"}],"wp:term":[{"taxonomy":"product_brand","embeddable":true,"href":"https:\/\/amare-atelier.pl\/de\/wp-json\/wp\/v2\/product_brand?post=61688"},{"taxonomy":"product_cat","embeddable":true,"href":"https:\/\/amare-atelier.pl\/de\/wp-json\/wp\/v2\/product_cat?post=61688"},{"taxonomy":"product_tag","embeddable":true,"href":"https:\/\/amare-atelier.pl\/de\/wp-json\/wp\/v2\/product_tag?post=61688"}],"curies":[{"name":"wp","href":"https:\/\/api.w.org\/{rel}","templated":true}]}}