{"id":61682,"date":"2025-07-30T21:20:13","date_gmt":"2025-07-30T19:20:13","guid":{"rendered":"https:\/\/amareprod.wpenginepowered.com\/produkt\/luna-pullover-handgestrickter-charme-in-creme\/"},"modified":"2025-11-25T12:42:59","modified_gmt":"2025-11-25T11:42:59","slug":"luna-pullover-handgestrickter-charme-in-creme","status":"publish","type":"product","link":"https:\/\/amare-atelier.pl\/de\/produkt\/luna-pullover-handgestrickter-charme-in-creme\/","title":{"rendered":"Luna Pullover &#8211; cremefarbener handgestrickter Charme"},"content":{"rendered":"<p>Weich, anschmiegsam und feminin &#8211; der Pullover Luna ist der Inbegriff herbstlichen Komforts. Er ist aus einem dicken Gewebe mit einzigartiger Struktur gefertigt, sitzt sch\u00f6n auf der Figur und verleiht dem Styling einen gem\u00fctlichen Touch. Die Bindung an der Vorderseite akzentuiert die Taille und erm\u00f6glicht eine ma\u00dfgeschneiderte Passform. Perfekt mit Jeans, Zigarillos oder Midir\u00f6cken &#8211; f\u00fcr jeden Tag und k\u00fchlere Abende.   <\/p>\n","protected":false},"excerpt":{"rendered":"<p>Weich, anschmiegsam und feminin &#8211; der Pullover Luna ist der Inbegriff herbstlichen Komforts. Er ist aus einem dicken Gewebe mit einzigartiger Struktur gefertigt, sitzt sch\u00f6n auf der Figur und verleiht dem Styling einen gem\u00fctlichen Touch. Die Bindung an der Vorderseite akzentuiert die Taille und erm\u00f6glicht eine ma\u00dfgeschneiderte Passform. Perfekt mit Jeans, Zigarillos oder Midir\u00f6cken &#8211; [&hellip;]<\/p>\n","protected":false},"featured_media":61685,"template":"","meta":{"inline_featured_image":false},"product_brand":[],"product_cat":[260],"product_tag":[],"class_list":{"0":"post-61682","1":"product","2":"type-product","3":"status-publish","4":"has-post-thumbnail","6":"product_cat-pullover","9":"first","10":"instock","11":"shipping-taxable","12":"purchasable","13":"product-type-variable"},"yoast_head":"<!-- This site is optimized with the Yoast SEO plugin v26.3 - https:\/\/yoast.com\/wordpress\/plugins\/seo\/ -->\n<title>Luna Pullover - cremefarbener handgestrickter Charme - Amare Atelier \u2013 Modna Odzie\u017c Damska | Styl, Klasa, Kobieco\u015b\u0107<\/title>\n<meta name=\"robots\" content=\"index, follow, max-snippet:-1, max-image-preview:large, max-video-preview:-1\" \/>\n<link rel=\"canonical\" href=\"https:\/\/amare-atelier.pl\/de\/produkt\/luna-pullover-handgestrickter-charme-in-creme\/\" \/>\n<meta property=\"og:locale\" content=\"de_DE\" \/>\n<meta property=\"og:type\" content=\"article\" \/>\n<meta property=\"og:title\" content=\"Luna Pullover - cremefarbener handgestrickter Charme - Amare Atelier \u2013 Modna Odzie\u017c Damska | Styl, Klasa, Kobieco\u015b\u0107\" \/>\n<meta property=\"og:description\" content=\"Weich, anschmiegsam und feminin &#8211; der Pullover Luna ist der Inbegriff herbstlichen Komforts. Er ist aus einem dicken Gewebe mit einzigartiger Struktur gefertigt, sitzt sch\u00f6n auf der Figur und verleiht dem Styling einen gem\u00fctlichen Touch. Die Bindung an der Vorderseite akzentuiert die Taille und erm\u00f6glicht eine ma\u00dfgeschneiderte Passform. Perfekt mit Jeans, Zigarillos oder Midir\u00f6cken &#8211; [&hellip;]\" \/>\n<meta property=\"og:url\" content=\"https:\/\/amare-atelier.pl\/de\/produkt\/luna-pullover-handgestrickter-charme-in-creme\/\" \/>\n<meta property=\"og:site_name\" content=\"Amare Atelier \u2013 Modna Odzie\u017c Damska | Styl, Klasa, Kobieco\u015b\u0107\" \/>\n<meta property=\"article:publisher\" content=\"https:\/\/www.facebook.com\/profile.php?id=61577234792545\" \/>\n<meta property=\"article:modified_time\" content=\"2025-11-25T11:42:59+00:00\" \/>\n<meta property=\"og:image\" content=\"https:\/\/amare-atelier.pl\/wp-content\/uploads\/2025\/07\/IMG_9230-scaled.jpeg\" \/>\n\t<meta property=\"og:image:width\" content=\"2560\" \/>\n\t<meta property=\"og:image:height\" content=\"2341\" \/>\n\t<meta property=\"og:image:type\" content=\"image\/jpeg\" \/>\n<meta name=\"twitter:card\" content=\"summary_large_image\" \/>\n<script type=\"application\/ld+json\" class=\"yoast-schema-graph\">{\"@context\":\"https:\/\/schema.org\",\"@graph\":[{\"@type\":\"WebPage\",\"@id\":\"https:\/\/amare-atelier.pl\/de\/produkt\/luna-pullover-handgestrickter-charme-in-creme\/\",\"url\":\"https:\/\/amare-atelier.pl\/de\/produkt\/luna-pullover-handgestrickter-charme-in-creme\/\",\"name\":\"Luna Pullover - cremefarbener handgestrickter Charme - Amare Atelier \u2013 Modna Odzie\u017c Damska | Styl, Klasa, Kobieco\u015b\u0107\",\"isPartOf\":{\"@id\":\"https:\/\/amare-atelier.pl\/de\/#website\"},\"primaryImageOfPage\":{\"@id\":\"https:\/\/amare-atelier.pl\/de\/produkt\/luna-pullover-handgestrickter-charme-in-creme\/#primaryimage\"},\"image\":{\"@id\":\"https:\/\/amare-atelier.pl\/de\/produkt\/luna-pullover-handgestrickter-charme-in-creme\/#primaryimage\"},\"thumbnailUrl\":\"https:\/\/amare-atelier.pl\/wp-content\/uploads\/2025\/07\/IMG_9230-scaled.jpeg\",\"datePublished\":\"2025-07-30T19:20:13+00:00\",\"dateModified\":\"2025-11-25T11:42:59+00:00\",\"breadcrumb\":{\"@id\":\"https:\/\/amare-atelier.pl\/de\/produkt\/luna-pullover-handgestrickter-charme-in-creme\/#breadcrumb\"},\"inLanguage\":\"de\",\"potentialAction\":[{\"@type\":\"ReadAction\",\"target\":[\"https:\/\/amare-atelier.pl\/de\/produkt\/luna-pullover-handgestrickter-charme-in-creme\/\"]}]},{\"@type\":\"ImageObject\",\"inLanguage\":\"de\",\"@id\":\"https:\/\/amare-atelier.pl\/de\/produkt\/luna-pullover-handgestrickter-charme-in-creme\/#primaryimage\",\"url\":\"https:\/\/amare-atelier.pl\/wp-content\/uploads\/2025\/07\/IMG_9230-scaled.jpeg\",\"contentUrl\":\"https:\/\/amare-atelier.pl\/wp-content\/uploads\/2025\/07\/IMG_9230-scaled.jpeg\",\"width\":2560,\"height\":2341},{\"@type\":\"BreadcrumbList\",\"@id\":\"https:\/\/amare-atelier.pl\/de\/produkt\/luna-pullover-handgestrickter-charme-in-creme\/#breadcrumb\",\"itemListElement\":[{\"@type\":\"ListItem\",\"position\":1,\"name\":\"Startseite\",\"item\":\"https:\/\/amare-atelier.pl\/de\/startseite\/\"},{\"@type\":\"ListItem\",\"position\":2,\"name\":\"Shop\",\"item\":\"https:\/\/amare-atelier.pl\/de\/shop\/\"},{\"@type\":\"ListItem\",\"position\":3,\"name\":\"Luna Pullover &#8211; cremefarbener handgestrickter Charme\"}]},{\"@type\":\"WebSite\",\"@id\":\"https:\/\/amare-atelier.pl\/de\/#website\",\"url\":\"https:\/\/amare-atelier.pl\/de\/\",\"name\":\"Amare Atelier \u2013 Modna Odzie\u017c Damska | Styl, Klasa, Kobieco\u015b\u0107\",\"description\":\"\",\"publisher\":{\"@id\":\"https:\/\/amare-atelier.pl\/de\/#organization\"},\"potentialAction\":[{\"@type\":\"SearchAction\",\"target\":{\"@type\":\"EntryPoint\",\"urlTemplate\":\"https:\/\/amare-atelier.pl\/de\/?s={search_term_string}\"},\"query-input\":{\"@type\":\"PropertyValueSpecification\",\"valueRequired\":true,\"valueName\":\"search_term_string\"}}],\"inLanguage\":\"de\"},{\"@type\":\"Organization\",\"@id\":\"https:\/\/amare-atelier.pl\/de\/#organization\",\"name\":\"Amare Atelier \u2013 Modna Odzie\u017c Damska | Styl, Klasa, Kobieco\u015b\u0107\",\"url\":\"https:\/\/amare-atelier.pl\/de\/\",\"logo\":{\"@type\":\"ImageObject\",\"inLanguage\":\"de\",\"@id\":\"https:\/\/amare-atelier.pl\/de\/#\/schema\/logo\/image\/\",\"url\":\"https:\/\/amare-atelier.pl\/wp-content\/uploads\/2025\/06\/amare-logo.svg\",\"contentUrl\":\"https:\/\/amare-atelier.pl\/wp-content\/uploads\/2025\/06\/amare-logo.svg\",\"width\":578,\"height\":238,\"caption\":\"Amare Atelier \u2013 Modna Odzie\u017c Damska | Styl, Klasa, Kobieco\u015b\u0107\"},\"image\":{\"@id\":\"https:\/\/amare-atelier.pl\/de\/#\/schema\/logo\/image\/\"},\"sameAs\":[\"https:\/\/www.facebook.com\/profile.php?id=61577234792545\",\"https:\/\/www.instagram.com\/amare___atelier\/\"]}]}<\/script>\n<!-- \/ Yoast SEO plugin. -->","yoast_head_json":{"title":"Luna Pullover - cremefarbener handgestrickter Charme - Amare Atelier \u2013 Modna Odzie\u017c Damska | Styl, Klasa, Kobieco\u015b\u0107","robots":{"index":"index","follow":"follow","max-snippet":"max-snippet:-1","max-image-preview":"max-image-preview:large","max-video-preview":"max-video-preview:-1"},"canonical":"https:\/\/amare-atelier.pl\/de\/produkt\/luna-pullover-handgestrickter-charme-in-creme\/","og_locale":"de_DE","og_type":"article","og_title":"Luna Pullover - cremefarbener handgestrickter Charme - Amare Atelier \u2013 Modna Odzie\u017c Damska | Styl, Klasa, Kobieco\u015b\u0107","og_description":"Weich, anschmiegsam und feminin &#8211; der Pullover Luna ist der Inbegriff herbstlichen Komforts. Er ist aus einem dicken Gewebe mit einzigartiger Struktur gefertigt, sitzt sch\u00f6n auf der Figur und verleiht dem Styling einen gem\u00fctlichen Touch. Die Bindung an der Vorderseite akzentuiert die Taille und erm\u00f6glicht eine ma\u00dfgeschneiderte Passform. Perfekt mit Jeans, Zigarillos oder Midir\u00f6cken &#8211; [&hellip;]","og_url":"https:\/\/amare-atelier.pl\/de\/produkt\/luna-pullover-handgestrickter-charme-in-creme\/","og_site_name":"Amare Atelier \u2013 Modna Odzie\u017c Damska | Styl, Klasa, Kobieco\u015b\u0107","article_publisher":"https:\/\/www.facebook.com\/profile.php?id=61577234792545","article_modified_time":"2025-11-25T11:42:59+00:00","og_image":[{"width":2560,"height":2341,"url":"https:\/\/amare-atelier.pl\/wp-content\/uploads\/2025\/07\/IMG_9230-scaled.jpeg","type":"image\/jpeg"}],"twitter_card":"summary_large_image","schema":{"@context":"https:\/\/schema.org","@graph":[{"@type":"WebPage","@id":"https:\/\/amare-atelier.pl\/de\/produkt\/luna-pullover-handgestrickter-charme-in-creme\/","url":"https:\/\/amare-atelier.pl\/de\/produkt\/luna-pullover-handgestrickter-charme-in-creme\/","name":"Luna Pullover - cremefarbener handgestrickter Charme - Amare Atelier \u2013 Modna Odzie\u017c Damska | Styl, Klasa, Kobieco\u015b\u0107","isPartOf":{"@id":"https:\/\/amare-atelier.pl\/de\/#website"},"primaryImageOfPage":{"@id":"https:\/\/amare-atelier.pl\/de\/produkt\/luna-pullover-handgestrickter-charme-in-creme\/#primaryimage"},"image":{"@id":"https:\/\/amare-atelier.pl\/de\/produkt\/luna-pullover-handgestrickter-charme-in-creme\/#primaryimage"},"thumbnailUrl":"https:\/\/amare-atelier.pl\/wp-content\/uploads\/2025\/07\/IMG_9230-scaled.jpeg","datePublished":"2025-07-30T19:20:13+00:00","dateModified":"2025-11-25T11:42:59+00:00","breadcrumb":{"@id":"https:\/\/amare-atelier.pl\/de\/produkt\/luna-pullover-handgestrickter-charme-in-creme\/#breadcrumb"},"inLanguage":"de","potentialAction":[{"@type":"ReadAction","target":["https:\/\/amare-atelier.pl\/de\/produkt\/luna-pullover-handgestrickter-charme-in-creme\/"]}]},{"@type":"ImageObject","inLanguage":"de","@id":"https:\/\/amare-atelier.pl\/de\/produkt\/luna-pullover-handgestrickter-charme-in-creme\/#primaryimage","url":"https:\/\/amare-atelier.pl\/wp-content\/uploads\/2025\/07\/IMG_9230-scaled.jpeg","contentUrl":"https:\/\/amare-atelier.pl\/wp-content\/uploads\/2025\/07\/IMG_9230-scaled.jpeg","width":2560,"height":2341},{"@type":"BreadcrumbList","@id":"https:\/\/amare-atelier.pl\/de\/produkt\/luna-pullover-handgestrickter-charme-in-creme\/#breadcrumb","itemListElement":[{"@type":"ListItem","position":1,"name":"Startseite","item":"https:\/\/amare-atelier.pl\/de\/startseite\/"},{"@type":"ListItem","position":2,"name":"Shop","item":"https:\/\/amare-atelier.pl\/de\/shop\/"},{"@type":"ListItem","position":3,"name":"Luna Pullover &#8211; cremefarbener handgestrickter Charme"}]},{"@type":"WebSite","@id":"https:\/\/amare-atelier.pl\/de\/#website","url":"https:\/\/amare-atelier.pl\/de\/","name":"Amare Atelier \u2013 Modna Odzie\u017c Damska | Styl, Klasa, Kobieco\u015b\u0107","description":"","publisher":{"@id":"https:\/\/amare-atelier.pl\/de\/#organization"},"potentialAction":[{"@type":"SearchAction","target":{"@type":"EntryPoint","urlTemplate":"https:\/\/amare-atelier.pl\/de\/?s={search_term_string}"},"query-input":{"@type":"PropertyValueSpecification","valueRequired":true,"valueName":"search_term_string"}}],"inLanguage":"de"},{"@type":"Organization","@id":"https:\/\/amare-atelier.pl\/de\/#organization","name":"Amare Atelier \u2013 Modna Odzie\u017c Damska | Styl, Klasa, Kobieco\u015b\u0107","url":"https:\/\/amare-atelier.pl\/de\/","logo":{"@type":"ImageObject","inLanguage":"de","@id":"https:\/\/amare-atelier.pl\/de\/#\/schema\/logo\/image\/","url":"https:\/\/amare-atelier.pl\/wp-content\/uploads\/2025\/06\/amare-logo.svg","contentUrl":"https:\/\/amare-atelier.pl\/wp-content\/uploads\/2025\/06\/amare-logo.svg","width":578,"height":238,"caption":"Amare Atelier \u2013 Modna Odzie\u017c Damska | Styl, Klasa, Kobieco\u015b\u0107"},"image":{"@id":"https:\/\/amare-atelier.pl\/de\/#\/schema\/logo\/image\/"},"sameAs":["https:\/\/www.facebook.com\/profile.php?id=61577234792545","https:\/\/www.instagram.com\/amare___atelier\/"]}]}},"_links":{"self":[{"href":"https:\/\/amare-atelier.pl\/de\/wp-json\/wp\/v2\/product\/61682","targetHints":{"allow":["GET"]}}],"collection":[{"href":"https:\/\/amare-atelier.pl\/de\/wp-json\/wp\/v2\/product"}],"about":[{"href":"https:\/\/amare-atelier.pl\/de\/wp-json\/wp\/v2\/types\/product"}],"wp:featuredmedia":[{"embeddable":true,"href":"https:\/\/amare-atelier.pl\/de\/wp-json\/wp\/v2\/media\/61685"}],"wp:attachment":[{"href":"https:\/\/amare-atelier.pl\/de\/wp-json\/wp\/v2\/media?parent=61682"}],"wp:term":[{"taxonomy":"product_brand","embeddable":true,"href":"https:\/\/amare-atelier.pl\/de\/wp-json\/wp\/v2\/product_brand?post=61682"},{"taxonomy":"product_cat","embeddable":true,"href":"https:\/\/amare-atelier.pl\/de\/wp-json\/wp\/v2\/product_cat?post=61682"},{"taxonomy":"product_tag","embeddable":true,"href":"https:\/\/amare-atelier.pl\/de\/wp-json\/wp\/v2\/product_tag?post=61682"}],"curies":[{"name":"wp","href":"https:\/\/api.w.org\/{rel}","templated":true}]}}