{"id":61673,"date":"2025-07-30T21:24:54","date_gmt":"2025-07-30T19:24:54","guid":{"rendered":"https:\/\/amareprod.wpenginepowered.com\/produkt\/pullover-luna-bordeaux-mit-einem-hauch-sinnlichkeit\/"},"modified":"2025-11-25T12:38:39","modified_gmt":"2025-11-25T11:38:39","slug":"pullover-luna-bordeaux-mit-einem-hauch-sinnlichkeit","status":"publish","type":"product","link":"https:\/\/amare-atelier.pl\/de\/produkt\/pullover-luna-bordeaux-mit-einem-hauch-sinnlichkeit\/","title":{"rendered":"Luna Pullover &#8211; kastanienbraun mit einem Hauch von Sinnlichkeit"},"content":{"rendered":"<p>Der Pullover Luna in einem tiefen Kastanienbraunton ist die perfekte Kombination aus Gem\u00fctlichkeit und femininer Eleganz. Die auff\u00e4llige Farbe ist ein echter Blickfang, und das handgeflochtene Gewebe verleiht ihm eine einzigartige Note. Mit dem Bindeband auf der Vorderseite k\u00f6nnen Sie den Schnitt an Ihre Figur anpassen, und das weiche Garn sorgt f\u00fcr ganzt\u00e4gigen Tragekomfort. Die perfekte Wahl f\u00fcr Abendausfl\u00fcge und stilvolle Alltagslooks.   <\/p>\n","protected":false},"excerpt":{"rendered":"<p>Der Pullover Luna in einem tiefen Kastanienbraunton ist die perfekte Kombination aus Gem\u00fctlichkeit und femininer Eleganz. Die auff\u00e4llige Farbe ist ein echter Blickfang, und das handgeflochtene Gewebe verleiht ihm eine einzigartige Note. Mit dem Bindeband auf der Vorderseite k\u00f6nnen Sie den Schnitt an Ihre Figur anpassen, und das weiche Garn sorgt f\u00fcr ganzt\u00e4gigen Tragekomfort. Die [&hellip;]<\/p>\n","protected":false},"featured_media":61675,"template":"","meta":{"inline_featured_image":false},"product_brand":[],"product_cat":[260],"product_tag":[],"class_list":{"0":"post-61673","1":"product","2":"type-product","3":"status-publish","4":"has-post-thumbnail","6":"product_cat-pullover","9":"first","10":"instock","11":"shipping-taxable","12":"purchasable","13":"product-type-variable"},"yoast_head":"<!-- This site is optimized with the Yoast SEO plugin v26.3 - https:\/\/yoast.com\/wordpress\/plugins\/seo\/ -->\n<title>Luna Pullover - kastanienbraun mit einem Hauch von Sinnlichkeit - Amare Atelier \u2013 Modna Odzie\u017c Damska | Styl, Klasa, Kobieco\u015b\u0107<\/title>\n<meta name=\"robots\" content=\"index, follow, max-snippet:-1, max-image-preview:large, max-video-preview:-1\" \/>\n<link rel=\"canonical\" href=\"https:\/\/amare-atelier.pl\/de\/produkt\/pullover-luna-bordeaux-mit-einem-hauch-sinnlichkeit\/\" \/>\n<meta property=\"og:locale\" content=\"de_DE\" \/>\n<meta property=\"og:type\" content=\"article\" \/>\n<meta property=\"og:title\" content=\"Luna Pullover - kastanienbraun mit einem Hauch von Sinnlichkeit - Amare Atelier \u2013 Modna Odzie\u017c Damska | Styl, Klasa, Kobieco\u015b\u0107\" \/>\n<meta property=\"og:description\" content=\"Der Pullover Luna in einem tiefen Kastanienbraunton ist die perfekte Kombination aus Gem\u00fctlichkeit und femininer Eleganz. Die auff\u00e4llige Farbe ist ein echter Blickfang, und das handgeflochtene Gewebe verleiht ihm eine einzigartige Note. Mit dem Bindeband auf der Vorderseite k\u00f6nnen Sie den Schnitt an Ihre Figur anpassen, und das weiche Garn sorgt f\u00fcr ganzt\u00e4gigen Tragekomfort. Die [&hellip;]\" \/>\n<meta property=\"og:url\" content=\"https:\/\/amare-atelier.pl\/de\/produkt\/pullover-luna-bordeaux-mit-einem-hauch-sinnlichkeit\/\" \/>\n<meta property=\"og:site_name\" content=\"Amare Atelier \u2013 Modna Odzie\u017c Damska | Styl, Klasa, Kobieco\u015b\u0107\" \/>\n<meta property=\"article:publisher\" content=\"https:\/\/www.facebook.com\/profile.php?id=61577234792545\" \/>\n<meta property=\"article:modified_time\" content=\"2025-11-25T11:38:39+00:00\" \/>\n<meta property=\"og:image\" content=\"https:\/\/amare-atelier.pl\/wp-content\/uploads\/2025\/07\/IMG_9229-scaled.jpeg\" \/>\n\t<meta property=\"og:image:width\" content=\"2560\" \/>\n\t<meta property=\"og:image:height\" content=\"2008\" \/>\n\t<meta property=\"og:image:type\" content=\"image\/jpeg\" \/>\n<meta name=\"twitter:card\" content=\"summary_large_image\" \/>\n<script type=\"application\/ld+json\" class=\"yoast-schema-graph\">{\"@context\":\"https:\/\/schema.org\",\"@graph\":[{\"@type\":\"WebPage\",\"@id\":\"https:\/\/amare-atelier.pl\/de\/produkt\/pullover-luna-bordeaux-mit-einem-hauch-sinnlichkeit\/\",\"url\":\"https:\/\/amare-atelier.pl\/de\/produkt\/pullover-luna-bordeaux-mit-einem-hauch-sinnlichkeit\/\",\"name\":\"Luna Pullover - kastanienbraun mit einem Hauch von Sinnlichkeit - Amare Atelier \u2013 Modna Odzie\u017c Damska | Styl, Klasa, Kobieco\u015b\u0107\",\"isPartOf\":{\"@id\":\"https:\/\/amare-atelier.pl\/de\/#website\"},\"primaryImageOfPage\":{\"@id\":\"https:\/\/amare-atelier.pl\/de\/produkt\/pullover-luna-bordeaux-mit-einem-hauch-sinnlichkeit\/#primaryimage\"},\"image\":{\"@id\":\"https:\/\/amare-atelier.pl\/de\/produkt\/pullover-luna-bordeaux-mit-einem-hauch-sinnlichkeit\/#primaryimage\"},\"thumbnailUrl\":\"https:\/\/amare-atelier.pl\/wp-content\/uploads\/2025\/07\/IMG_9229-scaled.jpeg\",\"datePublished\":\"2025-07-30T19:24:54+00:00\",\"dateModified\":\"2025-11-25T11:38:39+00:00\",\"breadcrumb\":{\"@id\":\"https:\/\/amare-atelier.pl\/de\/produkt\/pullover-luna-bordeaux-mit-einem-hauch-sinnlichkeit\/#breadcrumb\"},\"inLanguage\":\"de\",\"potentialAction\":[{\"@type\":\"ReadAction\",\"target\":[\"https:\/\/amare-atelier.pl\/de\/produkt\/pullover-luna-bordeaux-mit-einem-hauch-sinnlichkeit\/\"]}]},{\"@type\":\"ImageObject\",\"inLanguage\":\"de\",\"@id\":\"https:\/\/amare-atelier.pl\/de\/produkt\/pullover-luna-bordeaux-mit-einem-hauch-sinnlichkeit\/#primaryimage\",\"url\":\"https:\/\/amare-atelier.pl\/wp-content\/uploads\/2025\/07\/IMG_9229-scaled.jpeg\",\"contentUrl\":\"https:\/\/amare-atelier.pl\/wp-content\/uploads\/2025\/07\/IMG_9229-scaled.jpeg\",\"width\":2560,\"height\":2008},{\"@type\":\"BreadcrumbList\",\"@id\":\"https:\/\/amare-atelier.pl\/de\/produkt\/pullover-luna-bordeaux-mit-einem-hauch-sinnlichkeit\/#breadcrumb\",\"itemListElement\":[{\"@type\":\"ListItem\",\"position\":1,\"name\":\"Startseite\",\"item\":\"https:\/\/amare-atelier.pl\/de\/startseite\/\"},{\"@type\":\"ListItem\",\"position\":2,\"name\":\"Shop\",\"item\":\"https:\/\/amare-atelier.pl\/de\/shop\/\"},{\"@type\":\"ListItem\",\"position\":3,\"name\":\"Luna Pullover &#8211; kastanienbraun mit einem Hauch von Sinnlichkeit\"}]},{\"@type\":\"WebSite\",\"@id\":\"https:\/\/amare-atelier.pl\/de\/#website\",\"url\":\"https:\/\/amare-atelier.pl\/de\/\",\"name\":\"Amare Atelier \u2013 Modna Odzie\u017c Damska | Styl, Klasa, Kobieco\u015b\u0107\",\"description\":\"\",\"publisher\":{\"@id\":\"https:\/\/amare-atelier.pl\/de\/#organization\"},\"potentialAction\":[{\"@type\":\"SearchAction\",\"target\":{\"@type\":\"EntryPoint\",\"urlTemplate\":\"https:\/\/amare-atelier.pl\/de\/?s={search_term_string}\"},\"query-input\":{\"@type\":\"PropertyValueSpecification\",\"valueRequired\":true,\"valueName\":\"search_term_string\"}}],\"inLanguage\":\"de\"},{\"@type\":\"Organization\",\"@id\":\"https:\/\/amare-atelier.pl\/de\/#organization\",\"name\":\"Amare Atelier \u2013 Modna Odzie\u017c Damska | Styl, Klasa, Kobieco\u015b\u0107\",\"url\":\"https:\/\/amare-atelier.pl\/de\/\",\"logo\":{\"@type\":\"ImageObject\",\"inLanguage\":\"de\",\"@id\":\"https:\/\/amare-atelier.pl\/de\/#\/schema\/logo\/image\/\",\"url\":\"https:\/\/amare-atelier.pl\/wp-content\/uploads\/2025\/06\/amare-logo.svg\",\"contentUrl\":\"https:\/\/amare-atelier.pl\/wp-content\/uploads\/2025\/06\/amare-logo.svg\",\"width\":578,\"height\":238,\"caption\":\"Amare Atelier \u2013 Modna Odzie\u017c Damska | Styl, Klasa, Kobieco\u015b\u0107\"},\"image\":{\"@id\":\"https:\/\/amare-atelier.pl\/de\/#\/schema\/logo\/image\/\"},\"sameAs\":[\"https:\/\/www.facebook.com\/profile.php?id=61577234792545\",\"https:\/\/www.instagram.com\/amare___atelier\/\"]}]}<\/script>\n<!-- \/ Yoast SEO plugin. -->","yoast_head_json":{"title":"Luna Pullover - kastanienbraun mit einem Hauch von Sinnlichkeit - Amare Atelier \u2013 Modna Odzie\u017c Damska | Styl, Klasa, Kobieco\u015b\u0107","robots":{"index":"index","follow":"follow","max-snippet":"max-snippet:-1","max-image-preview":"max-image-preview:large","max-video-preview":"max-video-preview:-1"},"canonical":"https:\/\/amare-atelier.pl\/de\/produkt\/pullover-luna-bordeaux-mit-einem-hauch-sinnlichkeit\/","og_locale":"de_DE","og_type":"article","og_title":"Luna Pullover - kastanienbraun mit einem Hauch von Sinnlichkeit - Amare Atelier \u2013 Modna Odzie\u017c Damska | Styl, Klasa, Kobieco\u015b\u0107","og_description":"Der Pullover Luna in einem tiefen Kastanienbraunton ist die perfekte Kombination aus Gem\u00fctlichkeit und femininer Eleganz. Die auff\u00e4llige Farbe ist ein echter Blickfang, und das handgeflochtene Gewebe verleiht ihm eine einzigartige Note. Mit dem Bindeband auf der Vorderseite k\u00f6nnen Sie den Schnitt an Ihre Figur anpassen, und das weiche Garn sorgt f\u00fcr ganzt\u00e4gigen Tragekomfort. Die [&hellip;]","og_url":"https:\/\/amare-atelier.pl\/de\/produkt\/pullover-luna-bordeaux-mit-einem-hauch-sinnlichkeit\/","og_site_name":"Amare Atelier \u2013 Modna Odzie\u017c Damska | Styl, Klasa, Kobieco\u015b\u0107","article_publisher":"https:\/\/www.facebook.com\/profile.php?id=61577234792545","article_modified_time":"2025-11-25T11:38:39+00:00","og_image":[{"width":2560,"height":2008,"url":"https:\/\/amare-atelier.pl\/wp-content\/uploads\/2025\/07\/IMG_9229-scaled.jpeg","type":"image\/jpeg"}],"twitter_card":"summary_large_image","schema":{"@context":"https:\/\/schema.org","@graph":[{"@type":"WebPage","@id":"https:\/\/amare-atelier.pl\/de\/produkt\/pullover-luna-bordeaux-mit-einem-hauch-sinnlichkeit\/","url":"https:\/\/amare-atelier.pl\/de\/produkt\/pullover-luna-bordeaux-mit-einem-hauch-sinnlichkeit\/","name":"Luna Pullover - kastanienbraun mit einem Hauch von Sinnlichkeit - Amare Atelier \u2013 Modna Odzie\u017c Damska | Styl, Klasa, Kobieco\u015b\u0107","isPartOf":{"@id":"https:\/\/amare-atelier.pl\/de\/#website"},"primaryImageOfPage":{"@id":"https:\/\/amare-atelier.pl\/de\/produkt\/pullover-luna-bordeaux-mit-einem-hauch-sinnlichkeit\/#primaryimage"},"image":{"@id":"https:\/\/amare-atelier.pl\/de\/produkt\/pullover-luna-bordeaux-mit-einem-hauch-sinnlichkeit\/#primaryimage"},"thumbnailUrl":"https:\/\/amare-atelier.pl\/wp-content\/uploads\/2025\/07\/IMG_9229-scaled.jpeg","datePublished":"2025-07-30T19:24:54+00:00","dateModified":"2025-11-25T11:38:39+00:00","breadcrumb":{"@id":"https:\/\/amare-atelier.pl\/de\/produkt\/pullover-luna-bordeaux-mit-einem-hauch-sinnlichkeit\/#breadcrumb"},"inLanguage":"de","potentialAction":[{"@type":"ReadAction","target":["https:\/\/amare-atelier.pl\/de\/produkt\/pullover-luna-bordeaux-mit-einem-hauch-sinnlichkeit\/"]}]},{"@type":"ImageObject","inLanguage":"de","@id":"https:\/\/amare-atelier.pl\/de\/produkt\/pullover-luna-bordeaux-mit-einem-hauch-sinnlichkeit\/#primaryimage","url":"https:\/\/amare-atelier.pl\/wp-content\/uploads\/2025\/07\/IMG_9229-scaled.jpeg","contentUrl":"https:\/\/amare-atelier.pl\/wp-content\/uploads\/2025\/07\/IMG_9229-scaled.jpeg","width":2560,"height":2008},{"@type":"BreadcrumbList","@id":"https:\/\/amare-atelier.pl\/de\/produkt\/pullover-luna-bordeaux-mit-einem-hauch-sinnlichkeit\/#breadcrumb","itemListElement":[{"@type":"ListItem","position":1,"name":"Startseite","item":"https:\/\/amare-atelier.pl\/de\/startseite\/"},{"@type":"ListItem","position":2,"name":"Shop","item":"https:\/\/amare-atelier.pl\/de\/shop\/"},{"@type":"ListItem","position":3,"name":"Luna Pullover &#8211; kastanienbraun mit einem Hauch von Sinnlichkeit"}]},{"@type":"WebSite","@id":"https:\/\/amare-atelier.pl\/de\/#website","url":"https:\/\/amare-atelier.pl\/de\/","name":"Amare Atelier \u2013 Modna Odzie\u017c Damska | Styl, Klasa, Kobieco\u015b\u0107","description":"","publisher":{"@id":"https:\/\/amare-atelier.pl\/de\/#organization"},"potentialAction":[{"@type":"SearchAction","target":{"@type":"EntryPoint","urlTemplate":"https:\/\/amare-atelier.pl\/de\/?s={search_term_string}"},"query-input":{"@type":"PropertyValueSpecification","valueRequired":true,"valueName":"search_term_string"}}],"inLanguage":"de"},{"@type":"Organization","@id":"https:\/\/amare-atelier.pl\/de\/#organization","name":"Amare Atelier \u2013 Modna Odzie\u017c Damska | Styl, Klasa, Kobieco\u015b\u0107","url":"https:\/\/amare-atelier.pl\/de\/","logo":{"@type":"ImageObject","inLanguage":"de","@id":"https:\/\/amare-atelier.pl\/de\/#\/schema\/logo\/image\/","url":"https:\/\/amare-atelier.pl\/wp-content\/uploads\/2025\/06\/amare-logo.svg","contentUrl":"https:\/\/amare-atelier.pl\/wp-content\/uploads\/2025\/06\/amare-logo.svg","width":578,"height":238,"caption":"Amare Atelier \u2013 Modna Odzie\u017c Damska | Styl, Klasa, Kobieco\u015b\u0107"},"image":{"@id":"https:\/\/amare-atelier.pl\/de\/#\/schema\/logo\/image\/"},"sameAs":["https:\/\/www.facebook.com\/profile.php?id=61577234792545","https:\/\/www.instagram.com\/amare___atelier\/"]}]}},"_links":{"self":[{"href":"https:\/\/amare-atelier.pl\/de\/wp-json\/wp\/v2\/product\/61673","targetHints":{"allow":["GET"]}}],"collection":[{"href":"https:\/\/amare-atelier.pl\/de\/wp-json\/wp\/v2\/product"}],"about":[{"href":"https:\/\/amare-atelier.pl\/de\/wp-json\/wp\/v2\/types\/product"}],"wp:featuredmedia":[{"embeddable":true,"href":"https:\/\/amare-atelier.pl\/de\/wp-json\/wp\/v2\/media\/61675"}],"wp:attachment":[{"href":"https:\/\/amare-atelier.pl\/de\/wp-json\/wp\/v2\/media?parent=61673"}],"wp:term":[{"taxonomy":"product_brand","embeddable":true,"href":"https:\/\/amare-atelier.pl\/de\/wp-json\/wp\/v2\/product_brand?post=61673"},{"taxonomy":"product_cat","embeddable":true,"href":"https:\/\/amare-atelier.pl\/de\/wp-json\/wp\/v2\/product_cat?post=61673"},{"taxonomy":"product_tag","embeddable":true,"href":"https:\/\/amare-atelier.pl\/de\/wp-json\/wp\/v2\/product_tag?post=61673"}],"curies":[{"name":"wp","href":"https:\/\/api.w.org\/{rel}","templated":true}]}}