{"id":61663,"date":"2025-07-13T09:50:41","date_gmt":"2025-07-13T07:50:41","guid":{"rendered":"https:\/\/amareprod.wpenginepowered.com\/produkt\/kurzer-trenchcoat-luna-in-pflaumenburgund\/"},"modified":"2025-11-04T02:25:30","modified_gmt":"2025-11-04T01:25:30","slug":"kurzer-trenchcoat-luna-in-pflaumenburgund","status":"publish","type":"product","link":"https:\/\/amare-atelier.pl\/de\/produkt\/kurzer-trenchcoat-luna-in-pflaumenburgund\/","title":{"rendered":"Kurzer &#8216;Luna&#8217; Trenchcoat in Pflaume burgunderrot"},"content":{"rendered":"<p>Entdecken Sie die Essenz moderner Eleganz mit unserem kurzen Trenchcoat &#8216;Luna&#8217; in einem einzigartigen burgunderroten Pflaumenton.<\/p>\n<p>Dieses Modell wurde f\u00fcr Frauen entworfen, die zeitlosen Stil mit einem Hauch von Charakter sch\u00e4tzen. Der leicht taillierte Schnitt betont sch\u00f6n die Silhouette, w\u00e4hrend die markanten Details &#8211; Tailleng\u00fcrtel und verstellbare Manschetten &#8211; f\u00fcr Chic und Funktionalit\u00e4t sorgen. <\/p>\n","protected":false},"excerpt":{"rendered":"<p>Entdecken Sie die Essenz moderner Eleganz mit unserem kurzen Trenchcoat &#8216;Luna&#8217; in einem einzigartigen burgunderroten Pflaumenton. Dieses Modell wurde f\u00fcr Frauen entworfen, die zeitlosen Stil mit einem Hauch von Charakter sch\u00e4tzen. Der leicht taillierte Schnitt betont sch\u00f6n die Silhouette, w\u00e4hrend die markanten Details &#8211; Tailleng\u00fcrtel und verstellbare Manschetten &#8211; f\u00fcr Chic und Funktionalit\u00e4t sorgen.<\/p>\n","protected":false},"featured_media":61664,"template":"","meta":{"inline_featured_image":false},"product_brand":[],"product_cat":[259],"product_tag":[],"class_list":{"0":"post-61663","1":"product","2":"type-product","3":"status-publish","4":"has-post-thumbnail","6":"product_cat-oberbekleidung","9":"first","10":"outofstock","11":"shipping-taxable","12":"purchasable","13":"product-type-variable"},"yoast_head":"<!-- This site is optimized with the Yoast SEO plugin v26.3 - https:\/\/yoast.com\/wordpress\/plugins\/seo\/ -->\n<title>Kurzer &#039;Luna&#039; Trenchcoat in Pflaume burgunderrot - Amare Atelier \u2013 Modna Odzie\u017c Damska | Styl, Klasa, Kobieco\u015b\u0107<\/title>\n<meta name=\"robots\" content=\"index, follow, max-snippet:-1, max-image-preview:large, max-video-preview:-1\" \/>\n<link rel=\"canonical\" href=\"https:\/\/amare-atelier.pl\/de\/produkt\/kurzer-trenchcoat-luna-in-pflaumenburgund\/\" \/>\n<meta property=\"og:locale\" content=\"de_DE\" \/>\n<meta property=\"og:type\" content=\"article\" \/>\n<meta property=\"og:title\" content=\"Kurzer &#039;Luna&#039; Trenchcoat in Pflaume burgunderrot - Amare Atelier \u2013 Modna Odzie\u017c Damska | Styl, Klasa, Kobieco\u015b\u0107\" \/>\n<meta property=\"og:description\" content=\"Entdecken Sie die Essenz moderner Eleganz mit unserem kurzen Trenchcoat &#8216;Luna&#8217; in einem einzigartigen burgunderroten Pflaumenton. Dieses Modell wurde f\u00fcr Frauen entworfen, die zeitlosen Stil mit einem Hauch von Charakter sch\u00e4tzen. Der leicht taillierte Schnitt betont sch\u00f6n die Silhouette, w\u00e4hrend die markanten Details &#8211; Tailleng\u00fcrtel und verstellbare Manschetten &#8211; f\u00fcr Chic und Funktionalit\u00e4t sorgen.\" \/>\n<meta property=\"og:url\" content=\"https:\/\/amare-atelier.pl\/de\/produkt\/kurzer-trenchcoat-luna-in-pflaumenburgund\/\" \/>\n<meta property=\"og:site_name\" content=\"Amare Atelier \u2013 Modna Odzie\u017c Damska | Styl, Klasa, Kobieco\u015b\u0107\" \/>\n<meta property=\"article:publisher\" content=\"https:\/\/www.facebook.com\/profile.php?id=61577234792545\" \/>\n<meta property=\"article:modified_time\" content=\"2025-11-04T01:25:30+00:00\" \/>\n<meta property=\"og:image\" content=\"https:\/\/amare-atelier.pl\/wp-content\/uploads\/2025\/07\/Ultralight_IMG_8600-scaled.jpeg\" \/>\n\t<meta property=\"og:image:width\" content=\"1920\" \/>\n\t<meta property=\"og:image:height\" content=\"2560\" \/>\n\t<meta property=\"og:image:type\" content=\"image\/jpeg\" \/>\n<meta name=\"twitter:card\" content=\"summary_large_image\" \/>\n<script type=\"application\/ld+json\" class=\"yoast-schema-graph\">{\"@context\":\"https:\/\/schema.org\",\"@graph\":[{\"@type\":\"WebPage\",\"@id\":\"https:\/\/amare-atelier.pl\/de\/produkt\/kurzer-trenchcoat-luna-in-pflaumenburgund\/\",\"url\":\"https:\/\/amare-atelier.pl\/de\/produkt\/kurzer-trenchcoat-luna-in-pflaumenburgund\/\",\"name\":\"Kurzer 'Luna' Trenchcoat in Pflaume burgunderrot - Amare Atelier \u2013 Modna Odzie\u017c Damska | Styl, Klasa, Kobieco\u015b\u0107\",\"isPartOf\":{\"@id\":\"https:\/\/amare-atelier.pl\/de\/#website\"},\"primaryImageOfPage\":{\"@id\":\"https:\/\/amare-atelier.pl\/de\/produkt\/kurzer-trenchcoat-luna-in-pflaumenburgund\/#primaryimage\"},\"image\":{\"@id\":\"https:\/\/amare-atelier.pl\/de\/produkt\/kurzer-trenchcoat-luna-in-pflaumenburgund\/#primaryimage\"},\"thumbnailUrl\":\"https:\/\/amare-atelier.pl\/wp-content\/uploads\/2025\/07\/Ultralight_IMG_8600-scaled.jpeg\",\"datePublished\":\"2025-07-13T07:50:41+00:00\",\"dateModified\":\"2025-11-04T01:25:30+00:00\",\"breadcrumb\":{\"@id\":\"https:\/\/amare-atelier.pl\/de\/produkt\/kurzer-trenchcoat-luna-in-pflaumenburgund\/#breadcrumb\"},\"inLanguage\":\"de\",\"potentialAction\":[{\"@type\":\"ReadAction\",\"target\":[\"https:\/\/amare-atelier.pl\/de\/produkt\/kurzer-trenchcoat-luna-in-pflaumenburgund\/\"]}]},{\"@type\":\"ImageObject\",\"inLanguage\":\"de\",\"@id\":\"https:\/\/amare-atelier.pl\/de\/produkt\/kurzer-trenchcoat-luna-in-pflaumenburgund\/#primaryimage\",\"url\":\"https:\/\/amare-atelier.pl\/wp-content\/uploads\/2025\/07\/Ultralight_IMG_8600-scaled.jpeg\",\"contentUrl\":\"https:\/\/amare-atelier.pl\/wp-content\/uploads\/2025\/07\/Ultralight_IMG_8600-scaled.jpeg\",\"width\":1920,\"height\":2560},{\"@type\":\"BreadcrumbList\",\"@id\":\"https:\/\/amare-atelier.pl\/de\/produkt\/kurzer-trenchcoat-luna-in-pflaumenburgund\/#breadcrumb\",\"itemListElement\":[{\"@type\":\"ListItem\",\"position\":1,\"name\":\"Startseite\",\"item\":\"https:\/\/amare-atelier.pl\/de\/startseite\/\"},{\"@type\":\"ListItem\",\"position\":2,\"name\":\"Shop\",\"item\":\"https:\/\/amare-atelier.pl\/de\/shop\/\"},{\"@type\":\"ListItem\",\"position\":3,\"name\":\"Kurzer &#8216;Luna&#8217; Trenchcoat in Pflaume burgunderrot\"}]},{\"@type\":\"WebSite\",\"@id\":\"https:\/\/amare-atelier.pl\/de\/#website\",\"url\":\"https:\/\/amare-atelier.pl\/de\/\",\"name\":\"Amare Atelier \u2013 Modna Odzie\u017c Damska | Styl, Klasa, Kobieco\u015b\u0107\",\"description\":\"\",\"publisher\":{\"@id\":\"https:\/\/amare-atelier.pl\/de\/#organization\"},\"potentialAction\":[{\"@type\":\"SearchAction\",\"target\":{\"@type\":\"EntryPoint\",\"urlTemplate\":\"https:\/\/amare-atelier.pl\/de\/?s={search_term_string}\"},\"query-input\":{\"@type\":\"PropertyValueSpecification\",\"valueRequired\":true,\"valueName\":\"search_term_string\"}}],\"inLanguage\":\"de\"},{\"@type\":\"Organization\",\"@id\":\"https:\/\/amare-atelier.pl\/de\/#organization\",\"name\":\"Amare Atelier \u2013 Modna Odzie\u017c Damska | Styl, Klasa, Kobieco\u015b\u0107\",\"url\":\"https:\/\/amare-atelier.pl\/de\/\",\"logo\":{\"@type\":\"ImageObject\",\"inLanguage\":\"de\",\"@id\":\"https:\/\/amare-atelier.pl\/de\/#\/schema\/logo\/image\/\",\"url\":\"https:\/\/amare-atelier.pl\/wp-content\/uploads\/2025\/06\/amare-logo.svg\",\"contentUrl\":\"https:\/\/amare-atelier.pl\/wp-content\/uploads\/2025\/06\/amare-logo.svg\",\"width\":578,\"height\":238,\"caption\":\"Amare Atelier \u2013 Modna Odzie\u017c Damska | Styl, Klasa, Kobieco\u015b\u0107\"},\"image\":{\"@id\":\"https:\/\/amare-atelier.pl\/de\/#\/schema\/logo\/image\/\"},\"sameAs\":[\"https:\/\/www.facebook.com\/profile.php?id=61577234792545\",\"https:\/\/www.instagram.com\/amare___atelier\/\"]}]}<\/script>\n<!-- \/ Yoast SEO plugin. -->","yoast_head_json":{"title":"Kurzer 'Luna' Trenchcoat in Pflaume burgunderrot - Amare Atelier \u2013 Modna Odzie\u017c Damska | Styl, Klasa, Kobieco\u015b\u0107","robots":{"index":"index","follow":"follow","max-snippet":"max-snippet:-1","max-image-preview":"max-image-preview:large","max-video-preview":"max-video-preview:-1"},"canonical":"https:\/\/amare-atelier.pl\/de\/produkt\/kurzer-trenchcoat-luna-in-pflaumenburgund\/","og_locale":"de_DE","og_type":"article","og_title":"Kurzer 'Luna' Trenchcoat in Pflaume burgunderrot - Amare Atelier \u2013 Modna Odzie\u017c Damska | Styl, Klasa, Kobieco\u015b\u0107","og_description":"Entdecken Sie die Essenz moderner Eleganz mit unserem kurzen Trenchcoat &#8216;Luna&#8217; in einem einzigartigen burgunderroten Pflaumenton. Dieses Modell wurde f\u00fcr Frauen entworfen, die zeitlosen Stil mit einem Hauch von Charakter sch\u00e4tzen. Der leicht taillierte Schnitt betont sch\u00f6n die Silhouette, w\u00e4hrend die markanten Details &#8211; Tailleng\u00fcrtel und verstellbare Manschetten &#8211; f\u00fcr Chic und Funktionalit\u00e4t sorgen.","og_url":"https:\/\/amare-atelier.pl\/de\/produkt\/kurzer-trenchcoat-luna-in-pflaumenburgund\/","og_site_name":"Amare Atelier \u2013 Modna Odzie\u017c Damska | Styl, Klasa, Kobieco\u015b\u0107","article_publisher":"https:\/\/www.facebook.com\/profile.php?id=61577234792545","article_modified_time":"2025-11-04T01:25:30+00:00","og_image":[{"width":1920,"height":2560,"url":"https:\/\/amare-atelier.pl\/wp-content\/uploads\/2025\/07\/Ultralight_IMG_8600-scaled.jpeg","type":"image\/jpeg"}],"twitter_card":"summary_large_image","schema":{"@context":"https:\/\/schema.org","@graph":[{"@type":"WebPage","@id":"https:\/\/amare-atelier.pl\/de\/produkt\/kurzer-trenchcoat-luna-in-pflaumenburgund\/","url":"https:\/\/amare-atelier.pl\/de\/produkt\/kurzer-trenchcoat-luna-in-pflaumenburgund\/","name":"Kurzer 'Luna' Trenchcoat in Pflaume burgunderrot - Amare Atelier \u2013 Modna Odzie\u017c Damska | Styl, Klasa, Kobieco\u015b\u0107","isPartOf":{"@id":"https:\/\/amare-atelier.pl\/de\/#website"},"primaryImageOfPage":{"@id":"https:\/\/amare-atelier.pl\/de\/produkt\/kurzer-trenchcoat-luna-in-pflaumenburgund\/#primaryimage"},"image":{"@id":"https:\/\/amare-atelier.pl\/de\/produkt\/kurzer-trenchcoat-luna-in-pflaumenburgund\/#primaryimage"},"thumbnailUrl":"https:\/\/amare-atelier.pl\/wp-content\/uploads\/2025\/07\/Ultralight_IMG_8600-scaled.jpeg","datePublished":"2025-07-13T07:50:41+00:00","dateModified":"2025-11-04T01:25:30+00:00","breadcrumb":{"@id":"https:\/\/amare-atelier.pl\/de\/produkt\/kurzer-trenchcoat-luna-in-pflaumenburgund\/#breadcrumb"},"inLanguage":"de","potentialAction":[{"@type":"ReadAction","target":["https:\/\/amare-atelier.pl\/de\/produkt\/kurzer-trenchcoat-luna-in-pflaumenburgund\/"]}]},{"@type":"ImageObject","inLanguage":"de","@id":"https:\/\/amare-atelier.pl\/de\/produkt\/kurzer-trenchcoat-luna-in-pflaumenburgund\/#primaryimage","url":"https:\/\/amare-atelier.pl\/wp-content\/uploads\/2025\/07\/Ultralight_IMG_8600-scaled.jpeg","contentUrl":"https:\/\/amare-atelier.pl\/wp-content\/uploads\/2025\/07\/Ultralight_IMG_8600-scaled.jpeg","width":1920,"height":2560},{"@type":"BreadcrumbList","@id":"https:\/\/amare-atelier.pl\/de\/produkt\/kurzer-trenchcoat-luna-in-pflaumenburgund\/#breadcrumb","itemListElement":[{"@type":"ListItem","position":1,"name":"Startseite","item":"https:\/\/amare-atelier.pl\/de\/startseite\/"},{"@type":"ListItem","position":2,"name":"Shop","item":"https:\/\/amare-atelier.pl\/de\/shop\/"},{"@type":"ListItem","position":3,"name":"Kurzer &#8216;Luna&#8217; Trenchcoat in Pflaume burgunderrot"}]},{"@type":"WebSite","@id":"https:\/\/amare-atelier.pl\/de\/#website","url":"https:\/\/amare-atelier.pl\/de\/","name":"Amare Atelier \u2013 Modna Odzie\u017c Damska | Styl, Klasa, Kobieco\u015b\u0107","description":"","publisher":{"@id":"https:\/\/amare-atelier.pl\/de\/#organization"},"potentialAction":[{"@type":"SearchAction","target":{"@type":"EntryPoint","urlTemplate":"https:\/\/amare-atelier.pl\/de\/?s={search_term_string}"},"query-input":{"@type":"PropertyValueSpecification","valueRequired":true,"valueName":"search_term_string"}}],"inLanguage":"de"},{"@type":"Organization","@id":"https:\/\/amare-atelier.pl\/de\/#organization","name":"Amare Atelier \u2013 Modna Odzie\u017c Damska | Styl, Klasa, Kobieco\u015b\u0107","url":"https:\/\/amare-atelier.pl\/de\/","logo":{"@type":"ImageObject","inLanguage":"de","@id":"https:\/\/amare-atelier.pl\/de\/#\/schema\/logo\/image\/","url":"https:\/\/amare-atelier.pl\/wp-content\/uploads\/2025\/06\/amare-logo.svg","contentUrl":"https:\/\/amare-atelier.pl\/wp-content\/uploads\/2025\/06\/amare-logo.svg","width":578,"height":238,"caption":"Amare Atelier \u2013 Modna Odzie\u017c Damska | Styl, Klasa, Kobieco\u015b\u0107"},"image":{"@id":"https:\/\/amare-atelier.pl\/de\/#\/schema\/logo\/image\/"},"sameAs":["https:\/\/www.facebook.com\/profile.php?id=61577234792545","https:\/\/www.instagram.com\/amare___atelier\/"]}]}},"_links":{"self":[{"href":"https:\/\/amare-atelier.pl\/de\/wp-json\/wp\/v2\/product\/61663","targetHints":{"allow":["GET"]}}],"collection":[{"href":"https:\/\/amare-atelier.pl\/de\/wp-json\/wp\/v2\/product"}],"about":[{"href":"https:\/\/amare-atelier.pl\/de\/wp-json\/wp\/v2\/types\/product"}],"wp:featuredmedia":[{"embeddable":true,"href":"https:\/\/amare-atelier.pl\/de\/wp-json\/wp\/v2\/media\/61664"}],"wp:attachment":[{"href":"https:\/\/amare-atelier.pl\/de\/wp-json\/wp\/v2\/media?parent=61663"}],"wp:term":[{"taxonomy":"product_brand","embeddable":true,"href":"https:\/\/amare-atelier.pl\/de\/wp-json\/wp\/v2\/product_brand?post=61663"},{"taxonomy":"product_cat","embeddable":true,"href":"https:\/\/amare-atelier.pl\/de\/wp-json\/wp\/v2\/product_cat?post=61663"},{"taxonomy":"product_tag","embeddable":true,"href":"https:\/\/amare-atelier.pl\/de\/wp-json\/wp\/v2\/product_tag?post=61663"}],"curies":[{"name":"wp","href":"https:\/\/api.w.org\/{rel}","templated":true}]}}