{"id":61662,"date":"2025-07-31T16:06:16","date_gmt":"2025-07-31T14:06:16","guid":{"rendered":"https:\/\/amareprod.wpenginepowered.com\/produkt\/damen-velours-trainingsanzug-set-mit-kapuze-burgunderrot\/"},"modified":"2025-11-04T02:25:48","modified_gmt":"2025-11-04T01:25:48","slug":"damen-velours-trainingsanzug-set-mit-kapuze-burgunderrot","status":"publish","type":"product","link":"https:\/\/amare-atelier.pl\/de\/produkt\/damen-velours-trainingsanzug-set-mit-kapuze-burgunderrot\/","title":{"rendered":"Damen SET Velours-Trainingsanzug mit Kapuze &#8211; bordeauxfarben"},"content":{"rendered":"<p>Entscheiden Sie sich f\u00fcr Komfort und auff\u00e4lligen Stil! Unser Trainingsanzug f\u00fcr Damen aus weichem Velours in tiefem Burgunderrot ist die perfekte Wahl f\u00fcr jeden Tag. Das klassische Sweatshirt mit gro\u00dfer Kapuze und elastischem Kordelzug akzentuiert die Silhouette und sorgt f\u00fcr einen bequemen Sitz. Die taillierte Hose mit einer B\u00fcgelfalte am Ges\u00e4\u00df betont die weiblichen Kurven und garantiert einen einzigartigen Look sowohl f\u00fcr den Alltag als auch f\u00fcr sportliche Aktivit\u00e4ten. Das Set sieht toll aus mit Ihren Lieblingssneakers.    <\/p>\n","protected":false},"excerpt":{"rendered":"<p>Entscheiden Sie sich f\u00fcr Komfort und auff\u00e4lligen Stil! Unser Trainingsanzug f\u00fcr Damen aus weichem Velours in tiefem Burgunderrot ist die perfekte Wahl f\u00fcr jeden Tag. Das klassische Sweatshirt mit gro\u00dfer Kapuze und elastischem Kordelzug akzentuiert die Silhouette und sorgt f\u00fcr einen bequemen Sitz. Die taillierte Hose mit einer B\u00fcgelfalte am Ges\u00e4\u00df betont die weiblichen Kurven [&hellip;]<\/p>\n","protected":false},"featured_media":61665,"template":"","meta":{"inline_featured_image":false},"product_brand":[],"product_cat":[249],"product_tag":[],"class_list":{"0":"post-61662","1":"product","2":"type-product","3":"status-publish","4":"has-post-thumbnail","6":"product_cat-sets","9":"first","10":"instock","11":"shipping-taxable","12":"purchasable","13":"product-type-variable"},"yoast_head":"<!-- This site is optimized with the Yoast SEO plugin v26.3 - https:\/\/yoast.com\/wordpress\/plugins\/seo\/ -->\n<title>Damen SET Velours-Trainingsanzug mit Kapuze - bordeauxfarben - Amare Atelier \u2013 Modna Odzie\u017c Damska | Styl, Klasa, Kobieco\u015b\u0107<\/title>\n<meta name=\"robots\" content=\"index, follow, max-snippet:-1, max-image-preview:large, max-video-preview:-1\" \/>\n<link rel=\"canonical\" href=\"https:\/\/amare-atelier.pl\/de\/produkt\/damen-velours-trainingsanzug-set-mit-kapuze-burgunderrot\/\" \/>\n<meta property=\"og:locale\" content=\"de_DE\" \/>\n<meta property=\"og:type\" content=\"article\" \/>\n<meta property=\"og:title\" content=\"Damen SET Velours-Trainingsanzug mit Kapuze - bordeauxfarben - Amare Atelier \u2013 Modna Odzie\u017c Damska | Styl, Klasa, Kobieco\u015b\u0107\" \/>\n<meta property=\"og:description\" content=\"Entscheiden Sie sich f\u00fcr Komfort und auff\u00e4lligen Stil! Unser Trainingsanzug f\u00fcr Damen aus weichem Velours in tiefem Burgunderrot ist die perfekte Wahl f\u00fcr jeden Tag. Das klassische Sweatshirt mit gro\u00dfer Kapuze und elastischem Kordelzug akzentuiert die Silhouette und sorgt f\u00fcr einen bequemen Sitz. Die taillierte Hose mit einer B\u00fcgelfalte am Ges\u00e4\u00df betont die weiblichen Kurven [&hellip;]\" \/>\n<meta property=\"og:url\" content=\"https:\/\/amare-atelier.pl\/de\/produkt\/damen-velours-trainingsanzug-set-mit-kapuze-burgunderrot\/\" \/>\n<meta property=\"og:site_name\" content=\"Amare Atelier \u2013 Modna Odzie\u017c Damska | Styl, Klasa, Kobieco\u015b\u0107\" \/>\n<meta property=\"article:publisher\" content=\"https:\/\/www.facebook.com\/profile.php?id=61577234792545\" \/>\n<meta property=\"article:modified_time\" content=\"2025-11-04T01:25:48+00:00\" \/>\n<meta property=\"og:image\" content=\"https:\/\/amare-atelier.pl\/wp-content\/uploads\/2025\/07\/IMG_9257.jpeg\" \/>\n\t<meta property=\"og:image:width\" content=\"1206\" \/>\n\t<meta property=\"og:image:height\" content=\"1480\" \/>\n\t<meta property=\"og:image:type\" content=\"image\/jpeg\" \/>\n<meta name=\"twitter:card\" content=\"summary_large_image\" \/>\n<script type=\"application\/ld+json\" class=\"yoast-schema-graph\">{\"@context\":\"https:\/\/schema.org\",\"@graph\":[{\"@type\":\"WebPage\",\"@id\":\"https:\/\/amare-atelier.pl\/de\/produkt\/damen-velours-trainingsanzug-set-mit-kapuze-burgunderrot\/\",\"url\":\"https:\/\/amare-atelier.pl\/de\/produkt\/damen-velours-trainingsanzug-set-mit-kapuze-burgunderrot\/\",\"name\":\"Damen SET Velours-Trainingsanzug mit Kapuze - bordeauxfarben - Amare Atelier \u2013 Modna Odzie\u017c Damska | Styl, Klasa, Kobieco\u015b\u0107\",\"isPartOf\":{\"@id\":\"https:\/\/amare-atelier.pl\/de\/#website\"},\"primaryImageOfPage\":{\"@id\":\"https:\/\/amare-atelier.pl\/de\/produkt\/damen-velours-trainingsanzug-set-mit-kapuze-burgunderrot\/#primaryimage\"},\"image\":{\"@id\":\"https:\/\/amare-atelier.pl\/de\/produkt\/damen-velours-trainingsanzug-set-mit-kapuze-burgunderrot\/#primaryimage\"},\"thumbnailUrl\":\"https:\/\/amare-atelier.pl\/wp-content\/uploads\/2025\/07\/IMG_9257.jpeg\",\"datePublished\":\"2025-07-31T14:06:16+00:00\",\"dateModified\":\"2025-11-04T01:25:48+00:00\",\"breadcrumb\":{\"@id\":\"https:\/\/amare-atelier.pl\/de\/produkt\/damen-velours-trainingsanzug-set-mit-kapuze-burgunderrot\/#breadcrumb\"},\"inLanguage\":\"de\",\"potentialAction\":[{\"@type\":\"ReadAction\",\"target\":[\"https:\/\/amare-atelier.pl\/de\/produkt\/damen-velours-trainingsanzug-set-mit-kapuze-burgunderrot\/\"]}]},{\"@type\":\"ImageObject\",\"inLanguage\":\"de\",\"@id\":\"https:\/\/amare-atelier.pl\/de\/produkt\/damen-velours-trainingsanzug-set-mit-kapuze-burgunderrot\/#primaryimage\",\"url\":\"https:\/\/amare-atelier.pl\/wp-content\/uploads\/2025\/07\/IMG_9257.jpeg\",\"contentUrl\":\"https:\/\/amare-atelier.pl\/wp-content\/uploads\/2025\/07\/IMG_9257.jpeg\",\"width\":1206,\"height\":1480,\"caption\":\"Bildschirmfoto\"},{\"@type\":\"BreadcrumbList\",\"@id\":\"https:\/\/amare-atelier.pl\/de\/produkt\/damen-velours-trainingsanzug-set-mit-kapuze-burgunderrot\/#breadcrumb\",\"itemListElement\":[{\"@type\":\"ListItem\",\"position\":1,\"name\":\"Startseite\",\"item\":\"https:\/\/amare-atelier.pl\/de\/startseite\/\"},{\"@type\":\"ListItem\",\"position\":2,\"name\":\"Shop\",\"item\":\"https:\/\/amare-atelier.pl\/de\/shop\/\"},{\"@type\":\"ListItem\",\"position\":3,\"name\":\"Damen SET Velours-Trainingsanzug mit Kapuze &#8211; bordeauxfarben\"}]},{\"@type\":\"WebSite\",\"@id\":\"https:\/\/amare-atelier.pl\/de\/#website\",\"url\":\"https:\/\/amare-atelier.pl\/de\/\",\"name\":\"Amare Atelier \u2013 Modna Odzie\u017c Damska | Styl, Klasa, Kobieco\u015b\u0107\",\"description\":\"\",\"publisher\":{\"@id\":\"https:\/\/amare-atelier.pl\/de\/#organization\"},\"potentialAction\":[{\"@type\":\"SearchAction\",\"target\":{\"@type\":\"EntryPoint\",\"urlTemplate\":\"https:\/\/amare-atelier.pl\/de\/?s={search_term_string}\"},\"query-input\":{\"@type\":\"PropertyValueSpecification\",\"valueRequired\":true,\"valueName\":\"search_term_string\"}}],\"inLanguage\":\"de\"},{\"@type\":\"Organization\",\"@id\":\"https:\/\/amare-atelier.pl\/de\/#organization\",\"name\":\"Amare Atelier \u2013 Modna Odzie\u017c Damska | Styl, Klasa, Kobieco\u015b\u0107\",\"url\":\"https:\/\/amare-atelier.pl\/de\/\",\"logo\":{\"@type\":\"ImageObject\",\"inLanguage\":\"de\",\"@id\":\"https:\/\/amare-atelier.pl\/de\/#\/schema\/logo\/image\/\",\"url\":\"https:\/\/amare-atelier.pl\/wp-content\/uploads\/2025\/06\/amare-logo.svg\",\"contentUrl\":\"https:\/\/amare-atelier.pl\/wp-content\/uploads\/2025\/06\/amare-logo.svg\",\"width\":578,\"height\":238,\"caption\":\"Amare Atelier \u2013 Modna Odzie\u017c Damska | Styl, Klasa, Kobieco\u015b\u0107\"},\"image\":{\"@id\":\"https:\/\/amare-atelier.pl\/de\/#\/schema\/logo\/image\/\"},\"sameAs\":[\"https:\/\/www.facebook.com\/profile.php?id=61577234792545\",\"https:\/\/www.instagram.com\/amare___atelier\/\"]}]}<\/script>\n<!-- \/ Yoast SEO plugin. -->","yoast_head_json":{"title":"Damen SET Velours-Trainingsanzug mit Kapuze - bordeauxfarben - Amare Atelier \u2013 Modna Odzie\u017c Damska | Styl, Klasa, Kobieco\u015b\u0107","robots":{"index":"index","follow":"follow","max-snippet":"max-snippet:-1","max-image-preview":"max-image-preview:large","max-video-preview":"max-video-preview:-1"},"canonical":"https:\/\/amare-atelier.pl\/de\/produkt\/damen-velours-trainingsanzug-set-mit-kapuze-burgunderrot\/","og_locale":"de_DE","og_type":"article","og_title":"Damen SET Velours-Trainingsanzug mit Kapuze - bordeauxfarben - Amare Atelier \u2013 Modna Odzie\u017c Damska | Styl, Klasa, Kobieco\u015b\u0107","og_description":"Entscheiden Sie sich f\u00fcr Komfort und auff\u00e4lligen Stil! Unser Trainingsanzug f\u00fcr Damen aus weichem Velours in tiefem Burgunderrot ist die perfekte Wahl f\u00fcr jeden Tag. Das klassische Sweatshirt mit gro\u00dfer Kapuze und elastischem Kordelzug akzentuiert die Silhouette und sorgt f\u00fcr einen bequemen Sitz. Die taillierte Hose mit einer B\u00fcgelfalte am Ges\u00e4\u00df betont die weiblichen Kurven [&hellip;]","og_url":"https:\/\/amare-atelier.pl\/de\/produkt\/damen-velours-trainingsanzug-set-mit-kapuze-burgunderrot\/","og_site_name":"Amare Atelier \u2013 Modna Odzie\u017c Damska | Styl, Klasa, Kobieco\u015b\u0107","article_publisher":"https:\/\/www.facebook.com\/profile.php?id=61577234792545","article_modified_time":"2025-11-04T01:25:48+00:00","og_image":[{"width":1206,"height":1480,"url":"https:\/\/amare-atelier.pl\/wp-content\/uploads\/2025\/07\/IMG_9257.jpeg","type":"image\/jpeg"}],"twitter_card":"summary_large_image","schema":{"@context":"https:\/\/schema.org","@graph":[{"@type":"WebPage","@id":"https:\/\/amare-atelier.pl\/de\/produkt\/damen-velours-trainingsanzug-set-mit-kapuze-burgunderrot\/","url":"https:\/\/amare-atelier.pl\/de\/produkt\/damen-velours-trainingsanzug-set-mit-kapuze-burgunderrot\/","name":"Damen SET Velours-Trainingsanzug mit Kapuze - bordeauxfarben - Amare Atelier \u2013 Modna Odzie\u017c Damska | Styl, Klasa, Kobieco\u015b\u0107","isPartOf":{"@id":"https:\/\/amare-atelier.pl\/de\/#website"},"primaryImageOfPage":{"@id":"https:\/\/amare-atelier.pl\/de\/produkt\/damen-velours-trainingsanzug-set-mit-kapuze-burgunderrot\/#primaryimage"},"image":{"@id":"https:\/\/amare-atelier.pl\/de\/produkt\/damen-velours-trainingsanzug-set-mit-kapuze-burgunderrot\/#primaryimage"},"thumbnailUrl":"https:\/\/amare-atelier.pl\/wp-content\/uploads\/2025\/07\/IMG_9257.jpeg","datePublished":"2025-07-31T14:06:16+00:00","dateModified":"2025-11-04T01:25:48+00:00","breadcrumb":{"@id":"https:\/\/amare-atelier.pl\/de\/produkt\/damen-velours-trainingsanzug-set-mit-kapuze-burgunderrot\/#breadcrumb"},"inLanguage":"de","potentialAction":[{"@type":"ReadAction","target":["https:\/\/amare-atelier.pl\/de\/produkt\/damen-velours-trainingsanzug-set-mit-kapuze-burgunderrot\/"]}]},{"@type":"ImageObject","inLanguage":"de","@id":"https:\/\/amare-atelier.pl\/de\/produkt\/damen-velours-trainingsanzug-set-mit-kapuze-burgunderrot\/#primaryimage","url":"https:\/\/amare-atelier.pl\/wp-content\/uploads\/2025\/07\/IMG_9257.jpeg","contentUrl":"https:\/\/amare-atelier.pl\/wp-content\/uploads\/2025\/07\/IMG_9257.jpeg","width":1206,"height":1480,"caption":"Bildschirmfoto"},{"@type":"BreadcrumbList","@id":"https:\/\/amare-atelier.pl\/de\/produkt\/damen-velours-trainingsanzug-set-mit-kapuze-burgunderrot\/#breadcrumb","itemListElement":[{"@type":"ListItem","position":1,"name":"Startseite","item":"https:\/\/amare-atelier.pl\/de\/startseite\/"},{"@type":"ListItem","position":2,"name":"Shop","item":"https:\/\/amare-atelier.pl\/de\/shop\/"},{"@type":"ListItem","position":3,"name":"Damen SET Velours-Trainingsanzug mit Kapuze &#8211; bordeauxfarben"}]},{"@type":"WebSite","@id":"https:\/\/amare-atelier.pl\/de\/#website","url":"https:\/\/amare-atelier.pl\/de\/","name":"Amare Atelier \u2013 Modna Odzie\u017c Damska | Styl, Klasa, Kobieco\u015b\u0107","description":"","publisher":{"@id":"https:\/\/amare-atelier.pl\/de\/#organization"},"potentialAction":[{"@type":"SearchAction","target":{"@type":"EntryPoint","urlTemplate":"https:\/\/amare-atelier.pl\/de\/?s={search_term_string}"},"query-input":{"@type":"PropertyValueSpecification","valueRequired":true,"valueName":"search_term_string"}}],"inLanguage":"de"},{"@type":"Organization","@id":"https:\/\/amare-atelier.pl\/de\/#organization","name":"Amare Atelier \u2013 Modna Odzie\u017c Damska | Styl, Klasa, Kobieco\u015b\u0107","url":"https:\/\/amare-atelier.pl\/de\/","logo":{"@type":"ImageObject","inLanguage":"de","@id":"https:\/\/amare-atelier.pl\/de\/#\/schema\/logo\/image\/","url":"https:\/\/amare-atelier.pl\/wp-content\/uploads\/2025\/06\/amare-logo.svg","contentUrl":"https:\/\/amare-atelier.pl\/wp-content\/uploads\/2025\/06\/amare-logo.svg","width":578,"height":238,"caption":"Amare Atelier \u2013 Modna Odzie\u017c Damska | Styl, Klasa, Kobieco\u015b\u0107"},"image":{"@id":"https:\/\/amare-atelier.pl\/de\/#\/schema\/logo\/image\/"},"sameAs":["https:\/\/www.facebook.com\/profile.php?id=61577234792545","https:\/\/www.instagram.com\/amare___atelier\/"]}]}},"_links":{"self":[{"href":"https:\/\/amare-atelier.pl\/de\/wp-json\/wp\/v2\/product\/61662","targetHints":{"allow":["GET"]}}],"collection":[{"href":"https:\/\/amare-atelier.pl\/de\/wp-json\/wp\/v2\/product"}],"about":[{"href":"https:\/\/amare-atelier.pl\/de\/wp-json\/wp\/v2\/types\/product"}],"wp:featuredmedia":[{"embeddable":true,"href":"https:\/\/amare-atelier.pl\/de\/wp-json\/wp\/v2\/media\/61665"}],"wp:attachment":[{"href":"https:\/\/amare-atelier.pl\/de\/wp-json\/wp\/v2\/media?parent=61662"}],"wp:term":[{"taxonomy":"product_brand","embeddable":true,"href":"https:\/\/amare-atelier.pl\/de\/wp-json\/wp\/v2\/product_brand?post=61662"},{"taxonomy":"product_cat","embeddable":true,"href":"https:\/\/amare-atelier.pl\/de\/wp-json\/wp\/v2\/product_cat?post=61662"},{"taxonomy":"product_tag","embeddable":true,"href":"https:\/\/amare-atelier.pl\/de\/wp-json\/wp\/v2\/product_tag?post=61662"}],"curies":[{"name":"wp","href":"https:\/\/api.w.org\/{rel}","templated":true}]}}