{"id":61625,"date":"2025-08-26T14:44:30","date_gmt":"2025-08-26T12:44:30","guid":{"rendered":"https:\/\/amareprod.wpenginepowered.com\/produkt\/oversize-strickset-milchschokolade\/"},"modified":"2025-11-04T02:25:57","modified_gmt":"2025-11-04T01:25:57","slug":"oversize-strickset-milchschokolade","status":"publish","type":"product","link":"https:\/\/amare-atelier.pl\/de\/produkt\/oversize-strickset-milchschokolade\/","title":{"rendered":"Oversize-Strickset Melczna Chocolate"},"content":{"rendered":"<p>Elegantes Strickset in einem Milchschokoladenton, das Komfort und modernen Stil vereint. Es besteht aus einem kurzen Rock, der die Figur betont, und einem lockeren, \u00fcbergro\u00dfen Pullover mit weiten \u00c4rmeln. Der weiche Strick umh\u00fcllt den K\u00f6rper und macht das Set sowohl f\u00fcr den Alltag als auch f\u00fcr besondere Anl\u00e4sse ideal.  <\/p>\n<p>Das Set kann zusammen oder einzeln getragen werden, um eine Vielzahl von Looks zu kreieren &#8211; mit Stiefeln, Boots oder eleganten Sandalen. Ein Muss f\u00fcr Ihre Herbst-Winter-Garderobe, das Komfort mit zeitloser Eleganz verbindet. <\/p>\n","protected":false},"excerpt":{"rendered":"<p>Elegantes Strickset in einem Milchschokoladenton, das Komfort und modernen Stil vereint. Es besteht aus einem kurzen Rock, der die Figur betont, und einem lockeren, \u00fcbergro\u00dfen Pullover mit weiten \u00c4rmeln. Der weiche Strick umh\u00fcllt den K\u00f6rper und macht das Set sowohl f\u00fcr den Alltag als auch f\u00fcr besondere Anl\u00e4sse ideal. Das Set kann zusammen oder einzeln [&hellip;]<\/p>\n","protected":false},"featured_media":61627,"template":"","meta":{"inline_featured_image":false},"product_brand":[],"product_cat":[251,249],"product_tag":[],"class_list":{"0":"post-61625","1":"product","2":"type-product","3":"status-publish","4":"has-post-thumbnail","6":"product_cat-neuheiten","7":"product_cat-sets","10":"first","11":"instock","12":"shipping-taxable","13":"purchasable","14":"product-type-variable"},"yoast_head":"<!-- This site is optimized with the Yoast SEO plugin v26.3 - https:\/\/yoast.com\/wordpress\/plugins\/seo\/ -->\n<title>Oversize-Strickset Melczna Chocolate - Amare Atelier \u2013 Modna Odzie\u017c Damska | Styl, Klasa, Kobieco\u015b\u0107<\/title>\n<meta name=\"robots\" content=\"index, follow, max-snippet:-1, max-image-preview:large, max-video-preview:-1\" \/>\n<link rel=\"canonical\" href=\"https:\/\/amare-atelier.pl\/de\/produkt\/oversize-strickset-milchschokolade\/\" \/>\n<meta property=\"og:locale\" content=\"de_DE\" \/>\n<meta property=\"og:type\" content=\"article\" \/>\n<meta property=\"og:title\" content=\"Oversize-Strickset Melczna Chocolate - Amare Atelier \u2013 Modna Odzie\u017c Damska | Styl, Klasa, Kobieco\u015b\u0107\" \/>\n<meta property=\"og:description\" content=\"Elegantes Strickset in einem Milchschokoladenton, das Komfort und modernen Stil vereint. Es besteht aus einem kurzen Rock, der die Figur betont, und einem lockeren, \u00fcbergro\u00dfen Pullover mit weiten \u00c4rmeln. Der weiche Strick umh\u00fcllt den K\u00f6rper und macht das Set sowohl f\u00fcr den Alltag als auch f\u00fcr besondere Anl\u00e4sse ideal. Das Set kann zusammen oder einzeln [&hellip;]\" \/>\n<meta property=\"og:url\" content=\"https:\/\/amare-atelier.pl\/de\/produkt\/oversize-strickset-milchschokolade\/\" \/>\n<meta property=\"og:site_name\" content=\"Amare Atelier \u2013 Modna Odzie\u017c Damska | Styl, Klasa, Kobieco\u015b\u0107\" \/>\n<meta property=\"article:publisher\" content=\"https:\/\/www.facebook.com\/profile.php?id=61577234792545\" \/>\n<meta property=\"article:modified_time\" content=\"2025-11-04T01:25:57+00:00\" \/>\n<meta property=\"og:image\" content=\"https:\/\/amare-atelier.pl\/wp-content\/uploads\/2025\/08\/IMG_0260.jpeg\" \/>\n\t<meta property=\"og:image:width\" content=\"377\" \/>\n\t<meta property=\"og:image:height\" content=\"446\" \/>\n\t<meta property=\"og:image:type\" content=\"image\/jpeg\" \/>\n<meta name=\"twitter:card\" content=\"summary_large_image\" \/>\n<script type=\"application\/ld+json\" class=\"yoast-schema-graph\">{\"@context\":\"https:\/\/schema.org\",\"@graph\":[{\"@type\":\"WebPage\",\"@id\":\"https:\/\/amare-atelier.pl\/de\/produkt\/oversize-strickset-milchschokolade\/\",\"url\":\"https:\/\/amare-atelier.pl\/de\/produkt\/oversize-strickset-milchschokolade\/\",\"name\":\"Oversize-Strickset Melczna Chocolate - Amare Atelier \u2013 Modna Odzie\u017c Damska | Styl, Klasa, Kobieco\u015b\u0107\",\"isPartOf\":{\"@id\":\"https:\/\/amare-atelier.pl\/de\/#website\"},\"primaryImageOfPage\":{\"@id\":\"https:\/\/amare-atelier.pl\/de\/produkt\/oversize-strickset-milchschokolade\/#primaryimage\"},\"image\":{\"@id\":\"https:\/\/amare-atelier.pl\/de\/produkt\/oversize-strickset-milchschokolade\/#primaryimage\"},\"thumbnailUrl\":\"https:\/\/amare-atelier.pl\/wp-content\/uploads\/2025\/08\/IMG_0260.jpeg\",\"datePublished\":\"2025-08-26T12:44:30+00:00\",\"dateModified\":\"2025-11-04T01:25:57+00:00\",\"breadcrumb\":{\"@id\":\"https:\/\/amare-atelier.pl\/de\/produkt\/oversize-strickset-milchschokolade\/#breadcrumb\"},\"inLanguage\":\"de\",\"potentialAction\":[{\"@type\":\"ReadAction\",\"target\":[\"https:\/\/amare-atelier.pl\/de\/produkt\/oversize-strickset-milchschokolade\/\"]}]},{\"@type\":\"ImageObject\",\"inLanguage\":\"de\",\"@id\":\"https:\/\/amare-atelier.pl\/de\/produkt\/oversize-strickset-milchschokolade\/#primaryimage\",\"url\":\"https:\/\/amare-atelier.pl\/wp-content\/uploads\/2025\/08\/IMG_0260.jpeg\",\"contentUrl\":\"https:\/\/amare-atelier.pl\/wp-content\/uploads\/2025\/08\/IMG_0260.jpeg\",\"width\":377,\"height\":446},{\"@type\":\"BreadcrumbList\",\"@id\":\"https:\/\/amare-atelier.pl\/de\/produkt\/oversize-strickset-milchschokolade\/#breadcrumb\",\"itemListElement\":[{\"@type\":\"ListItem\",\"position\":1,\"name\":\"Startseite\",\"item\":\"https:\/\/amare-atelier.pl\/de\/startseite\/\"},{\"@type\":\"ListItem\",\"position\":2,\"name\":\"Shop\",\"item\":\"https:\/\/amare-atelier.pl\/de\/shop\/\"},{\"@type\":\"ListItem\",\"position\":3,\"name\":\"Oversize-Strickset Melczna Chocolate\"}]},{\"@type\":\"WebSite\",\"@id\":\"https:\/\/amare-atelier.pl\/de\/#website\",\"url\":\"https:\/\/amare-atelier.pl\/de\/\",\"name\":\"Amare Atelier \u2013 Modna Odzie\u017c Damska | Styl, Klasa, Kobieco\u015b\u0107\",\"description\":\"\",\"publisher\":{\"@id\":\"https:\/\/amare-atelier.pl\/de\/#organization\"},\"potentialAction\":[{\"@type\":\"SearchAction\",\"target\":{\"@type\":\"EntryPoint\",\"urlTemplate\":\"https:\/\/amare-atelier.pl\/de\/?s={search_term_string}\"},\"query-input\":{\"@type\":\"PropertyValueSpecification\",\"valueRequired\":true,\"valueName\":\"search_term_string\"}}],\"inLanguage\":\"de\"},{\"@type\":\"Organization\",\"@id\":\"https:\/\/amare-atelier.pl\/de\/#organization\",\"name\":\"Amare Atelier \u2013 Modna Odzie\u017c Damska | Styl, Klasa, Kobieco\u015b\u0107\",\"url\":\"https:\/\/amare-atelier.pl\/de\/\",\"logo\":{\"@type\":\"ImageObject\",\"inLanguage\":\"de\",\"@id\":\"https:\/\/amare-atelier.pl\/de\/#\/schema\/logo\/image\/\",\"url\":\"https:\/\/amare-atelier.pl\/wp-content\/uploads\/2025\/06\/amare-logo.svg\",\"contentUrl\":\"https:\/\/amare-atelier.pl\/wp-content\/uploads\/2025\/06\/amare-logo.svg\",\"width\":578,\"height\":238,\"caption\":\"Amare Atelier \u2013 Modna Odzie\u017c Damska | Styl, Klasa, Kobieco\u015b\u0107\"},\"image\":{\"@id\":\"https:\/\/amare-atelier.pl\/de\/#\/schema\/logo\/image\/\"},\"sameAs\":[\"https:\/\/www.facebook.com\/profile.php?id=61577234792545\",\"https:\/\/www.instagram.com\/amare___atelier\/\"]}]}<\/script>\n<!-- \/ Yoast SEO plugin. -->","yoast_head_json":{"title":"Oversize-Strickset Melczna Chocolate - Amare Atelier \u2013 Modna Odzie\u017c Damska | Styl, Klasa, Kobieco\u015b\u0107","robots":{"index":"index","follow":"follow","max-snippet":"max-snippet:-1","max-image-preview":"max-image-preview:large","max-video-preview":"max-video-preview:-1"},"canonical":"https:\/\/amare-atelier.pl\/de\/produkt\/oversize-strickset-milchschokolade\/","og_locale":"de_DE","og_type":"article","og_title":"Oversize-Strickset Melczna Chocolate - Amare Atelier \u2013 Modna Odzie\u017c Damska | Styl, Klasa, Kobieco\u015b\u0107","og_description":"Elegantes Strickset in einem Milchschokoladenton, das Komfort und modernen Stil vereint. Es besteht aus einem kurzen Rock, der die Figur betont, und einem lockeren, \u00fcbergro\u00dfen Pullover mit weiten \u00c4rmeln. Der weiche Strick umh\u00fcllt den K\u00f6rper und macht das Set sowohl f\u00fcr den Alltag als auch f\u00fcr besondere Anl\u00e4sse ideal. Das Set kann zusammen oder einzeln [&hellip;]","og_url":"https:\/\/amare-atelier.pl\/de\/produkt\/oversize-strickset-milchschokolade\/","og_site_name":"Amare Atelier \u2013 Modna Odzie\u017c Damska | Styl, Klasa, Kobieco\u015b\u0107","article_publisher":"https:\/\/www.facebook.com\/profile.php?id=61577234792545","article_modified_time":"2025-11-04T01:25:57+00:00","og_image":[{"width":377,"height":446,"url":"https:\/\/amare-atelier.pl\/wp-content\/uploads\/2025\/08\/IMG_0260.jpeg","type":"image\/jpeg"}],"twitter_card":"summary_large_image","schema":{"@context":"https:\/\/schema.org","@graph":[{"@type":"WebPage","@id":"https:\/\/amare-atelier.pl\/de\/produkt\/oversize-strickset-milchschokolade\/","url":"https:\/\/amare-atelier.pl\/de\/produkt\/oversize-strickset-milchschokolade\/","name":"Oversize-Strickset Melczna Chocolate - Amare Atelier \u2013 Modna Odzie\u017c Damska | Styl, Klasa, Kobieco\u015b\u0107","isPartOf":{"@id":"https:\/\/amare-atelier.pl\/de\/#website"},"primaryImageOfPage":{"@id":"https:\/\/amare-atelier.pl\/de\/produkt\/oversize-strickset-milchschokolade\/#primaryimage"},"image":{"@id":"https:\/\/amare-atelier.pl\/de\/produkt\/oversize-strickset-milchschokolade\/#primaryimage"},"thumbnailUrl":"https:\/\/amare-atelier.pl\/wp-content\/uploads\/2025\/08\/IMG_0260.jpeg","datePublished":"2025-08-26T12:44:30+00:00","dateModified":"2025-11-04T01:25:57+00:00","breadcrumb":{"@id":"https:\/\/amare-atelier.pl\/de\/produkt\/oversize-strickset-milchschokolade\/#breadcrumb"},"inLanguage":"de","potentialAction":[{"@type":"ReadAction","target":["https:\/\/amare-atelier.pl\/de\/produkt\/oversize-strickset-milchschokolade\/"]}]},{"@type":"ImageObject","inLanguage":"de","@id":"https:\/\/amare-atelier.pl\/de\/produkt\/oversize-strickset-milchschokolade\/#primaryimage","url":"https:\/\/amare-atelier.pl\/wp-content\/uploads\/2025\/08\/IMG_0260.jpeg","contentUrl":"https:\/\/amare-atelier.pl\/wp-content\/uploads\/2025\/08\/IMG_0260.jpeg","width":377,"height":446},{"@type":"BreadcrumbList","@id":"https:\/\/amare-atelier.pl\/de\/produkt\/oversize-strickset-milchschokolade\/#breadcrumb","itemListElement":[{"@type":"ListItem","position":1,"name":"Startseite","item":"https:\/\/amare-atelier.pl\/de\/startseite\/"},{"@type":"ListItem","position":2,"name":"Shop","item":"https:\/\/amare-atelier.pl\/de\/shop\/"},{"@type":"ListItem","position":3,"name":"Oversize-Strickset Melczna Chocolate"}]},{"@type":"WebSite","@id":"https:\/\/amare-atelier.pl\/de\/#website","url":"https:\/\/amare-atelier.pl\/de\/","name":"Amare Atelier \u2013 Modna Odzie\u017c Damska | Styl, Klasa, Kobieco\u015b\u0107","description":"","publisher":{"@id":"https:\/\/amare-atelier.pl\/de\/#organization"},"potentialAction":[{"@type":"SearchAction","target":{"@type":"EntryPoint","urlTemplate":"https:\/\/amare-atelier.pl\/de\/?s={search_term_string}"},"query-input":{"@type":"PropertyValueSpecification","valueRequired":true,"valueName":"search_term_string"}}],"inLanguage":"de"},{"@type":"Organization","@id":"https:\/\/amare-atelier.pl\/de\/#organization","name":"Amare Atelier \u2013 Modna Odzie\u017c Damska | Styl, Klasa, Kobieco\u015b\u0107","url":"https:\/\/amare-atelier.pl\/de\/","logo":{"@type":"ImageObject","inLanguage":"de","@id":"https:\/\/amare-atelier.pl\/de\/#\/schema\/logo\/image\/","url":"https:\/\/amare-atelier.pl\/wp-content\/uploads\/2025\/06\/amare-logo.svg","contentUrl":"https:\/\/amare-atelier.pl\/wp-content\/uploads\/2025\/06\/amare-logo.svg","width":578,"height":238,"caption":"Amare Atelier \u2013 Modna Odzie\u017c Damska | Styl, Klasa, Kobieco\u015b\u0107"},"image":{"@id":"https:\/\/amare-atelier.pl\/de\/#\/schema\/logo\/image\/"},"sameAs":["https:\/\/www.facebook.com\/profile.php?id=61577234792545","https:\/\/www.instagram.com\/amare___atelier\/"]}]}},"_links":{"self":[{"href":"https:\/\/amare-atelier.pl\/de\/wp-json\/wp\/v2\/product\/61625","targetHints":{"allow":["GET"]}}],"collection":[{"href":"https:\/\/amare-atelier.pl\/de\/wp-json\/wp\/v2\/product"}],"about":[{"href":"https:\/\/amare-atelier.pl\/de\/wp-json\/wp\/v2\/types\/product"}],"wp:featuredmedia":[{"embeddable":true,"href":"https:\/\/amare-atelier.pl\/de\/wp-json\/wp\/v2\/media\/61627"}],"wp:attachment":[{"href":"https:\/\/amare-atelier.pl\/de\/wp-json\/wp\/v2\/media?parent=61625"}],"wp:term":[{"taxonomy":"product_brand","embeddable":true,"href":"https:\/\/amare-atelier.pl\/de\/wp-json\/wp\/v2\/product_brand?post=61625"},{"taxonomy":"product_cat","embeddable":true,"href":"https:\/\/amare-atelier.pl\/de\/wp-json\/wp\/v2\/product_cat?post=61625"},{"taxonomy":"product_tag","embeddable":true,"href":"https:\/\/amare-atelier.pl\/de\/wp-json\/wp\/v2\/product_tag?post=61625"}],"curies":[{"name":"wp","href":"https:\/\/api.w.org\/{rel}","templated":true}]}}