{"id":61602,"date":"2025-09-03T10:48:46","date_gmt":"2025-09-03T08:48:46","guid":{"rendered":"https:\/\/amareprod.wpenginepowered.com\/produkt\/cozy-cloud-pullover-kuschelig-in-weiss\/"},"modified":"2025-11-04T02:26:19","modified_gmt":"2025-11-04T01:26:19","slug":"cozy-cloud-pullover-kuschelig-in-weiss","status":"publish","type":"product","link":"https:\/\/amare-atelier.pl\/de\/produkt\/cozy-cloud-pullover-kuschelig-in-weiss\/","title":{"rendered":"Cozy Cloud Pullover &#8211; ein Wrap in Wei\u00df"},"content":{"rendered":"<p>Der weiche, lange Pullover von Cozy Cloud ist die Quintessenz von Komfort und Stil. Seine \u00fcbergro\u00dfe Passform sorgt f\u00fcr Entspannung, w\u00e4hrend die flauschige Textur Sie einh\u00fcllt wie eine weiche Decke. Er passt perfekt zu Jeans, einem Kleid oder zum Chillout zu Hause, wann immer Sie sich bequem und feminin f\u00fchlen wollen.  <\/p>\n<p>&#8211; Maxi-L\u00e4nge &#8211; leichte und elegante Wirkung<\/p>\n<p>&#8211; Oversize-Schnitt f\u00fcr alle K\u00f6rperformen<\/p>\n<p>&#8211; extrem weiches und angenehm zu ber\u00fchrendes Material<\/p>\n<p>&#8211; Ein vielseitiger Wei\u00dfton &#8211; erhellt jeden Look<\/p>\n","protected":false},"excerpt":{"rendered":"<p>Der weiche, lange Pullover von Cozy Cloud ist die Quintessenz von Komfort und Stil. Seine \u00fcbergro\u00dfe Passform sorgt f\u00fcr Entspannung, w\u00e4hrend die flauschige Textur Sie einh\u00fcllt wie eine weiche Decke. Er passt perfekt zu Jeans, einem Kleid oder zum Chillout zu Hause, wann immer Sie sich bequem und feminin f\u00fchlen wollen. &#8211; Maxi-L\u00e4nge &#8211; leichte [&hellip;]<\/p>\n","protected":false},"featured_media":61603,"template":"","meta":{"inline_featured_image":false},"product_brand":[],"product_cat":[251,260],"product_tag":[],"class_list":{"0":"post-61602","1":"product","2":"type-product","3":"status-publish","4":"has-post-thumbnail","6":"product_cat-neuheiten","7":"product_cat-pullover","10":"first","11":"outofstock","12":"shipping-taxable","13":"purchasable","14":"product-type-variable"},"yoast_head":"<!-- This site is optimized with the Yoast SEO plugin v26.3 - https:\/\/yoast.com\/wordpress\/plugins\/seo\/ -->\n<title>Cozy Cloud Pullover - ein Wrap in Wei\u00df - Amare Atelier \u2013 Modna Odzie\u017c Damska | Styl, Klasa, Kobieco\u015b\u0107<\/title>\n<meta name=\"robots\" content=\"index, follow, max-snippet:-1, max-image-preview:large, max-video-preview:-1\" \/>\n<link rel=\"canonical\" href=\"https:\/\/amare-atelier.pl\/de\/produkt\/cozy-cloud-pullover-kuschelig-in-weiss\/\" \/>\n<meta property=\"og:locale\" content=\"de_DE\" \/>\n<meta property=\"og:type\" content=\"article\" \/>\n<meta property=\"og:title\" content=\"Cozy Cloud Pullover - ein Wrap in Wei\u00df - Amare Atelier \u2013 Modna Odzie\u017c Damska | Styl, Klasa, Kobieco\u015b\u0107\" \/>\n<meta property=\"og:description\" content=\"Der weiche, lange Pullover von Cozy Cloud ist die Quintessenz von Komfort und Stil. Seine \u00fcbergro\u00dfe Passform sorgt f\u00fcr Entspannung, w\u00e4hrend die flauschige Textur Sie einh\u00fcllt wie eine weiche Decke. Er passt perfekt zu Jeans, einem Kleid oder zum Chillout zu Hause, wann immer Sie sich bequem und feminin f\u00fchlen wollen. &#8211; Maxi-L\u00e4nge &#8211; leichte [&hellip;]\" \/>\n<meta property=\"og:url\" content=\"https:\/\/amare-atelier.pl\/de\/produkt\/cozy-cloud-pullover-kuschelig-in-weiss\/\" \/>\n<meta property=\"og:site_name\" content=\"Amare Atelier \u2013 Modna Odzie\u017c Damska | Styl, Klasa, Kobieco\u015b\u0107\" \/>\n<meta property=\"article:publisher\" content=\"https:\/\/www.facebook.com\/profile.php?id=61577234792545\" \/>\n<meta property=\"article:modified_time\" content=\"2025-11-04T01:26:19+00:00\" \/>\n<meta property=\"og:image\" content=\"https:\/\/amare-atelier.pl\/wp-content\/uploads\/2025\/09\/IMG_0409.jpeg\" \/>\n\t<meta property=\"og:image:width\" content=\"640\" \/>\n\t<meta property=\"og:image:height\" content=\"960\" \/>\n\t<meta property=\"og:image:type\" content=\"image\/jpeg\" \/>\n<meta name=\"twitter:card\" content=\"summary_large_image\" \/>\n<script type=\"application\/ld+json\" class=\"yoast-schema-graph\">{\"@context\":\"https:\/\/schema.org\",\"@graph\":[{\"@type\":\"WebPage\",\"@id\":\"https:\/\/amare-atelier.pl\/de\/produkt\/cozy-cloud-pullover-kuschelig-in-weiss\/\",\"url\":\"https:\/\/amare-atelier.pl\/de\/produkt\/cozy-cloud-pullover-kuschelig-in-weiss\/\",\"name\":\"Cozy Cloud Pullover - ein Wrap in Wei\u00df - Amare Atelier \u2013 Modna Odzie\u017c Damska | Styl, Klasa, Kobieco\u015b\u0107\",\"isPartOf\":{\"@id\":\"https:\/\/amare-atelier.pl\/de\/#website\"},\"primaryImageOfPage\":{\"@id\":\"https:\/\/amare-atelier.pl\/de\/produkt\/cozy-cloud-pullover-kuschelig-in-weiss\/#primaryimage\"},\"image\":{\"@id\":\"https:\/\/amare-atelier.pl\/de\/produkt\/cozy-cloud-pullover-kuschelig-in-weiss\/#primaryimage\"},\"thumbnailUrl\":\"https:\/\/amare-atelier.pl\/wp-content\/uploads\/2025\/09\/IMG_0409.jpeg\",\"datePublished\":\"2025-09-03T08:48:46+00:00\",\"dateModified\":\"2025-11-04T01:26:19+00:00\",\"breadcrumb\":{\"@id\":\"https:\/\/amare-atelier.pl\/de\/produkt\/cozy-cloud-pullover-kuschelig-in-weiss\/#breadcrumb\"},\"inLanguage\":\"de\",\"potentialAction\":[{\"@type\":\"ReadAction\",\"target\":[\"https:\/\/amare-atelier.pl\/de\/produkt\/cozy-cloud-pullover-kuschelig-in-weiss\/\"]}]},{\"@type\":\"ImageObject\",\"inLanguage\":\"de\",\"@id\":\"https:\/\/amare-atelier.pl\/de\/produkt\/cozy-cloud-pullover-kuschelig-in-weiss\/#primaryimage\",\"url\":\"https:\/\/amare-atelier.pl\/wp-content\/uploads\/2025\/09\/IMG_0409.jpeg\",\"contentUrl\":\"https:\/\/amare-atelier.pl\/wp-content\/uploads\/2025\/09\/IMG_0409.jpeg\",\"width\":640,\"height\":960},{\"@type\":\"BreadcrumbList\",\"@id\":\"https:\/\/amare-atelier.pl\/de\/produkt\/cozy-cloud-pullover-kuschelig-in-weiss\/#breadcrumb\",\"itemListElement\":[{\"@type\":\"ListItem\",\"position\":1,\"name\":\"Startseite\",\"item\":\"https:\/\/amare-atelier.pl\/de\/startseite\/\"},{\"@type\":\"ListItem\",\"position\":2,\"name\":\"Shop\",\"item\":\"https:\/\/amare-atelier.pl\/de\/shop\/\"},{\"@type\":\"ListItem\",\"position\":3,\"name\":\"Cozy Cloud Pullover &#8211; ein Wrap in Wei\u00df\"}]},{\"@type\":\"WebSite\",\"@id\":\"https:\/\/amare-atelier.pl\/de\/#website\",\"url\":\"https:\/\/amare-atelier.pl\/de\/\",\"name\":\"Amare Atelier \u2013 Modna Odzie\u017c Damska | Styl, Klasa, Kobieco\u015b\u0107\",\"description\":\"\",\"publisher\":{\"@id\":\"https:\/\/amare-atelier.pl\/de\/#organization\"},\"potentialAction\":[{\"@type\":\"SearchAction\",\"target\":{\"@type\":\"EntryPoint\",\"urlTemplate\":\"https:\/\/amare-atelier.pl\/de\/?s={search_term_string}\"},\"query-input\":{\"@type\":\"PropertyValueSpecification\",\"valueRequired\":true,\"valueName\":\"search_term_string\"}}],\"inLanguage\":\"de\"},{\"@type\":\"Organization\",\"@id\":\"https:\/\/amare-atelier.pl\/de\/#organization\",\"name\":\"Amare Atelier \u2013 Modna Odzie\u017c Damska | Styl, Klasa, Kobieco\u015b\u0107\",\"url\":\"https:\/\/amare-atelier.pl\/de\/\",\"logo\":{\"@type\":\"ImageObject\",\"inLanguage\":\"de\",\"@id\":\"https:\/\/amare-atelier.pl\/de\/#\/schema\/logo\/image\/\",\"url\":\"https:\/\/amare-atelier.pl\/wp-content\/uploads\/2025\/06\/amare-logo.svg\",\"contentUrl\":\"https:\/\/amare-atelier.pl\/wp-content\/uploads\/2025\/06\/amare-logo.svg\",\"width\":578,\"height\":238,\"caption\":\"Amare Atelier \u2013 Modna Odzie\u017c Damska | Styl, Klasa, Kobieco\u015b\u0107\"},\"image\":{\"@id\":\"https:\/\/amare-atelier.pl\/de\/#\/schema\/logo\/image\/\"},\"sameAs\":[\"https:\/\/www.facebook.com\/profile.php?id=61577234792545\",\"https:\/\/www.instagram.com\/amare___atelier\/\"]}]}<\/script>\n<!-- \/ Yoast SEO plugin. -->","yoast_head_json":{"title":"Cozy Cloud Pullover - ein Wrap in Wei\u00df - Amare Atelier \u2013 Modna Odzie\u017c Damska | Styl, Klasa, Kobieco\u015b\u0107","robots":{"index":"index","follow":"follow","max-snippet":"max-snippet:-1","max-image-preview":"max-image-preview:large","max-video-preview":"max-video-preview:-1"},"canonical":"https:\/\/amare-atelier.pl\/de\/produkt\/cozy-cloud-pullover-kuschelig-in-weiss\/","og_locale":"de_DE","og_type":"article","og_title":"Cozy Cloud Pullover - ein Wrap in Wei\u00df - Amare Atelier \u2013 Modna Odzie\u017c Damska | Styl, Klasa, Kobieco\u015b\u0107","og_description":"Der weiche, lange Pullover von Cozy Cloud ist die Quintessenz von Komfort und Stil. Seine \u00fcbergro\u00dfe Passform sorgt f\u00fcr Entspannung, w\u00e4hrend die flauschige Textur Sie einh\u00fcllt wie eine weiche Decke. Er passt perfekt zu Jeans, einem Kleid oder zum Chillout zu Hause, wann immer Sie sich bequem und feminin f\u00fchlen wollen. &#8211; Maxi-L\u00e4nge &#8211; leichte [&hellip;]","og_url":"https:\/\/amare-atelier.pl\/de\/produkt\/cozy-cloud-pullover-kuschelig-in-weiss\/","og_site_name":"Amare Atelier \u2013 Modna Odzie\u017c Damska | Styl, Klasa, Kobieco\u015b\u0107","article_publisher":"https:\/\/www.facebook.com\/profile.php?id=61577234792545","article_modified_time":"2025-11-04T01:26:19+00:00","og_image":[{"width":640,"height":960,"url":"https:\/\/amare-atelier.pl\/wp-content\/uploads\/2025\/09\/IMG_0409.jpeg","type":"image\/jpeg"}],"twitter_card":"summary_large_image","schema":{"@context":"https:\/\/schema.org","@graph":[{"@type":"WebPage","@id":"https:\/\/amare-atelier.pl\/de\/produkt\/cozy-cloud-pullover-kuschelig-in-weiss\/","url":"https:\/\/amare-atelier.pl\/de\/produkt\/cozy-cloud-pullover-kuschelig-in-weiss\/","name":"Cozy Cloud Pullover - ein Wrap in Wei\u00df - Amare Atelier \u2013 Modna Odzie\u017c Damska | Styl, Klasa, Kobieco\u015b\u0107","isPartOf":{"@id":"https:\/\/amare-atelier.pl\/de\/#website"},"primaryImageOfPage":{"@id":"https:\/\/amare-atelier.pl\/de\/produkt\/cozy-cloud-pullover-kuschelig-in-weiss\/#primaryimage"},"image":{"@id":"https:\/\/amare-atelier.pl\/de\/produkt\/cozy-cloud-pullover-kuschelig-in-weiss\/#primaryimage"},"thumbnailUrl":"https:\/\/amare-atelier.pl\/wp-content\/uploads\/2025\/09\/IMG_0409.jpeg","datePublished":"2025-09-03T08:48:46+00:00","dateModified":"2025-11-04T01:26:19+00:00","breadcrumb":{"@id":"https:\/\/amare-atelier.pl\/de\/produkt\/cozy-cloud-pullover-kuschelig-in-weiss\/#breadcrumb"},"inLanguage":"de","potentialAction":[{"@type":"ReadAction","target":["https:\/\/amare-atelier.pl\/de\/produkt\/cozy-cloud-pullover-kuschelig-in-weiss\/"]}]},{"@type":"ImageObject","inLanguage":"de","@id":"https:\/\/amare-atelier.pl\/de\/produkt\/cozy-cloud-pullover-kuschelig-in-weiss\/#primaryimage","url":"https:\/\/amare-atelier.pl\/wp-content\/uploads\/2025\/09\/IMG_0409.jpeg","contentUrl":"https:\/\/amare-atelier.pl\/wp-content\/uploads\/2025\/09\/IMG_0409.jpeg","width":640,"height":960},{"@type":"BreadcrumbList","@id":"https:\/\/amare-atelier.pl\/de\/produkt\/cozy-cloud-pullover-kuschelig-in-weiss\/#breadcrumb","itemListElement":[{"@type":"ListItem","position":1,"name":"Startseite","item":"https:\/\/amare-atelier.pl\/de\/startseite\/"},{"@type":"ListItem","position":2,"name":"Shop","item":"https:\/\/amare-atelier.pl\/de\/shop\/"},{"@type":"ListItem","position":3,"name":"Cozy Cloud Pullover &#8211; ein Wrap in Wei\u00df"}]},{"@type":"WebSite","@id":"https:\/\/amare-atelier.pl\/de\/#website","url":"https:\/\/amare-atelier.pl\/de\/","name":"Amare Atelier \u2013 Modna Odzie\u017c Damska | Styl, Klasa, Kobieco\u015b\u0107","description":"","publisher":{"@id":"https:\/\/amare-atelier.pl\/de\/#organization"},"potentialAction":[{"@type":"SearchAction","target":{"@type":"EntryPoint","urlTemplate":"https:\/\/amare-atelier.pl\/de\/?s={search_term_string}"},"query-input":{"@type":"PropertyValueSpecification","valueRequired":true,"valueName":"search_term_string"}}],"inLanguage":"de"},{"@type":"Organization","@id":"https:\/\/amare-atelier.pl\/de\/#organization","name":"Amare Atelier \u2013 Modna Odzie\u017c Damska | Styl, Klasa, Kobieco\u015b\u0107","url":"https:\/\/amare-atelier.pl\/de\/","logo":{"@type":"ImageObject","inLanguage":"de","@id":"https:\/\/amare-atelier.pl\/de\/#\/schema\/logo\/image\/","url":"https:\/\/amare-atelier.pl\/wp-content\/uploads\/2025\/06\/amare-logo.svg","contentUrl":"https:\/\/amare-atelier.pl\/wp-content\/uploads\/2025\/06\/amare-logo.svg","width":578,"height":238,"caption":"Amare Atelier \u2013 Modna Odzie\u017c Damska | Styl, Klasa, Kobieco\u015b\u0107"},"image":{"@id":"https:\/\/amare-atelier.pl\/de\/#\/schema\/logo\/image\/"},"sameAs":["https:\/\/www.facebook.com\/profile.php?id=61577234792545","https:\/\/www.instagram.com\/amare___atelier\/"]}]}},"_links":{"self":[{"href":"https:\/\/amare-atelier.pl\/de\/wp-json\/wp\/v2\/product\/61602","targetHints":{"allow":["GET"]}}],"collection":[{"href":"https:\/\/amare-atelier.pl\/de\/wp-json\/wp\/v2\/product"}],"about":[{"href":"https:\/\/amare-atelier.pl\/de\/wp-json\/wp\/v2\/types\/product"}],"wp:featuredmedia":[{"embeddable":true,"href":"https:\/\/amare-atelier.pl\/de\/wp-json\/wp\/v2\/media\/61603"}],"wp:attachment":[{"href":"https:\/\/amare-atelier.pl\/de\/wp-json\/wp\/v2\/media?parent=61602"}],"wp:term":[{"taxonomy":"product_brand","embeddable":true,"href":"https:\/\/amare-atelier.pl\/de\/wp-json\/wp\/v2\/product_brand?post=61602"},{"taxonomy":"product_cat","embeddable":true,"href":"https:\/\/amare-atelier.pl\/de\/wp-json\/wp\/v2\/product_cat?post=61602"},{"taxonomy":"product_tag","embeddable":true,"href":"https:\/\/amare-atelier.pl\/de\/wp-json\/wp\/v2\/product_tag?post=61602"}],"curies":[{"name":"wp","href":"https:\/\/api.w.org\/{rel}","templated":true}]}}