{"id":61592,"date":"2025-09-03T10:52:04","date_gmt":"2025-09-03T08:52:04","guid":{"rendered":"https:\/\/amareprod.wpenginepowered.com\/produkt\/pullover-cozy-cocoa-kuschelig-in-schokoladenfarbe\/"},"modified":"2025-11-04T02:26:20","modified_gmt":"2025-11-04T01:26:20","slug":"pullover-cozy-cocoa-kuschelig-in-schokoladenfarbe","status":"publish","type":"product","link":"https:\/\/amare-atelier.pl\/de\/produkt\/pullover-cozy-cocoa-kuschelig-in-schokoladenfarbe\/","title":{"rendered":"Kuscheliger Cocoa-Pullover &#8211; ein Wickel in einem Schokoladenton"},"content":{"rendered":"<p>Die Version Cozy Cocoa ist Gem\u00fctlichkeit in ihrer modernsten Form. Das tiefe, warme Braun unterstreicht den Charakter des Stylings und bringt einen Hauch von Eleganz ins Spiel, w\u00e4hrend es gleichzeitig einen l\u00e4ssigen, entspannten Charakter bewahrt. Perfekt f\u00fcr Herbst- und Wintertage, an denen Sie stilvoll aussehen, sich aber f\u00fchlen m\u00f6chten, als w\u00fcrden Sie Ihre Lieblingsdecke tragen.  <\/p>\n<p>&#8211; zeitlose Maxi-L\u00e4nge<\/p>\n<p>&#8211; braune Farbe &#8211; ideal f\u00fcr Beige, Schwarz und Denim<\/p>\n<p>&#8211; weich, warm und extrem bequem<\/p>\n<p>&#8211; ein Muss f\u00fcr k\u00e4ltere Tage<\/p>\n","protected":false},"excerpt":{"rendered":"<p>Die Version Cozy Cocoa ist Gem\u00fctlichkeit in ihrer modernsten Form. Das tiefe, warme Braun unterstreicht den Charakter des Stylings und bringt einen Hauch von Eleganz ins Spiel, w\u00e4hrend es gleichzeitig einen l\u00e4ssigen, entspannten Charakter bewahrt. Perfekt f\u00fcr Herbst- und Wintertage, an denen Sie stilvoll aussehen, sich aber f\u00fchlen m\u00f6chten, als w\u00fcrden Sie Ihre Lieblingsdecke tragen. [&hellip;]<\/p>\n","protected":false},"featured_media":61594,"template":"","meta":{"inline_featured_image":false},"product_brand":[],"product_cat":[251,260],"product_tag":[],"class_list":{"0":"post-61592","1":"product","2":"type-product","3":"status-publish","4":"has-post-thumbnail","6":"product_cat-neuheiten","7":"product_cat-pullover","10":"first","11":"instock","12":"shipping-taxable","13":"purchasable","14":"product-type-simple"},"yoast_head":"<!-- This site is optimized with the Yoast SEO plugin v26.3 - https:\/\/yoast.com\/wordpress\/plugins\/seo\/ -->\n<title>Kuscheliger Cocoa-Pullover - ein Wickel in einem Schokoladenton - Amare Atelier \u2013 Modna Odzie\u017c Damska | Styl, Klasa, Kobieco\u015b\u0107<\/title>\n<meta name=\"robots\" content=\"index, follow, max-snippet:-1, max-image-preview:large, max-video-preview:-1\" \/>\n<link rel=\"canonical\" href=\"https:\/\/amare-atelier.pl\/de\/produkt\/pullover-cozy-cocoa-kuschelig-in-schokoladenfarbe\/\" \/>\n<meta property=\"og:locale\" content=\"de_DE\" \/>\n<meta property=\"og:type\" content=\"article\" \/>\n<meta property=\"og:title\" content=\"Kuscheliger Cocoa-Pullover - ein Wickel in einem Schokoladenton - Amare Atelier \u2013 Modna Odzie\u017c Damska | Styl, Klasa, Kobieco\u015b\u0107\" \/>\n<meta property=\"og:description\" content=\"Die Version Cozy Cocoa ist Gem\u00fctlichkeit in ihrer modernsten Form. Das tiefe, warme Braun unterstreicht den Charakter des Stylings und bringt einen Hauch von Eleganz ins Spiel, w\u00e4hrend es gleichzeitig einen l\u00e4ssigen, entspannten Charakter bewahrt. Perfekt f\u00fcr Herbst- und Wintertage, an denen Sie stilvoll aussehen, sich aber f\u00fchlen m\u00f6chten, als w\u00fcrden Sie Ihre Lieblingsdecke tragen. [&hellip;]\" \/>\n<meta property=\"og:url\" content=\"https:\/\/amare-atelier.pl\/de\/produkt\/pullover-cozy-cocoa-kuschelig-in-schokoladenfarbe\/\" \/>\n<meta property=\"og:site_name\" content=\"Amare Atelier \u2013 Modna Odzie\u017c Damska | Styl, Klasa, Kobieco\u015b\u0107\" \/>\n<meta property=\"article:publisher\" content=\"https:\/\/www.facebook.com\/profile.php?id=61577234792545\" \/>\n<meta property=\"article:modified_time\" content=\"2025-11-04T01:26:20+00:00\" \/>\n<meta property=\"og:image\" content=\"https:\/\/amare-atelier.pl\/wp-content\/uploads\/2025\/09\/IMG_0410.jpeg\" \/>\n\t<meta property=\"og:image:width\" content=\"1366\" \/>\n\t<meta property=\"og:image:height\" content=\"2048\" \/>\n\t<meta property=\"og:image:type\" content=\"image\/jpeg\" \/>\n<meta name=\"twitter:card\" content=\"summary_large_image\" \/>\n<script type=\"application\/ld+json\" class=\"yoast-schema-graph\">{\"@context\":\"https:\/\/schema.org\",\"@graph\":[{\"@type\":\"WebPage\",\"@id\":\"https:\/\/amare-atelier.pl\/de\/produkt\/pullover-cozy-cocoa-kuschelig-in-schokoladenfarbe\/\",\"url\":\"https:\/\/amare-atelier.pl\/de\/produkt\/pullover-cozy-cocoa-kuschelig-in-schokoladenfarbe\/\",\"name\":\"Kuscheliger Cocoa-Pullover - ein Wickel in einem Schokoladenton - Amare Atelier \u2013 Modna Odzie\u017c Damska | Styl, Klasa, Kobieco\u015b\u0107\",\"isPartOf\":{\"@id\":\"https:\/\/amare-atelier.pl\/de\/#website\"},\"primaryImageOfPage\":{\"@id\":\"https:\/\/amare-atelier.pl\/de\/produkt\/pullover-cozy-cocoa-kuschelig-in-schokoladenfarbe\/#primaryimage\"},\"image\":{\"@id\":\"https:\/\/amare-atelier.pl\/de\/produkt\/pullover-cozy-cocoa-kuschelig-in-schokoladenfarbe\/#primaryimage\"},\"thumbnailUrl\":\"https:\/\/amare-atelier.pl\/wp-content\/uploads\/2025\/09\/IMG_0410.jpeg\",\"datePublished\":\"2025-09-03T08:52:04+00:00\",\"dateModified\":\"2025-11-04T01:26:20+00:00\",\"breadcrumb\":{\"@id\":\"https:\/\/amare-atelier.pl\/de\/produkt\/pullover-cozy-cocoa-kuschelig-in-schokoladenfarbe\/#breadcrumb\"},\"inLanguage\":\"de\",\"potentialAction\":[{\"@type\":\"ReadAction\",\"target\":[\"https:\/\/amare-atelier.pl\/de\/produkt\/pullover-cozy-cocoa-kuschelig-in-schokoladenfarbe\/\"]}]},{\"@type\":\"ImageObject\",\"inLanguage\":\"de\",\"@id\":\"https:\/\/amare-atelier.pl\/de\/produkt\/pullover-cozy-cocoa-kuschelig-in-schokoladenfarbe\/#primaryimage\",\"url\":\"https:\/\/amare-atelier.pl\/wp-content\/uploads\/2025\/09\/IMG_0410.jpeg\",\"contentUrl\":\"https:\/\/amare-atelier.pl\/wp-content\/uploads\/2025\/09\/IMG_0410.jpeg\",\"width\":1366,\"height\":2048},{\"@type\":\"BreadcrumbList\",\"@id\":\"https:\/\/amare-atelier.pl\/de\/produkt\/pullover-cozy-cocoa-kuschelig-in-schokoladenfarbe\/#breadcrumb\",\"itemListElement\":[{\"@type\":\"ListItem\",\"position\":1,\"name\":\"Startseite\",\"item\":\"https:\/\/amare-atelier.pl\/de\/startseite\/\"},{\"@type\":\"ListItem\",\"position\":2,\"name\":\"Shop\",\"item\":\"https:\/\/amare-atelier.pl\/de\/shop\/\"},{\"@type\":\"ListItem\",\"position\":3,\"name\":\"Kuscheliger Cocoa-Pullover &#8211; ein Wickel in einem Schokoladenton\"}]},{\"@type\":\"WebSite\",\"@id\":\"https:\/\/amare-atelier.pl\/de\/#website\",\"url\":\"https:\/\/amare-atelier.pl\/de\/\",\"name\":\"Amare Atelier \u2013 Modna Odzie\u017c Damska | Styl, Klasa, Kobieco\u015b\u0107\",\"description\":\"\",\"publisher\":{\"@id\":\"https:\/\/amare-atelier.pl\/de\/#organization\"},\"potentialAction\":[{\"@type\":\"SearchAction\",\"target\":{\"@type\":\"EntryPoint\",\"urlTemplate\":\"https:\/\/amare-atelier.pl\/de\/?s={search_term_string}\"},\"query-input\":{\"@type\":\"PropertyValueSpecification\",\"valueRequired\":true,\"valueName\":\"search_term_string\"}}],\"inLanguage\":\"de\"},{\"@type\":\"Organization\",\"@id\":\"https:\/\/amare-atelier.pl\/de\/#organization\",\"name\":\"Amare Atelier \u2013 Modna Odzie\u017c Damska | Styl, Klasa, Kobieco\u015b\u0107\",\"url\":\"https:\/\/amare-atelier.pl\/de\/\",\"logo\":{\"@type\":\"ImageObject\",\"inLanguage\":\"de\",\"@id\":\"https:\/\/amare-atelier.pl\/de\/#\/schema\/logo\/image\/\",\"url\":\"https:\/\/amare-atelier.pl\/wp-content\/uploads\/2025\/06\/amare-logo.svg\",\"contentUrl\":\"https:\/\/amare-atelier.pl\/wp-content\/uploads\/2025\/06\/amare-logo.svg\",\"width\":578,\"height\":238,\"caption\":\"Amare Atelier \u2013 Modna Odzie\u017c Damska | Styl, Klasa, Kobieco\u015b\u0107\"},\"image\":{\"@id\":\"https:\/\/amare-atelier.pl\/de\/#\/schema\/logo\/image\/\"},\"sameAs\":[\"https:\/\/www.facebook.com\/profile.php?id=61577234792545\",\"https:\/\/www.instagram.com\/amare___atelier\/\"]}]}<\/script>\n<!-- \/ Yoast SEO plugin. -->","yoast_head_json":{"title":"Kuscheliger Cocoa-Pullover - ein Wickel in einem Schokoladenton - Amare Atelier \u2013 Modna Odzie\u017c Damska | Styl, Klasa, Kobieco\u015b\u0107","robots":{"index":"index","follow":"follow","max-snippet":"max-snippet:-1","max-image-preview":"max-image-preview:large","max-video-preview":"max-video-preview:-1"},"canonical":"https:\/\/amare-atelier.pl\/de\/produkt\/pullover-cozy-cocoa-kuschelig-in-schokoladenfarbe\/","og_locale":"de_DE","og_type":"article","og_title":"Kuscheliger Cocoa-Pullover - ein Wickel in einem Schokoladenton - Amare Atelier \u2013 Modna Odzie\u017c Damska | Styl, Klasa, Kobieco\u015b\u0107","og_description":"Die Version Cozy Cocoa ist Gem\u00fctlichkeit in ihrer modernsten Form. Das tiefe, warme Braun unterstreicht den Charakter des Stylings und bringt einen Hauch von Eleganz ins Spiel, w\u00e4hrend es gleichzeitig einen l\u00e4ssigen, entspannten Charakter bewahrt. Perfekt f\u00fcr Herbst- und Wintertage, an denen Sie stilvoll aussehen, sich aber f\u00fchlen m\u00f6chten, als w\u00fcrden Sie Ihre Lieblingsdecke tragen. [&hellip;]","og_url":"https:\/\/amare-atelier.pl\/de\/produkt\/pullover-cozy-cocoa-kuschelig-in-schokoladenfarbe\/","og_site_name":"Amare Atelier \u2013 Modna Odzie\u017c Damska | Styl, Klasa, Kobieco\u015b\u0107","article_publisher":"https:\/\/www.facebook.com\/profile.php?id=61577234792545","article_modified_time":"2025-11-04T01:26:20+00:00","og_image":[{"width":1366,"height":2048,"url":"https:\/\/amare-atelier.pl\/wp-content\/uploads\/2025\/09\/IMG_0410.jpeg","type":"image\/jpeg"}],"twitter_card":"summary_large_image","schema":{"@context":"https:\/\/schema.org","@graph":[{"@type":"WebPage","@id":"https:\/\/amare-atelier.pl\/de\/produkt\/pullover-cozy-cocoa-kuschelig-in-schokoladenfarbe\/","url":"https:\/\/amare-atelier.pl\/de\/produkt\/pullover-cozy-cocoa-kuschelig-in-schokoladenfarbe\/","name":"Kuscheliger Cocoa-Pullover - ein Wickel in einem Schokoladenton - Amare Atelier \u2013 Modna Odzie\u017c Damska | Styl, Klasa, Kobieco\u015b\u0107","isPartOf":{"@id":"https:\/\/amare-atelier.pl\/de\/#website"},"primaryImageOfPage":{"@id":"https:\/\/amare-atelier.pl\/de\/produkt\/pullover-cozy-cocoa-kuschelig-in-schokoladenfarbe\/#primaryimage"},"image":{"@id":"https:\/\/amare-atelier.pl\/de\/produkt\/pullover-cozy-cocoa-kuschelig-in-schokoladenfarbe\/#primaryimage"},"thumbnailUrl":"https:\/\/amare-atelier.pl\/wp-content\/uploads\/2025\/09\/IMG_0410.jpeg","datePublished":"2025-09-03T08:52:04+00:00","dateModified":"2025-11-04T01:26:20+00:00","breadcrumb":{"@id":"https:\/\/amare-atelier.pl\/de\/produkt\/pullover-cozy-cocoa-kuschelig-in-schokoladenfarbe\/#breadcrumb"},"inLanguage":"de","potentialAction":[{"@type":"ReadAction","target":["https:\/\/amare-atelier.pl\/de\/produkt\/pullover-cozy-cocoa-kuschelig-in-schokoladenfarbe\/"]}]},{"@type":"ImageObject","inLanguage":"de","@id":"https:\/\/amare-atelier.pl\/de\/produkt\/pullover-cozy-cocoa-kuschelig-in-schokoladenfarbe\/#primaryimage","url":"https:\/\/amare-atelier.pl\/wp-content\/uploads\/2025\/09\/IMG_0410.jpeg","contentUrl":"https:\/\/amare-atelier.pl\/wp-content\/uploads\/2025\/09\/IMG_0410.jpeg","width":1366,"height":2048},{"@type":"BreadcrumbList","@id":"https:\/\/amare-atelier.pl\/de\/produkt\/pullover-cozy-cocoa-kuschelig-in-schokoladenfarbe\/#breadcrumb","itemListElement":[{"@type":"ListItem","position":1,"name":"Startseite","item":"https:\/\/amare-atelier.pl\/de\/startseite\/"},{"@type":"ListItem","position":2,"name":"Shop","item":"https:\/\/amare-atelier.pl\/de\/shop\/"},{"@type":"ListItem","position":3,"name":"Kuscheliger Cocoa-Pullover &#8211; ein Wickel in einem Schokoladenton"}]},{"@type":"WebSite","@id":"https:\/\/amare-atelier.pl\/de\/#website","url":"https:\/\/amare-atelier.pl\/de\/","name":"Amare Atelier \u2013 Modna Odzie\u017c Damska | Styl, Klasa, Kobieco\u015b\u0107","description":"","publisher":{"@id":"https:\/\/amare-atelier.pl\/de\/#organization"},"potentialAction":[{"@type":"SearchAction","target":{"@type":"EntryPoint","urlTemplate":"https:\/\/amare-atelier.pl\/de\/?s={search_term_string}"},"query-input":{"@type":"PropertyValueSpecification","valueRequired":true,"valueName":"search_term_string"}}],"inLanguage":"de"},{"@type":"Organization","@id":"https:\/\/amare-atelier.pl\/de\/#organization","name":"Amare Atelier \u2013 Modna Odzie\u017c Damska | Styl, Klasa, Kobieco\u015b\u0107","url":"https:\/\/amare-atelier.pl\/de\/","logo":{"@type":"ImageObject","inLanguage":"de","@id":"https:\/\/amare-atelier.pl\/de\/#\/schema\/logo\/image\/","url":"https:\/\/amare-atelier.pl\/wp-content\/uploads\/2025\/06\/amare-logo.svg","contentUrl":"https:\/\/amare-atelier.pl\/wp-content\/uploads\/2025\/06\/amare-logo.svg","width":578,"height":238,"caption":"Amare Atelier \u2013 Modna Odzie\u017c Damska | Styl, Klasa, Kobieco\u015b\u0107"},"image":{"@id":"https:\/\/amare-atelier.pl\/de\/#\/schema\/logo\/image\/"},"sameAs":["https:\/\/www.facebook.com\/profile.php?id=61577234792545","https:\/\/www.instagram.com\/amare___atelier\/"]}]}},"_links":{"self":[{"href":"https:\/\/amare-atelier.pl\/de\/wp-json\/wp\/v2\/product\/61592","targetHints":{"allow":["GET"]}}],"collection":[{"href":"https:\/\/amare-atelier.pl\/de\/wp-json\/wp\/v2\/product"}],"about":[{"href":"https:\/\/amare-atelier.pl\/de\/wp-json\/wp\/v2\/types\/product"}],"wp:featuredmedia":[{"embeddable":true,"href":"https:\/\/amare-atelier.pl\/de\/wp-json\/wp\/v2\/media\/61594"}],"wp:attachment":[{"href":"https:\/\/amare-atelier.pl\/de\/wp-json\/wp\/v2\/media?parent=61592"}],"wp:term":[{"taxonomy":"product_brand","embeddable":true,"href":"https:\/\/amare-atelier.pl\/de\/wp-json\/wp\/v2\/product_brand?post=61592"},{"taxonomy":"product_cat","embeddable":true,"href":"https:\/\/amare-atelier.pl\/de\/wp-json\/wp\/v2\/product_cat?post=61592"},{"taxonomy":"product_tag","embeddable":true,"href":"https:\/\/amare-atelier.pl\/de\/wp-json\/wp\/v2\/product_tag?post=61592"}],"curies":[{"name":"wp","href":"https:\/\/api.w.org\/{rel}","templated":true}]}}