{"id":61564,"date":"2025-09-25T15:46:23","date_gmt":"2025-09-25T13:46:23","guid":{"rendered":"https:\/\/amareprod.wpenginepowered.com\/produkt\/carmenbluse-mit-langen-aermeln-in-taupe\/"},"modified":"2026-03-24T17:54:27","modified_gmt":"2026-03-24T16:54:27","slug":"carmenbluse-mit-langen-aermeln-in-taupe","status":"publish","type":"product","link":"https:\/\/amare-atelier.pl\/de\/produkt\/carmenbluse-mit-langen-aermeln-in-taupe\/","title":{"rendered":"Lang\u00e4rmelige Spanga-Bluse in Taupe"},"content":{"rendered":"<p>Eine elegante Bluse mit einem verschlungenen Schnitt, der die Schulterlinie akzentuiert und jedem Outfit einen femininen Touch verleiht. Sie ist aus einem dehnbaren, angenehm zu tragenden Stoff gefertigt und passt sich wunderbar der Silhouette an. Lange \u00c4rmel und Drapierungen verleihen dem ganzen Look eine schicke und subtile L\u00e4ssigkeit. Perfekt zu Bleistiftr\u00f6cken und hoch taillierten Hosen gleicherma\u00dfen.   <\/p>\n<ul>\n<li>Farbe: Taupe (Braun mit einem Hauch von Grau)<\/li>\n<li>Schnitt: Spanisches Revers, offene Schultern<\/li>\n<li>Lange \u00c4rmel<\/li>\n<li>Elastisches Material, passt sich dem K\u00f6rper an<\/li>\n<\/ul>\n<p>Eine gro\u00dfartige Wahl f\u00fcr Meetings, Abendausfl\u00fcge oder elegante Alltagskleidung.<\/p>\n","protected":false},"excerpt":{"rendered":"<p>Eine elegante Bluse mit einem verschlungenen Schnitt, der die Schulterlinie akzentuiert und jedem Outfit einen femininen Touch verleiht. Sie ist aus einem dehnbaren, angenehm zu tragenden Stoff gefertigt und passt sich wunderbar der Silhouette an. Lange \u00c4rmel und Drapierungen verleihen dem ganzen Look eine schicke und subtile L\u00e4ssigkeit. Perfekt zu Bleistiftr\u00f6cken und hoch taillierten Hosen [&hellip;]<\/p>\n","protected":false},"featured_media":61566,"template":"","meta":{"inline_featured_image":false},"product_brand":[],"product_cat":[254,317],"product_tag":[],"class_list":{"0":"post-61564","1":"product","2":"type-product","3":"status-publish","4":"has-post-thumbnail","6":"product_cat-blusen","7":"product_cat-verkauf","10":"first","11":"instock","12":"sale","13":"shipping-taxable","14":"purchasable","15":"product-type-variable"},"yoast_head":"<!-- This site is optimized with the Yoast SEO plugin v26.3 - https:\/\/yoast.com\/wordpress\/plugins\/seo\/ -->\n<title>Lang\u00e4rmelige Spanga-Bluse in Taupe - Amare Atelier \u2013 Modna Odzie\u017c Damska | Styl, Klasa, Kobieco\u015b\u0107<\/title>\n<meta name=\"robots\" content=\"index, follow, max-snippet:-1, max-image-preview:large, max-video-preview:-1\" \/>\n<link rel=\"canonical\" href=\"https:\/\/amare-atelier.pl\/de\/produkt\/carmenbluse-mit-langen-aermeln-in-taupe\/\" \/>\n<meta property=\"og:locale\" content=\"de_DE\" \/>\n<meta property=\"og:type\" content=\"article\" \/>\n<meta property=\"og:title\" content=\"Lang\u00e4rmelige Spanga-Bluse in Taupe - Amare Atelier \u2013 Modna Odzie\u017c Damska | Styl, Klasa, Kobieco\u015b\u0107\" \/>\n<meta property=\"og:description\" content=\"Eine elegante Bluse mit einem verschlungenen Schnitt, der die Schulterlinie akzentuiert und jedem Outfit einen femininen Touch verleiht. Sie ist aus einem dehnbaren, angenehm zu tragenden Stoff gefertigt und passt sich wunderbar der Silhouette an. Lange \u00c4rmel und Drapierungen verleihen dem ganzen Look eine schicke und subtile L\u00e4ssigkeit. Perfekt zu Bleistiftr\u00f6cken und hoch taillierten Hosen [&hellip;]\" \/>\n<meta property=\"og:url\" content=\"https:\/\/amare-atelier.pl\/de\/produkt\/carmenbluse-mit-langen-aermeln-in-taupe\/\" \/>\n<meta property=\"og:site_name\" content=\"Amare Atelier \u2013 Modna Odzie\u017c Damska | Styl, Klasa, Kobieco\u015b\u0107\" \/>\n<meta property=\"article:publisher\" content=\"https:\/\/www.facebook.com\/profile.php?id=61577234792545\" \/>\n<meta property=\"article:modified_time\" content=\"2026-03-24T16:54:27+00:00\" \/>\n<meta property=\"og:image\" content=\"https:\/\/amare-atelier.pl\/wp-content\/uploads\/2025\/09\/9f870f93-716e-4f39-ac29-2987d1143aa4.jpeg\" \/>\n\t<meta property=\"og:image:width\" content=\"900\" \/>\n\t<meta property=\"og:image:height\" content=\"1600\" \/>\n\t<meta property=\"og:image:type\" content=\"image\/jpeg\" \/>\n<meta name=\"twitter:card\" content=\"summary_large_image\" \/>\n<script type=\"application\/ld+json\" class=\"yoast-schema-graph\">{\"@context\":\"https:\/\/schema.org\",\"@graph\":[{\"@type\":\"WebPage\",\"@id\":\"https:\/\/amare-atelier.pl\/de\/produkt\/carmenbluse-mit-langen-aermeln-in-taupe\/\",\"url\":\"https:\/\/amare-atelier.pl\/de\/produkt\/carmenbluse-mit-langen-aermeln-in-taupe\/\",\"name\":\"Lang\u00e4rmelige Spanga-Bluse in Taupe - Amare Atelier \u2013 Modna Odzie\u017c Damska | Styl, Klasa, Kobieco\u015b\u0107\",\"isPartOf\":{\"@id\":\"https:\/\/amare-atelier.pl\/de\/#website\"},\"primaryImageOfPage\":{\"@id\":\"https:\/\/amare-atelier.pl\/de\/produkt\/carmenbluse-mit-langen-aermeln-in-taupe\/#primaryimage\"},\"image\":{\"@id\":\"https:\/\/amare-atelier.pl\/de\/produkt\/carmenbluse-mit-langen-aermeln-in-taupe\/#primaryimage\"},\"thumbnailUrl\":\"https:\/\/amare-atelier.pl\/wp-content\/uploads\/2025\/09\/9f870f93-716e-4f39-ac29-2987d1143aa4.jpeg\",\"datePublished\":\"2025-09-25T13:46:23+00:00\",\"dateModified\":\"2026-03-24T16:54:27+00:00\",\"breadcrumb\":{\"@id\":\"https:\/\/amare-atelier.pl\/de\/produkt\/carmenbluse-mit-langen-aermeln-in-taupe\/#breadcrumb\"},\"inLanguage\":\"de\",\"potentialAction\":[{\"@type\":\"ReadAction\",\"target\":[\"https:\/\/amare-atelier.pl\/de\/produkt\/carmenbluse-mit-langen-aermeln-in-taupe\/\"]}]},{\"@type\":\"ImageObject\",\"inLanguage\":\"de\",\"@id\":\"https:\/\/amare-atelier.pl\/de\/produkt\/carmenbluse-mit-langen-aermeln-in-taupe\/#primaryimage\",\"url\":\"https:\/\/amare-atelier.pl\/wp-content\/uploads\/2025\/09\/9f870f93-716e-4f39-ac29-2987d1143aa4.jpeg\",\"contentUrl\":\"https:\/\/amare-atelier.pl\/wp-content\/uploads\/2025\/09\/9f870f93-716e-4f39-ac29-2987d1143aa4.jpeg\",\"width\":900,\"height\":1600},{\"@type\":\"BreadcrumbList\",\"@id\":\"https:\/\/amare-atelier.pl\/de\/produkt\/carmenbluse-mit-langen-aermeln-in-taupe\/#breadcrumb\",\"itemListElement\":[{\"@type\":\"ListItem\",\"position\":1,\"name\":\"Startseite\",\"item\":\"https:\/\/amare-atelier.pl\/de\/startseite\/\"},{\"@type\":\"ListItem\",\"position\":2,\"name\":\"Shop\",\"item\":\"https:\/\/amare-atelier.pl\/de\/shop\/\"},{\"@type\":\"ListItem\",\"position\":3,\"name\":\"Lang\u00e4rmelige Spanga-Bluse in Taupe\"}]},{\"@type\":\"WebSite\",\"@id\":\"https:\/\/amare-atelier.pl\/de\/#website\",\"url\":\"https:\/\/amare-atelier.pl\/de\/\",\"name\":\"Amare Atelier \u2013 Modna Odzie\u017c Damska | Styl, Klasa, Kobieco\u015b\u0107\",\"description\":\"\",\"publisher\":{\"@id\":\"https:\/\/amare-atelier.pl\/de\/#organization\"},\"potentialAction\":[{\"@type\":\"SearchAction\",\"target\":{\"@type\":\"EntryPoint\",\"urlTemplate\":\"https:\/\/amare-atelier.pl\/de\/?s={search_term_string}\"},\"query-input\":{\"@type\":\"PropertyValueSpecification\",\"valueRequired\":true,\"valueName\":\"search_term_string\"}}],\"inLanguage\":\"de\"},{\"@type\":\"Organization\",\"@id\":\"https:\/\/amare-atelier.pl\/de\/#organization\",\"name\":\"Amare Atelier \u2013 Modna Odzie\u017c Damska | Styl, Klasa, Kobieco\u015b\u0107\",\"url\":\"https:\/\/amare-atelier.pl\/de\/\",\"logo\":{\"@type\":\"ImageObject\",\"inLanguage\":\"de\",\"@id\":\"https:\/\/amare-atelier.pl\/de\/#\/schema\/logo\/image\/\",\"url\":\"https:\/\/amare-atelier.pl\/wp-content\/uploads\/2025\/06\/amare-logo.svg\",\"contentUrl\":\"https:\/\/amare-atelier.pl\/wp-content\/uploads\/2025\/06\/amare-logo.svg\",\"width\":578,\"height\":238,\"caption\":\"Amare Atelier \u2013 Modna Odzie\u017c Damska | Styl, Klasa, Kobieco\u015b\u0107\"},\"image\":{\"@id\":\"https:\/\/amare-atelier.pl\/de\/#\/schema\/logo\/image\/\"},\"sameAs\":[\"https:\/\/www.facebook.com\/profile.php?id=61577234792545\",\"https:\/\/www.instagram.com\/amare___atelier\/\"]}]}<\/script>\n<!-- \/ Yoast SEO plugin. -->","yoast_head_json":{"title":"Lang\u00e4rmelige Spanga-Bluse in Taupe - Amare Atelier \u2013 Modna Odzie\u017c Damska | Styl, Klasa, Kobieco\u015b\u0107","robots":{"index":"index","follow":"follow","max-snippet":"max-snippet:-1","max-image-preview":"max-image-preview:large","max-video-preview":"max-video-preview:-1"},"canonical":"https:\/\/amare-atelier.pl\/de\/produkt\/carmenbluse-mit-langen-aermeln-in-taupe\/","og_locale":"de_DE","og_type":"article","og_title":"Lang\u00e4rmelige Spanga-Bluse in Taupe - Amare Atelier \u2013 Modna Odzie\u017c Damska | Styl, Klasa, Kobieco\u015b\u0107","og_description":"Eine elegante Bluse mit einem verschlungenen Schnitt, der die Schulterlinie akzentuiert und jedem Outfit einen femininen Touch verleiht. Sie ist aus einem dehnbaren, angenehm zu tragenden Stoff gefertigt und passt sich wunderbar der Silhouette an. Lange \u00c4rmel und Drapierungen verleihen dem ganzen Look eine schicke und subtile L\u00e4ssigkeit. Perfekt zu Bleistiftr\u00f6cken und hoch taillierten Hosen [&hellip;]","og_url":"https:\/\/amare-atelier.pl\/de\/produkt\/carmenbluse-mit-langen-aermeln-in-taupe\/","og_site_name":"Amare Atelier \u2013 Modna Odzie\u017c Damska | Styl, Klasa, Kobieco\u015b\u0107","article_publisher":"https:\/\/www.facebook.com\/profile.php?id=61577234792545","article_modified_time":"2026-03-24T16:54:27+00:00","og_image":[{"width":900,"height":1600,"url":"https:\/\/amare-atelier.pl\/wp-content\/uploads\/2025\/09\/9f870f93-716e-4f39-ac29-2987d1143aa4.jpeg","type":"image\/jpeg"}],"twitter_card":"summary_large_image","schema":{"@context":"https:\/\/schema.org","@graph":[{"@type":"WebPage","@id":"https:\/\/amare-atelier.pl\/de\/produkt\/carmenbluse-mit-langen-aermeln-in-taupe\/","url":"https:\/\/amare-atelier.pl\/de\/produkt\/carmenbluse-mit-langen-aermeln-in-taupe\/","name":"Lang\u00e4rmelige Spanga-Bluse in Taupe - Amare Atelier \u2013 Modna Odzie\u017c Damska | Styl, Klasa, Kobieco\u015b\u0107","isPartOf":{"@id":"https:\/\/amare-atelier.pl\/de\/#website"},"primaryImageOfPage":{"@id":"https:\/\/amare-atelier.pl\/de\/produkt\/carmenbluse-mit-langen-aermeln-in-taupe\/#primaryimage"},"image":{"@id":"https:\/\/amare-atelier.pl\/de\/produkt\/carmenbluse-mit-langen-aermeln-in-taupe\/#primaryimage"},"thumbnailUrl":"https:\/\/amare-atelier.pl\/wp-content\/uploads\/2025\/09\/9f870f93-716e-4f39-ac29-2987d1143aa4.jpeg","datePublished":"2025-09-25T13:46:23+00:00","dateModified":"2026-03-24T16:54:27+00:00","breadcrumb":{"@id":"https:\/\/amare-atelier.pl\/de\/produkt\/carmenbluse-mit-langen-aermeln-in-taupe\/#breadcrumb"},"inLanguage":"de","potentialAction":[{"@type":"ReadAction","target":["https:\/\/amare-atelier.pl\/de\/produkt\/carmenbluse-mit-langen-aermeln-in-taupe\/"]}]},{"@type":"ImageObject","inLanguage":"de","@id":"https:\/\/amare-atelier.pl\/de\/produkt\/carmenbluse-mit-langen-aermeln-in-taupe\/#primaryimage","url":"https:\/\/amare-atelier.pl\/wp-content\/uploads\/2025\/09\/9f870f93-716e-4f39-ac29-2987d1143aa4.jpeg","contentUrl":"https:\/\/amare-atelier.pl\/wp-content\/uploads\/2025\/09\/9f870f93-716e-4f39-ac29-2987d1143aa4.jpeg","width":900,"height":1600},{"@type":"BreadcrumbList","@id":"https:\/\/amare-atelier.pl\/de\/produkt\/carmenbluse-mit-langen-aermeln-in-taupe\/#breadcrumb","itemListElement":[{"@type":"ListItem","position":1,"name":"Startseite","item":"https:\/\/amare-atelier.pl\/de\/startseite\/"},{"@type":"ListItem","position":2,"name":"Shop","item":"https:\/\/amare-atelier.pl\/de\/shop\/"},{"@type":"ListItem","position":3,"name":"Lang\u00e4rmelige Spanga-Bluse in Taupe"}]},{"@type":"WebSite","@id":"https:\/\/amare-atelier.pl\/de\/#website","url":"https:\/\/amare-atelier.pl\/de\/","name":"Amare Atelier \u2013 Modna Odzie\u017c Damska | Styl, Klasa, Kobieco\u015b\u0107","description":"","publisher":{"@id":"https:\/\/amare-atelier.pl\/de\/#organization"},"potentialAction":[{"@type":"SearchAction","target":{"@type":"EntryPoint","urlTemplate":"https:\/\/amare-atelier.pl\/de\/?s={search_term_string}"},"query-input":{"@type":"PropertyValueSpecification","valueRequired":true,"valueName":"search_term_string"}}],"inLanguage":"de"},{"@type":"Organization","@id":"https:\/\/amare-atelier.pl\/de\/#organization","name":"Amare Atelier \u2013 Modna Odzie\u017c Damska | Styl, Klasa, Kobieco\u015b\u0107","url":"https:\/\/amare-atelier.pl\/de\/","logo":{"@type":"ImageObject","inLanguage":"de","@id":"https:\/\/amare-atelier.pl\/de\/#\/schema\/logo\/image\/","url":"https:\/\/amare-atelier.pl\/wp-content\/uploads\/2025\/06\/amare-logo.svg","contentUrl":"https:\/\/amare-atelier.pl\/wp-content\/uploads\/2025\/06\/amare-logo.svg","width":578,"height":238,"caption":"Amare Atelier \u2013 Modna Odzie\u017c Damska | Styl, Klasa, Kobieco\u015b\u0107"},"image":{"@id":"https:\/\/amare-atelier.pl\/de\/#\/schema\/logo\/image\/"},"sameAs":["https:\/\/www.facebook.com\/profile.php?id=61577234792545","https:\/\/www.instagram.com\/amare___atelier\/"]}]}},"_links":{"self":[{"href":"https:\/\/amare-atelier.pl\/de\/wp-json\/wp\/v2\/product\/61564","targetHints":{"allow":["GET"]}}],"collection":[{"href":"https:\/\/amare-atelier.pl\/de\/wp-json\/wp\/v2\/product"}],"about":[{"href":"https:\/\/amare-atelier.pl\/de\/wp-json\/wp\/v2\/types\/product"}],"wp:featuredmedia":[{"embeddable":true,"href":"https:\/\/amare-atelier.pl\/de\/wp-json\/wp\/v2\/media\/61566"}],"wp:attachment":[{"href":"https:\/\/amare-atelier.pl\/de\/wp-json\/wp\/v2\/media?parent=61564"}],"wp:term":[{"taxonomy":"product_brand","embeddable":true,"href":"https:\/\/amare-atelier.pl\/de\/wp-json\/wp\/v2\/product_brand?post=61564"},{"taxonomy":"product_cat","embeddable":true,"href":"https:\/\/amare-atelier.pl\/de\/wp-json\/wp\/v2\/product_cat?post=61564"},{"taxonomy":"product_tag","embeddable":true,"href":"https:\/\/amare-atelier.pl\/de\/wp-json\/wp\/v2\/product_tag?post=61564"}],"curies":[{"name":"wp","href":"https:\/\/api.w.org\/{rel}","templated":true}]}}