{"id":61545,"date":"2025-10-09T12:15:57","date_gmt":"2025-10-09T10:15:57","guid":{"rendered":"https:\/\/amareprod.wpenginepowered.com\/produkt\/strickset-soft-elegance-grau\/"},"modified":"2025-11-04T02:27:16","modified_gmt":"2025-11-04T01:27:16","slug":"strickset-soft-elegance-grau","status":"publish","type":"product","link":"https:\/\/amare-atelier.pl\/de\/produkt\/strickset-soft-elegance-grau\/","title":{"rendered":"Soft Elegance Strickset &#8211; grau"},"content":{"rendered":"<p>Ein stilvolles und gem\u00fctliches Strick-Set in einem k\u00fchlen Grauton &#8211; die perfekte Wahl f\u00fcr Frauen, die Komfort auf elegante Weise zu sch\u00e4tzen wissen.<\/p>\n<p>Der weiche, dehnbare Stoff schmiegt sich wunderbar an die Figur an, und das taillierte Oberteil und die ausgestellte Hose bilden ein modernes, minimalistisches Set.<\/p>\n","protected":false},"excerpt":{"rendered":"<p>Ein stilvolles und gem\u00fctliches Strick-Set in einem k\u00fchlen Grauton &#8211; die perfekte Wahl f\u00fcr Frauen, die Komfort auf elegante Weise zu sch\u00e4tzen wissen. Der weiche, dehnbare Stoff schmiegt sich wunderbar an die Figur an, und das taillierte Oberteil und die ausgestellte Hose bilden ein modernes, minimalistisches Set.<\/p>\n","protected":false},"featured_media":61552,"template":"","meta":{"inline_featured_image":false},"product_brand":[],"product_cat":[251,249],"product_tag":[],"class_list":{"0":"post-61545","1":"product","2":"type-product","3":"status-publish","4":"has-post-thumbnail","6":"product_cat-neuheiten","7":"product_cat-sets","10":"first","11":"instock","12":"shipping-taxable","13":"purchasable","14":"product-type-variable"},"yoast_head":"<!-- This site is optimized with the Yoast SEO plugin v26.3 - https:\/\/yoast.com\/wordpress\/plugins\/seo\/ -->\n<title>Soft Elegance Strickset - grau - Amare Atelier \u2013 Modna Odzie\u017c Damska | Styl, Klasa, Kobieco\u015b\u0107<\/title>\n<meta name=\"robots\" content=\"index, follow, max-snippet:-1, max-image-preview:large, max-video-preview:-1\" \/>\n<link rel=\"canonical\" href=\"https:\/\/amare-atelier.pl\/de\/produkt\/strickset-soft-elegance-grau\/\" \/>\n<meta property=\"og:locale\" content=\"de_DE\" \/>\n<meta property=\"og:type\" content=\"article\" \/>\n<meta property=\"og:title\" content=\"Soft Elegance Strickset - grau - Amare Atelier \u2013 Modna Odzie\u017c Damska | Styl, Klasa, Kobieco\u015b\u0107\" \/>\n<meta property=\"og:description\" content=\"Ein stilvolles und gem\u00fctliches Strick-Set in einem k\u00fchlen Grauton &#8211; die perfekte Wahl f\u00fcr Frauen, die Komfort auf elegante Weise zu sch\u00e4tzen wissen. Der weiche, dehnbare Stoff schmiegt sich wunderbar an die Figur an, und das taillierte Oberteil und die ausgestellte Hose bilden ein modernes, minimalistisches Set.\" \/>\n<meta property=\"og:url\" content=\"https:\/\/amare-atelier.pl\/de\/produkt\/strickset-soft-elegance-grau\/\" \/>\n<meta property=\"og:site_name\" content=\"Amare Atelier \u2013 Modna Odzie\u017c Damska | Styl, Klasa, Kobieco\u015b\u0107\" \/>\n<meta property=\"article:publisher\" content=\"https:\/\/www.facebook.com\/profile.php?id=61577234792545\" \/>\n<meta property=\"article:modified_time\" content=\"2025-11-04T01:27:16+00:00\" \/>\n<meta property=\"og:image\" content=\"https:\/\/amare-atelier.pl\/wp-content\/uploads\/2025\/10\/IMG_1316.jpeg\" \/>\n\t<meta property=\"og:image:width\" content=\"1206\" \/>\n\t<meta property=\"og:image:height\" content=\"1587\" \/>\n\t<meta property=\"og:image:type\" content=\"image\/jpeg\" \/>\n<meta name=\"twitter:card\" content=\"summary_large_image\" \/>\n<script type=\"application\/ld+json\" class=\"yoast-schema-graph\">{\"@context\":\"https:\/\/schema.org\",\"@graph\":[{\"@type\":\"WebPage\",\"@id\":\"https:\/\/amare-atelier.pl\/de\/produkt\/strickset-soft-elegance-grau\/\",\"url\":\"https:\/\/amare-atelier.pl\/de\/produkt\/strickset-soft-elegance-grau\/\",\"name\":\"Soft Elegance Strickset - grau - Amare Atelier \u2013 Modna Odzie\u017c Damska | Styl, Klasa, Kobieco\u015b\u0107\",\"isPartOf\":{\"@id\":\"https:\/\/amare-atelier.pl\/de\/#website\"},\"primaryImageOfPage\":{\"@id\":\"https:\/\/amare-atelier.pl\/de\/produkt\/strickset-soft-elegance-grau\/#primaryimage\"},\"image\":{\"@id\":\"https:\/\/amare-atelier.pl\/de\/produkt\/strickset-soft-elegance-grau\/#primaryimage\"},\"thumbnailUrl\":\"https:\/\/amare-atelier.pl\/wp-content\/uploads\/2025\/10\/IMG_1316.jpeg\",\"datePublished\":\"2025-10-09T10:15:57+00:00\",\"dateModified\":\"2025-11-04T01:27:16+00:00\",\"breadcrumb\":{\"@id\":\"https:\/\/amare-atelier.pl\/de\/produkt\/strickset-soft-elegance-grau\/#breadcrumb\"},\"inLanguage\":\"de\",\"potentialAction\":[{\"@type\":\"ReadAction\",\"target\":[\"https:\/\/amare-atelier.pl\/de\/produkt\/strickset-soft-elegance-grau\/\"]}]},{\"@type\":\"ImageObject\",\"inLanguage\":\"de\",\"@id\":\"https:\/\/amare-atelier.pl\/de\/produkt\/strickset-soft-elegance-grau\/#primaryimage\",\"url\":\"https:\/\/amare-atelier.pl\/wp-content\/uploads\/2025\/10\/IMG_1316.jpeg\",\"contentUrl\":\"https:\/\/amare-atelier.pl\/wp-content\/uploads\/2025\/10\/IMG_1316.jpeg\",\"width\":1206,\"height\":1587,\"caption\":\"Bildschirmfoto\"},{\"@type\":\"BreadcrumbList\",\"@id\":\"https:\/\/amare-atelier.pl\/de\/produkt\/strickset-soft-elegance-grau\/#breadcrumb\",\"itemListElement\":[{\"@type\":\"ListItem\",\"position\":1,\"name\":\"Startseite\",\"item\":\"https:\/\/amare-atelier.pl\/de\/startseite\/\"},{\"@type\":\"ListItem\",\"position\":2,\"name\":\"Shop\",\"item\":\"https:\/\/amare-atelier.pl\/de\/shop\/\"},{\"@type\":\"ListItem\",\"position\":3,\"name\":\"Soft Elegance Strickset &#8211; grau\"}]},{\"@type\":\"WebSite\",\"@id\":\"https:\/\/amare-atelier.pl\/de\/#website\",\"url\":\"https:\/\/amare-atelier.pl\/de\/\",\"name\":\"Amare Atelier \u2013 Modna Odzie\u017c Damska | Styl, Klasa, Kobieco\u015b\u0107\",\"description\":\"\",\"publisher\":{\"@id\":\"https:\/\/amare-atelier.pl\/de\/#organization\"},\"potentialAction\":[{\"@type\":\"SearchAction\",\"target\":{\"@type\":\"EntryPoint\",\"urlTemplate\":\"https:\/\/amare-atelier.pl\/de\/?s={search_term_string}\"},\"query-input\":{\"@type\":\"PropertyValueSpecification\",\"valueRequired\":true,\"valueName\":\"search_term_string\"}}],\"inLanguage\":\"de\"},{\"@type\":\"Organization\",\"@id\":\"https:\/\/amare-atelier.pl\/de\/#organization\",\"name\":\"Amare Atelier \u2013 Modna Odzie\u017c Damska | Styl, Klasa, Kobieco\u015b\u0107\",\"url\":\"https:\/\/amare-atelier.pl\/de\/\",\"logo\":{\"@type\":\"ImageObject\",\"inLanguage\":\"de\",\"@id\":\"https:\/\/amare-atelier.pl\/de\/#\/schema\/logo\/image\/\",\"url\":\"https:\/\/amare-atelier.pl\/wp-content\/uploads\/2025\/06\/amare-logo.svg\",\"contentUrl\":\"https:\/\/amare-atelier.pl\/wp-content\/uploads\/2025\/06\/amare-logo.svg\",\"width\":578,\"height\":238,\"caption\":\"Amare Atelier \u2013 Modna Odzie\u017c Damska | Styl, Klasa, Kobieco\u015b\u0107\"},\"image\":{\"@id\":\"https:\/\/amare-atelier.pl\/de\/#\/schema\/logo\/image\/\"},\"sameAs\":[\"https:\/\/www.facebook.com\/profile.php?id=61577234792545\",\"https:\/\/www.instagram.com\/amare___atelier\/\"]}]}<\/script>\n<!-- \/ Yoast SEO plugin. -->","yoast_head_json":{"title":"Soft Elegance Strickset - grau - Amare Atelier \u2013 Modna Odzie\u017c Damska | Styl, Klasa, Kobieco\u015b\u0107","robots":{"index":"index","follow":"follow","max-snippet":"max-snippet:-1","max-image-preview":"max-image-preview:large","max-video-preview":"max-video-preview:-1"},"canonical":"https:\/\/amare-atelier.pl\/de\/produkt\/strickset-soft-elegance-grau\/","og_locale":"de_DE","og_type":"article","og_title":"Soft Elegance Strickset - grau - Amare Atelier \u2013 Modna Odzie\u017c Damska | Styl, Klasa, Kobieco\u015b\u0107","og_description":"Ein stilvolles und gem\u00fctliches Strick-Set in einem k\u00fchlen Grauton &#8211; die perfekte Wahl f\u00fcr Frauen, die Komfort auf elegante Weise zu sch\u00e4tzen wissen. Der weiche, dehnbare Stoff schmiegt sich wunderbar an die Figur an, und das taillierte Oberteil und die ausgestellte Hose bilden ein modernes, minimalistisches Set.","og_url":"https:\/\/amare-atelier.pl\/de\/produkt\/strickset-soft-elegance-grau\/","og_site_name":"Amare Atelier \u2013 Modna Odzie\u017c Damska | Styl, Klasa, Kobieco\u015b\u0107","article_publisher":"https:\/\/www.facebook.com\/profile.php?id=61577234792545","article_modified_time":"2025-11-04T01:27:16+00:00","og_image":[{"width":1206,"height":1587,"url":"https:\/\/amare-atelier.pl\/wp-content\/uploads\/2025\/10\/IMG_1316.jpeg","type":"image\/jpeg"}],"twitter_card":"summary_large_image","schema":{"@context":"https:\/\/schema.org","@graph":[{"@type":"WebPage","@id":"https:\/\/amare-atelier.pl\/de\/produkt\/strickset-soft-elegance-grau\/","url":"https:\/\/amare-atelier.pl\/de\/produkt\/strickset-soft-elegance-grau\/","name":"Soft Elegance Strickset - grau - Amare Atelier \u2013 Modna Odzie\u017c Damska | Styl, Klasa, Kobieco\u015b\u0107","isPartOf":{"@id":"https:\/\/amare-atelier.pl\/de\/#website"},"primaryImageOfPage":{"@id":"https:\/\/amare-atelier.pl\/de\/produkt\/strickset-soft-elegance-grau\/#primaryimage"},"image":{"@id":"https:\/\/amare-atelier.pl\/de\/produkt\/strickset-soft-elegance-grau\/#primaryimage"},"thumbnailUrl":"https:\/\/amare-atelier.pl\/wp-content\/uploads\/2025\/10\/IMG_1316.jpeg","datePublished":"2025-10-09T10:15:57+00:00","dateModified":"2025-11-04T01:27:16+00:00","breadcrumb":{"@id":"https:\/\/amare-atelier.pl\/de\/produkt\/strickset-soft-elegance-grau\/#breadcrumb"},"inLanguage":"de","potentialAction":[{"@type":"ReadAction","target":["https:\/\/amare-atelier.pl\/de\/produkt\/strickset-soft-elegance-grau\/"]}]},{"@type":"ImageObject","inLanguage":"de","@id":"https:\/\/amare-atelier.pl\/de\/produkt\/strickset-soft-elegance-grau\/#primaryimage","url":"https:\/\/amare-atelier.pl\/wp-content\/uploads\/2025\/10\/IMG_1316.jpeg","contentUrl":"https:\/\/amare-atelier.pl\/wp-content\/uploads\/2025\/10\/IMG_1316.jpeg","width":1206,"height":1587,"caption":"Bildschirmfoto"},{"@type":"BreadcrumbList","@id":"https:\/\/amare-atelier.pl\/de\/produkt\/strickset-soft-elegance-grau\/#breadcrumb","itemListElement":[{"@type":"ListItem","position":1,"name":"Startseite","item":"https:\/\/amare-atelier.pl\/de\/startseite\/"},{"@type":"ListItem","position":2,"name":"Shop","item":"https:\/\/amare-atelier.pl\/de\/shop\/"},{"@type":"ListItem","position":3,"name":"Soft Elegance Strickset &#8211; grau"}]},{"@type":"WebSite","@id":"https:\/\/amare-atelier.pl\/de\/#website","url":"https:\/\/amare-atelier.pl\/de\/","name":"Amare Atelier \u2013 Modna Odzie\u017c Damska | Styl, Klasa, Kobieco\u015b\u0107","description":"","publisher":{"@id":"https:\/\/amare-atelier.pl\/de\/#organization"},"potentialAction":[{"@type":"SearchAction","target":{"@type":"EntryPoint","urlTemplate":"https:\/\/amare-atelier.pl\/de\/?s={search_term_string}"},"query-input":{"@type":"PropertyValueSpecification","valueRequired":true,"valueName":"search_term_string"}}],"inLanguage":"de"},{"@type":"Organization","@id":"https:\/\/amare-atelier.pl\/de\/#organization","name":"Amare Atelier \u2013 Modna Odzie\u017c Damska | Styl, Klasa, Kobieco\u015b\u0107","url":"https:\/\/amare-atelier.pl\/de\/","logo":{"@type":"ImageObject","inLanguage":"de","@id":"https:\/\/amare-atelier.pl\/de\/#\/schema\/logo\/image\/","url":"https:\/\/amare-atelier.pl\/wp-content\/uploads\/2025\/06\/amare-logo.svg","contentUrl":"https:\/\/amare-atelier.pl\/wp-content\/uploads\/2025\/06\/amare-logo.svg","width":578,"height":238,"caption":"Amare Atelier \u2013 Modna Odzie\u017c Damska | Styl, Klasa, Kobieco\u015b\u0107"},"image":{"@id":"https:\/\/amare-atelier.pl\/de\/#\/schema\/logo\/image\/"},"sameAs":["https:\/\/www.facebook.com\/profile.php?id=61577234792545","https:\/\/www.instagram.com\/amare___atelier\/"]}]}},"_links":{"self":[{"href":"https:\/\/amare-atelier.pl\/de\/wp-json\/wp\/v2\/product\/61545","targetHints":{"allow":["GET"]}}],"collection":[{"href":"https:\/\/amare-atelier.pl\/de\/wp-json\/wp\/v2\/product"}],"about":[{"href":"https:\/\/amare-atelier.pl\/de\/wp-json\/wp\/v2\/types\/product"}],"wp:featuredmedia":[{"embeddable":true,"href":"https:\/\/amare-atelier.pl\/de\/wp-json\/wp\/v2\/media\/61552"}],"wp:attachment":[{"href":"https:\/\/amare-atelier.pl\/de\/wp-json\/wp\/v2\/media?parent=61545"}],"wp:term":[{"taxonomy":"product_brand","embeddable":true,"href":"https:\/\/amare-atelier.pl\/de\/wp-json\/wp\/v2\/product_brand?post=61545"},{"taxonomy":"product_cat","embeddable":true,"href":"https:\/\/amare-atelier.pl\/de\/wp-json\/wp\/v2\/product_cat?post=61545"},{"taxonomy":"product_tag","embeddable":true,"href":"https:\/\/amare-atelier.pl\/de\/wp-json\/wp\/v2\/product_tag?post=61545"}],"curies":[{"name":"wp","href":"https:\/\/api.w.org\/{rel}","templated":true}]}}