{"id":61544,"date":"2025-09-26T11:05:24","date_gmt":"2025-09-26T09:05:24","guid":{"rendered":"https:\/\/amareprod.wpenginepowered.com\/produkt\/grey-comfort-set-dreiteiliges-graues-set\/"},"modified":"2025-11-04T02:26:58","modified_gmt":"2025-11-04T01:26:58","slug":"grey-comfort-set-dreiteiliges-graues-set","status":"publish","type":"product","link":"https:\/\/amare-atelier.pl\/de\/produkt\/grey-comfort-set-dreiteiliges-graues-set\/","title":{"rendered":"Grey Comfort Set &#8211; dreiteiliges graues Set"},"content":{"rendered":"<p>Grau in seiner sch\u00f6nsten Form! Dieses dreiteilige Set ist eine Kombination aus Komfort und Stil. Das aufgekn\u00f6pfte Sweatshirt aus weicher Baumwolle wickelt Sie an k\u00e4lteren Tagen ein, der gerippte Kurzarm-Body betont sch\u00f6n die Silhouette und die Jogginghose mit gerippter Unterseite sorgt f\u00fcr einen sportlichen und doch eleganten Touch. Perfekt f\u00fcr den Alltag, zum Ausgehen oder zum Chillen zu Hause.   <\/p>\n","protected":false},"excerpt":{"rendered":"<p>Grau in seiner sch\u00f6nsten Form! Dieses dreiteilige Set ist eine Kombination aus Komfort und Stil. Das aufgekn\u00f6pfte Sweatshirt aus weicher Baumwolle wickelt Sie an k\u00e4lteren Tagen ein, der gerippte Kurzarm-Body betont sch\u00f6n die Silhouette und die Jogginghose mit gerippter Unterseite sorgt f\u00fcr einen sportlichen und doch eleganten Touch. Perfekt f\u00fcr den Alltag, zum Ausgehen oder [&hellip;]<\/p>\n","protected":false},"featured_media":61550,"template":"","meta":{"inline_featured_image":false},"product_brand":[],"product_cat":[150,133],"product_tag":[],"class_list":{"0":"post-61544","1":"product","2":"type-product","3":"status-publish","4":"has-post-thumbnail","6":"product_cat-nowosci","7":"product_cat-komplety","10":"first","11":"instock","12":"shipping-taxable","13":"purchasable","14":"product-type-variable"},"yoast_head":"<!-- This site is optimized with the Yoast SEO plugin v26.3 - https:\/\/yoast.com\/wordpress\/plugins\/seo\/ -->\n<title>Grey Comfort Set - dreiteiliges graues Set - Amare Atelier \u2013 Modna Odzie\u017c Damska | Styl, Klasa, Kobieco\u015b\u0107<\/title>\n<meta name=\"robots\" content=\"index, follow, max-snippet:-1, max-image-preview:large, max-video-preview:-1\" \/>\n<link rel=\"canonical\" href=\"https:\/\/amare-atelier.pl\/de\/produkt\/grey-comfort-set-dreiteiliges-graues-set\/\" \/>\n<meta property=\"og:locale\" content=\"de_DE\" \/>\n<meta property=\"og:type\" content=\"article\" \/>\n<meta property=\"og:title\" content=\"Grey Comfort Set - dreiteiliges graues Set - Amare Atelier \u2013 Modna Odzie\u017c Damska | Styl, Klasa, Kobieco\u015b\u0107\" \/>\n<meta property=\"og:description\" content=\"Grau in seiner sch\u00f6nsten Form! Dieses dreiteilige Set ist eine Kombination aus Komfort und Stil. Das aufgekn\u00f6pfte Sweatshirt aus weicher Baumwolle wickelt Sie an k\u00e4lteren Tagen ein, der gerippte Kurzarm-Body betont sch\u00f6n die Silhouette und die Jogginghose mit gerippter Unterseite sorgt f\u00fcr einen sportlichen und doch eleganten Touch. Perfekt f\u00fcr den Alltag, zum Ausgehen oder [&hellip;]\" \/>\n<meta property=\"og:url\" content=\"https:\/\/amare-atelier.pl\/de\/produkt\/grey-comfort-set-dreiteiliges-graues-set\/\" \/>\n<meta property=\"og:site_name\" content=\"Amare Atelier \u2013 Modna Odzie\u017c Damska | Styl, Klasa, Kobieco\u015b\u0107\" \/>\n<meta property=\"article:publisher\" content=\"https:\/\/www.facebook.com\/profile.php?id=61577234792545\" \/>\n<meta property=\"article:modified_time\" content=\"2025-11-04T01:26:58+00:00\" \/>\n<meta property=\"og:image\" content=\"https:\/\/amare-atelier.pl\/wp-content\/uploads\/2025\/09\/IMG_7998.jpeg\" \/>\n\t<meta property=\"og:image:width\" content=\"1320\" \/>\n\t<meta property=\"og:image:height\" content=\"2341\" \/>\n\t<meta property=\"og:image:type\" content=\"image\/jpeg\" \/>\n<meta name=\"twitter:card\" content=\"summary_large_image\" \/>\n<script type=\"application\/ld+json\" class=\"yoast-schema-graph\">{\"@context\":\"https:\/\/schema.org\",\"@graph\":[{\"@type\":\"WebPage\",\"@id\":\"https:\/\/amare-atelier.pl\/de\/produkt\/grey-comfort-set-dreiteiliges-graues-set\/\",\"url\":\"https:\/\/amare-atelier.pl\/de\/produkt\/grey-comfort-set-dreiteiliges-graues-set\/\",\"name\":\"Grey Comfort Set - dreiteiliges graues Set - Amare Atelier \u2013 Modna Odzie\u017c Damska | Styl, Klasa, Kobieco\u015b\u0107\",\"isPartOf\":{\"@id\":\"https:\/\/amare-atelier.pl\/de\/#website\"},\"primaryImageOfPage\":{\"@id\":\"https:\/\/amare-atelier.pl\/de\/produkt\/grey-comfort-set-dreiteiliges-graues-set\/#primaryimage\"},\"image\":{\"@id\":\"https:\/\/amare-atelier.pl\/de\/produkt\/grey-comfort-set-dreiteiliges-graues-set\/#primaryimage\"},\"thumbnailUrl\":\"https:\/\/amare-atelier.pl\/wp-content\/uploads\/2025\/09\/IMG_7998.jpeg\",\"datePublished\":\"2025-09-26T09:05:24+00:00\",\"dateModified\":\"2025-11-04T01:26:58+00:00\",\"breadcrumb\":{\"@id\":\"https:\/\/amare-atelier.pl\/de\/produkt\/grey-comfort-set-dreiteiliges-graues-set\/#breadcrumb\"},\"inLanguage\":\"de\",\"potentialAction\":[{\"@type\":\"ReadAction\",\"target\":[\"https:\/\/amare-atelier.pl\/de\/produkt\/grey-comfort-set-dreiteiliges-graues-set\/\"]}]},{\"@type\":\"ImageObject\",\"inLanguage\":\"de\",\"@id\":\"https:\/\/amare-atelier.pl\/de\/produkt\/grey-comfort-set-dreiteiliges-graues-set\/#primaryimage\",\"url\":\"https:\/\/amare-atelier.pl\/wp-content\/uploads\/2025\/09\/IMG_7998.jpeg\",\"contentUrl\":\"https:\/\/amare-atelier.pl\/wp-content\/uploads\/2025\/09\/IMG_7998.jpeg\",\"width\":1320,\"height\":2341,\"caption\":\"Bildschirmfoto\"},{\"@type\":\"BreadcrumbList\",\"@id\":\"https:\/\/amare-atelier.pl\/de\/produkt\/grey-comfort-set-dreiteiliges-graues-set\/#breadcrumb\",\"itemListElement\":[{\"@type\":\"ListItem\",\"position\":1,\"name\":\"Startseite\",\"item\":\"https:\/\/amare-atelier.pl\/de\/startseite\/\"},{\"@type\":\"ListItem\",\"position\":2,\"name\":\"Shop\",\"item\":\"https:\/\/amare-atelier.pl\/de\/shop\/\"},{\"@type\":\"ListItem\",\"position\":3,\"name\":\"Grey Comfort Set &#8211; dreiteiliges graues Set\"}]},{\"@type\":\"WebSite\",\"@id\":\"https:\/\/amare-atelier.pl\/de\/#website\",\"url\":\"https:\/\/amare-atelier.pl\/de\/\",\"name\":\"Amare Atelier \u2013 Modna Odzie\u017c Damska | Styl, Klasa, Kobieco\u015b\u0107\",\"description\":\"\",\"publisher\":{\"@id\":\"https:\/\/amare-atelier.pl\/de\/#organization\"},\"potentialAction\":[{\"@type\":\"SearchAction\",\"target\":{\"@type\":\"EntryPoint\",\"urlTemplate\":\"https:\/\/amare-atelier.pl\/de\/?s={search_term_string}\"},\"query-input\":{\"@type\":\"PropertyValueSpecification\",\"valueRequired\":true,\"valueName\":\"search_term_string\"}}],\"inLanguage\":\"de\"},{\"@type\":\"Organization\",\"@id\":\"https:\/\/amare-atelier.pl\/de\/#organization\",\"name\":\"Amare Atelier \u2013 Modna Odzie\u017c Damska | Styl, Klasa, Kobieco\u015b\u0107\",\"url\":\"https:\/\/amare-atelier.pl\/de\/\",\"logo\":{\"@type\":\"ImageObject\",\"inLanguage\":\"de\",\"@id\":\"https:\/\/amare-atelier.pl\/de\/#\/schema\/logo\/image\/\",\"url\":\"https:\/\/amare-atelier.pl\/wp-content\/uploads\/2025\/06\/amare-logo.svg\",\"contentUrl\":\"https:\/\/amare-atelier.pl\/wp-content\/uploads\/2025\/06\/amare-logo.svg\",\"width\":578,\"height\":238,\"caption\":\"Amare Atelier \u2013 Modna Odzie\u017c Damska | Styl, Klasa, Kobieco\u015b\u0107\"},\"image\":{\"@id\":\"https:\/\/amare-atelier.pl\/de\/#\/schema\/logo\/image\/\"},\"sameAs\":[\"https:\/\/www.facebook.com\/profile.php?id=61577234792545\",\"https:\/\/www.instagram.com\/amare___atelier\/\"]}]}<\/script>\n<!-- \/ Yoast SEO plugin. -->","yoast_head_json":{"title":"Grey Comfort Set - dreiteiliges graues Set - Amare Atelier \u2013 Modna Odzie\u017c Damska | Styl, Klasa, Kobieco\u015b\u0107","robots":{"index":"index","follow":"follow","max-snippet":"max-snippet:-1","max-image-preview":"max-image-preview:large","max-video-preview":"max-video-preview:-1"},"canonical":"https:\/\/amare-atelier.pl\/de\/produkt\/grey-comfort-set-dreiteiliges-graues-set\/","og_locale":"de_DE","og_type":"article","og_title":"Grey Comfort Set - dreiteiliges graues Set - Amare Atelier \u2013 Modna Odzie\u017c Damska | Styl, Klasa, Kobieco\u015b\u0107","og_description":"Grau in seiner sch\u00f6nsten Form! Dieses dreiteilige Set ist eine Kombination aus Komfort und Stil. Das aufgekn\u00f6pfte Sweatshirt aus weicher Baumwolle wickelt Sie an k\u00e4lteren Tagen ein, der gerippte Kurzarm-Body betont sch\u00f6n die Silhouette und die Jogginghose mit gerippter Unterseite sorgt f\u00fcr einen sportlichen und doch eleganten Touch. Perfekt f\u00fcr den Alltag, zum Ausgehen oder [&hellip;]","og_url":"https:\/\/amare-atelier.pl\/de\/produkt\/grey-comfort-set-dreiteiliges-graues-set\/","og_site_name":"Amare Atelier \u2013 Modna Odzie\u017c Damska | Styl, Klasa, Kobieco\u015b\u0107","article_publisher":"https:\/\/www.facebook.com\/profile.php?id=61577234792545","article_modified_time":"2025-11-04T01:26:58+00:00","og_image":[{"width":1320,"height":2341,"url":"https:\/\/amare-atelier.pl\/wp-content\/uploads\/2025\/09\/IMG_7998.jpeg","type":"image\/jpeg"}],"twitter_card":"summary_large_image","schema":{"@context":"https:\/\/schema.org","@graph":[{"@type":"WebPage","@id":"https:\/\/amare-atelier.pl\/de\/produkt\/grey-comfort-set-dreiteiliges-graues-set\/","url":"https:\/\/amare-atelier.pl\/de\/produkt\/grey-comfort-set-dreiteiliges-graues-set\/","name":"Grey Comfort Set - dreiteiliges graues Set - Amare Atelier \u2013 Modna Odzie\u017c Damska | Styl, Klasa, Kobieco\u015b\u0107","isPartOf":{"@id":"https:\/\/amare-atelier.pl\/de\/#website"},"primaryImageOfPage":{"@id":"https:\/\/amare-atelier.pl\/de\/produkt\/grey-comfort-set-dreiteiliges-graues-set\/#primaryimage"},"image":{"@id":"https:\/\/amare-atelier.pl\/de\/produkt\/grey-comfort-set-dreiteiliges-graues-set\/#primaryimage"},"thumbnailUrl":"https:\/\/amare-atelier.pl\/wp-content\/uploads\/2025\/09\/IMG_7998.jpeg","datePublished":"2025-09-26T09:05:24+00:00","dateModified":"2025-11-04T01:26:58+00:00","breadcrumb":{"@id":"https:\/\/amare-atelier.pl\/de\/produkt\/grey-comfort-set-dreiteiliges-graues-set\/#breadcrumb"},"inLanguage":"de","potentialAction":[{"@type":"ReadAction","target":["https:\/\/amare-atelier.pl\/de\/produkt\/grey-comfort-set-dreiteiliges-graues-set\/"]}]},{"@type":"ImageObject","inLanguage":"de","@id":"https:\/\/amare-atelier.pl\/de\/produkt\/grey-comfort-set-dreiteiliges-graues-set\/#primaryimage","url":"https:\/\/amare-atelier.pl\/wp-content\/uploads\/2025\/09\/IMG_7998.jpeg","contentUrl":"https:\/\/amare-atelier.pl\/wp-content\/uploads\/2025\/09\/IMG_7998.jpeg","width":1320,"height":2341,"caption":"Bildschirmfoto"},{"@type":"BreadcrumbList","@id":"https:\/\/amare-atelier.pl\/de\/produkt\/grey-comfort-set-dreiteiliges-graues-set\/#breadcrumb","itemListElement":[{"@type":"ListItem","position":1,"name":"Startseite","item":"https:\/\/amare-atelier.pl\/de\/startseite\/"},{"@type":"ListItem","position":2,"name":"Shop","item":"https:\/\/amare-atelier.pl\/de\/shop\/"},{"@type":"ListItem","position":3,"name":"Grey Comfort Set &#8211; dreiteiliges graues Set"}]},{"@type":"WebSite","@id":"https:\/\/amare-atelier.pl\/de\/#website","url":"https:\/\/amare-atelier.pl\/de\/","name":"Amare Atelier \u2013 Modna Odzie\u017c Damska | Styl, Klasa, Kobieco\u015b\u0107","description":"","publisher":{"@id":"https:\/\/amare-atelier.pl\/de\/#organization"},"potentialAction":[{"@type":"SearchAction","target":{"@type":"EntryPoint","urlTemplate":"https:\/\/amare-atelier.pl\/de\/?s={search_term_string}"},"query-input":{"@type":"PropertyValueSpecification","valueRequired":true,"valueName":"search_term_string"}}],"inLanguage":"de"},{"@type":"Organization","@id":"https:\/\/amare-atelier.pl\/de\/#organization","name":"Amare Atelier \u2013 Modna Odzie\u017c Damska | Styl, Klasa, Kobieco\u015b\u0107","url":"https:\/\/amare-atelier.pl\/de\/","logo":{"@type":"ImageObject","inLanguage":"de","@id":"https:\/\/amare-atelier.pl\/de\/#\/schema\/logo\/image\/","url":"https:\/\/amare-atelier.pl\/wp-content\/uploads\/2025\/06\/amare-logo.svg","contentUrl":"https:\/\/amare-atelier.pl\/wp-content\/uploads\/2025\/06\/amare-logo.svg","width":578,"height":238,"caption":"Amare Atelier \u2013 Modna Odzie\u017c Damska | Styl, Klasa, Kobieco\u015b\u0107"},"image":{"@id":"https:\/\/amare-atelier.pl\/de\/#\/schema\/logo\/image\/"},"sameAs":["https:\/\/www.facebook.com\/profile.php?id=61577234792545","https:\/\/www.instagram.com\/amare___atelier\/"]}]}},"_links":{"self":[{"href":"https:\/\/amare-atelier.pl\/de\/wp-json\/wp\/v2\/product\/61544","targetHints":{"allow":["GET"]}}],"collection":[{"href":"https:\/\/amare-atelier.pl\/de\/wp-json\/wp\/v2\/product"}],"about":[{"href":"https:\/\/amare-atelier.pl\/de\/wp-json\/wp\/v2\/types\/product"}],"wp:featuredmedia":[{"embeddable":true,"href":"https:\/\/amare-atelier.pl\/de\/wp-json\/wp\/v2\/media\/61550"}],"wp:attachment":[{"href":"https:\/\/amare-atelier.pl\/de\/wp-json\/wp\/v2\/media?parent=61544"}],"wp:term":[{"taxonomy":"product_brand","embeddable":true,"href":"https:\/\/amare-atelier.pl\/de\/wp-json\/wp\/v2\/product_brand?post=61544"},{"taxonomy":"product_cat","embeddable":true,"href":"https:\/\/amare-atelier.pl\/de\/wp-json\/wp\/v2\/product_cat?post=61544"},{"taxonomy":"product_tag","embeddable":true,"href":"https:\/\/amare-atelier.pl\/de\/wp-json\/wp\/v2\/product_tag?post=61544"}],"curies":[{"name":"wp","href":"https:\/\/api.w.org\/{rel}","templated":true}]}}