{"id":61537,"date":"2025-10-10T17:28:49","date_gmt":"2025-10-10T15:28:49","guid":{"rendered":"https:\/\/amareprod.wpenginepowered.com\/produkt\/off-shoulder-body-luna-schokoladenbraun\/"},"modified":"2025-11-04T02:27:24","modified_gmt":"2025-11-04T01:27:24","slug":"off-shoulder-body-luna-schokoladenbraun","status":"publish","type":"product","link":"https:\/\/amare-atelier.pl\/de\/produkt\/off-shoulder-body-luna-schokoladenbraun\/","title":{"rendered":"Bodysuit mit offenen Schultern &#8220;Luna&#8221; &#8211; Schokolade"},"content":{"rendered":"<p>Der elegante &#8216;Luna&#8217; Body ist die Quintessenz von Weiblichkeit und subtilem Minimalismus. Er ist aus dehnbarem, weichem Material gefertigt, passt sich perfekt der Silhouette an, betont die Formen und sorgt f\u00fcr ganzt\u00e4gigen Komfort. <\/p>\n<p>Der schulterfreie Ausschnitt mit auff\u00e4lligen Drapierungen verleiht dem Stil eine romantische Note und legt die Schultern sanft frei. Die perfekte Kombination mit Mom Fit Jeans, eleganten Hosen oder einem Midirock. <\/p>\n<p>Es ist ein Muss in Ihrer Garderobe &#8211; es eignet sich sowohl f\u00fcr den Alltag als auch f\u00fcr den Abend.<\/p>\n","protected":false},"excerpt":{"rendered":"<p>Der elegante &#8216;Luna&#8217; Body ist die Quintessenz von Weiblichkeit und subtilem Minimalismus. Er ist aus dehnbarem, weichem Material gefertigt, passt sich perfekt der Silhouette an, betont die Formen und sorgt f\u00fcr ganzt\u00e4gigen Komfort. Der schulterfreie Ausschnitt mit auff\u00e4lligen Drapierungen verleiht dem Stil eine romantische Note und legt die Schultern sanft frei. Die perfekte Kombination mit [&hellip;]<\/p>\n","protected":false},"featured_media":61540,"template":"","meta":{"inline_featured_image":false},"product_brand":[],"product_cat":[254,251],"product_tag":[],"class_list":{"0":"post-61537","1":"product","2":"type-product","3":"status-publish","4":"has-post-thumbnail","6":"product_cat-blusen","7":"product_cat-neuheiten","10":"first","11":"outofstock","12":"shipping-taxable","13":"purchasable","14":"product-type-variable"},"yoast_head":"<!-- This site is optimized with the Yoast SEO plugin v26.3 - https:\/\/yoast.com\/wordpress\/plugins\/seo\/ -->\n<title>Bodysuit mit offenen Schultern &quot;Luna&quot; - Schokolade - Amare Atelier \u2013 Modna Odzie\u017c Damska | Styl, Klasa, Kobieco\u015b\u0107<\/title>\n<meta name=\"robots\" content=\"index, follow, max-snippet:-1, max-image-preview:large, max-video-preview:-1\" \/>\n<link rel=\"canonical\" href=\"https:\/\/amare-atelier.pl\/de\/produkt\/off-shoulder-body-luna-schokoladenbraun\/\" \/>\n<meta property=\"og:locale\" content=\"de_DE\" \/>\n<meta property=\"og:type\" content=\"article\" \/>\n<meta property=\"og:title\" content=\"Bodysuit mit offenen Schultern &quot;Luna&quot; - Schokolade - Amare Atelier \u2013 Modna Odzie\u017c Damska | Styl, Klasa, Kobieco\u015b\u0107\" \/>\n<meta property=\"og:description\" content=\"Der elegante &#8216;Luna&#8217; Body ist die Quintessenz von Weiblichkeit und subtilem Minimalismus. Er ist aus dehnbarem, weichem Material gefertigt, passt sich perfekt der Silhouette an, betont die Formen und sorgt f\u00fcr ganzt\u00e4gigen Komfort. Der schulterfreie Ausschnitt mit auff\u00e4lligen Drapierungen verleiht dem Stil eine romantische Note und legt die Schultern sanft frei. Die perfekte Kombination mit [&hellip;]\" \/>\n<meta property=\"og:url\" content=\"https:\/\/amare-atelier.pl\/de\/produkt\/off-shoulder-body-luna-schokoladenbraun\/\" \/>\n<meta property=\"og:site_name\" content=\"Amare Atelier \u2013 Modna Odzie\u017c Damska | Styl, Klasa, Kobieco\u015b\u0107\" \/>\n<meta property=\"article:publisher\" content=\"https:\/\/www.facebook.com\/profile.php?id=61577234792545\" \/>\n<meta property=\"article:modified_time\" content=\"2025-11-04T01:27:24+00:00\" \/>\n<meta property=\"og:image\" content=\"https:\/\/amare-atelier.pl\/wp-content\/uploads\/2025\/10\/IMG_1339.jpeg\" \/>\n\t<meta property=\"og:image:width\" content=\"1206\" \/>\n\t<meta property=\"og:image:height\" content=\"1957\" \/>\n\t<meta property=\"og:image:type\" content=\"image\/jpeg\" \/>\n<meta name=\"twitter:card\" content=\"summary_large_image\" \/>\n<script type=\"application\/ld+json\" class=\"yoast-schema-graph\">{\"@context\":\"https:\/\/schema.org\",\"@graph\":[{\"@type\":\"WebPage\",\"@id\":\"https:\/\/amare-atelier.pl\/de\/produkt\/off-shoulder-body-luna-schokoladenbraun\/\",\"url\":\"https:\/\/amare-atelier.pl\/de\/produkt\/off-shoulder-body-luna-schokoladenbraun\/\",\"name\":\"Bodysuit mit offenen Schultern \\\"Luna\\\" - Schokolade - Amare Atelier \u2013 Modna Odzie\u017c Damska | Styl, Klasa, Kobieco\u015b\u0107\",\"isPartOf\":{\"@id\":\"https:\/\/amare-atelier.pl\/de\/#website\"},\"primaryImageOfPage\":{\"@id\":\"https:\/\/amare-atelier.pl\/de\/produkt\/off-shoulder-body-luna-schokoladenbraun\/#primaryimage\"},\"image\":{\"@id\":\"https:\/\/amare-atelier.pl\/de\/produkt\/off-shoulder-body-luna-schokoladenbraun\/#primaryimage\"},\"thumbnailUrl\":\"https:\/\/amare-atelier.pl\/wp-content\/uploads\/2025\/10\/IMG_1339.jpeg\",\"datePublished\":\"2025-10-10T15:28:49+00:00\",\"dateModified\":\"2025-11-04T01:27:24+00:00\",\"breadcrumb\":{\"@id\":\"https:\/\/amare-atelier.pl\/de\/produkt\/off-shoulder-body-luna-schokoladenbraun\/#breadcrumb\"},\"inLanguage\":\"de\",\"potentialAction\":[{\"@type\":\"ReadAction\",\"target\":[\"https:\/\/amare-atelier.pl\/de\/produkt\/off-shoulder-body-luna-schokoladenbraun\/\"]}]},{\"@type\":\"ImageObject\",\"inLanguage\":\"de\",\"@id\":\"https:\/\/amare-atelier.pl\/de\/produkt\/off-shoulder-body-luna-schokoladenbraun\/#primaryimage\",\"url\":\"https:\/\/amare-atelier.pl\/wp-content\/uploads\/2025\/10\/IMG_1339.jpeg\",\"contentUrl\":\"https:\/\/amare-atelier.pl\/wp-content\/uploads\/2025\/10\/IMG_1339.jpeg\",\"width\":1206,\"height\":1957,\"caption\":\"Bildschirmfoto\"},{\"@type\":\"BreadcrumbList\",\"@id\":\"https:\/\/amare-atelier.pl\/de\/produkt\/off-shoulder-body-luna-schokoladenbraun\/#breadcrumb\",\"itemListElement\":[{\"@type\":\"ListItem\",\"position\":1,\"name\":\"Startseite\",\"item\":\"https:\/\/amare-atelier.pl\/de\/startseite\/\"},{\"@type\":\"ListItem\",\"position\":2,\"name\":\"Shop\",\"item\":\"https:\/\/amare-atelier.pl\/de\/shop\/\"},{\"@type\":\"ListItem\",\"position\":3,\"name\":\"Bodysuit mit offenen Schultern &#8220;Luna&#8221; &#8211; Schokolade\"}]},{\"@type\":\"WebSite\",\"@id\":\"https:\/\/amare-atelier.pl\/de\/#website\",\"url\":\"https:\/\/amare-atelier.pl\/de\/\",\"name\":\"Amare Atelier \u2013 Modna Odzie\u017c Damska | Styl, Klasa, Kobieco\u015b\u0107\",\"description\":\"\",\"publisher\":{\"@id\":\"https:\/\/amare-atelier.pl\/de\/#organization\"},\"potentialAction\":[{\"@type\":\"SearchAction\",\"target\":{\"@type\":\"EntryPoint\",\"urlTemplate\":\"https:\/\/amare-atelier.pl\/de\/?s={search_term_string}\"},\"query-input\":{\"@type\":\"PropertyValueSpecification\",\"valueRequired\":true,\"valueName\":\"search_term_string\"}}],\"inLanguage\":\"de\"},{\"@type\":\"Organization\",\"@id\":\"https:\/\/amare-atelier.pl\/de\/#organization\",\"name\":\"Amare Atelier \u2013 Modna Odzie\u017c Damska | Styl, Klasa, Kobieco\u015b\u0107\",\"url\":\"https:\/\/amare-atelier.pl\/de\/\",\"logo\":{\"@type\":\"ImageObject\",\"inLanguage\":\"de\",\"@id\":\"https:\/\/amare-atelier.pl\/de\/#\/schema\/logo\/image\/\",\"url\":\"https:\/\/amare-atelier.pl\/wp-content\/uploads\/2025\/06\/amare-logo.svg\",\"contentUrl\":\"https:\/\/amare-atelier.pl\/wp-content\/uploads\/2025\/06\/amare-logo.svg\",\"width\":578,\"height\":238,\"caption\":\"Amare Atelier \u2013 Modna Odzie\u017c Damska | Styl, Klasa, Kobieco\u015b\u0107\"},\"image\":{\"@id\":\"https:\/\/amare-atelier.pl\/de\/#\/schema\/logo\/image\/\"},\"sameAs\":[\"https:\/\/www.facebook.com\/profile.php?id=61577234792545\",\"https:\/\/www.instagram.com\/amare___atelier\/\"]}]}<\/script>\n<!-- \/ Yoast SEO plugin. -->","yoast_head_json":{"title":"Bodysuit mit offenen Schultern \"Luna\" - Schokolade - Amare Atelier \u2013 Modna Odzie\u017c Damska | Styl, Klasa, Kobieco\u015b\u0107","robots":{"index":"index","follow":"follow","max-snippet":"max-snippet:-1","max-image-preview":"max-image-preview:large","max-video-preview":"max-video-preview:-1"},"canonical":"https:\/\/amare-atelier.pl\/de\/produkt\/off-shoulder-body-luna-schokoladenbraun\/","og_locale":"de_DE","og_type":"article","og_title":"Bodysuit mit offenen Schultern \"Luna\" - Schokolade - Amare Atelier \u2013 Modna Odzie\u017c Damska | Styl, Klasa, Kobieco\u015b\u0107","og_description":"Der elegante &#8216;Luna&#8217; Body ist die Quintessenz von Weiblichkeit und subtilem Minimalismus. Er ist aus dehnbarem, weichem Material gefertigt, passt sich perfekt der Silhouette an, betont die Formen und sorgt f\u00fcr ganzt\u00e4gigen Komfort. Der schulterfreie Ausschnitt mit auff\u00e4lligen Drapierungen verleiht dem Stil eine romantische Note und legt die Schultern sanft frei. Die perfekte Kombination mit [&hellip;]","og_url":"https:\/\/amare-atelier.pl\/de\/produkt\/off-shoulder-body-luna-schokoladenbraun\/","og_site_name":"Amare Atelier \u2013 Modna Odzie\u017c Damska | Styl, Klasa, Kobieco\u015b\u0107","article_publisher":"https:\/\/www.facebook.com\/profile.php?id=61577234792545","article_modified_time":"2025-11-04T01:27:24+00:00","og_image":[{"width":1206,"height":1957,"url":"https:\/\/amare-atelier.pl\/wp-content\/uploads\/2025\/10\/IMG_1339.jpeg","type":"image\/jpeg"}],"twitter_card":"summary_large_image","schema":{"@context":"https:\/\/schema.org","@graph":[{"@type":"WebPage","@id":"https:\/\/amare-atelier.pl\/de\/produkt\/off-shoulder-body-luna-schokoladenbraun\/","url":"https:\/\/amare-atelier.pl\/de\/produkt\/off-shoulder-body-luna-schokoladenbraun\/","name":"Bodysuit mit offenen Schultern \"Luna\" - Schokolade - Amare Atelier \u2013 Modna Odzie\u017c Damska | Styl, Klasa, Kobieco\u015b\u0107","isPartOf":{"@id":"https:\/\/amare-atelier.pl\/de\/#website"},"primaryImageOfPage":{"@id":"https:\/\/amare-atelier.pl\/de\/produkt\/off-shoulder-body-luna-schokoladenbraun\/#primaryimage"},"image":{"@id":"https:\/\/amare-atelier.pl\/de\/produkt\/off-shoulder-body-luna-schokoladenbraun\/#primaryimage"},"thumbnailUrl":"https:\/\/amare-atelier.pl\/wp-content\/uploads\/2025\/10\/IMG_1339.jpeg","datePublished":"2025-10-10T15:28:49+00:00","dateModified":"2025-11-04T01:27:24+00:00","breadcrumb":{"@id":"https:\/\/amare-atelier.pl\/de\/produkt\/off-shoulder-body-luna-schokoladenbraun\/#breadcrumb"},"inLanguage":"de","potentialAction":[{"@type":"ReadAction","target":["https:\/\/amare-atelier.pl\/de\/produkt\/off-shoulder-body-luna-schokoladenbraun\/"]}]},{"@type":"ImageObject","inLanguage":"de","@id":"https:\/\/amare-atelier.pl\/de\/produkt\/off-shoulder-body-luna-schokoladenbraun\/#primaryimage","url":"https:\/\/amare-atelier.pl\/wp-content\/uploads\/2025\/10\/IMG_1339.jpeg","contentUrl":"https:\/\/amare-atelier.pl\/wp-content\/uploads\/2025\/10\/IMG_1339.jpeg","width":1206,"height":1957,"caption":"Bildschirmfoto"},{"@type":"BreadcrumbList","@id":"https:\/\/amare-atelier.pl\/de\/produkt\/off-shoulder-body-luna-schokoladenbraun\/#breadcrumb","itemListElement":[{"@type":"ListItem","position":1,"name":"Startseite","item":"https:\/\/amare-atelier.pl\/de\/startseite\/"},{"@type":"ListItem","position":2,"name":"Shop","item":"https:\/\/amare-atelier.pl\/de\/shop\/"},{"@type":"ListItem","position":3,"name":"Bodysuit mit offenen Schultern &#8220;Luna&#8221; &#8211; Schokolade"}]},{"@type":"WebSite","@id":"https:\/\/amare-atelier.pl\/de\/#website","url":"https:\/\/amare-atelier.pl\/de\/","name":"Amare Atelier \u2013 Modna Odzie\u017c Damska | Styl, Klasa, Kobieco\u015b\u0107","description":"","publisher":{"@id":"https:\/\/amare-atelier.pl\/de\/#organization"},"potentialAction":[{"@type":"SearchAction","target":{"@type":"EntryPoint","urlTemplate":"https:\/\/amare-atelier.pl\/de\/?s={search_term_string}"},"query-input":{"@type":"PropertyValueSpecification","valueRequired":true,"valueName":"search_term_string"}}],"inLanguage":"de"},{"@type":"Organization","@id":"https:\/\/amare-atelier.pl\/de\/#organization","name":"Amare Atelier \u2013 Modna Odzie\u017c Damska | Styl, Klasa, Kobieco\u015b\u0107","url":"https:\/\/amare-atelier.pl\/de\/","logo":{"@type":"ImageObject","inLanguage":"de","@id":"https:\/\/amare-atelier.pl\/de\/#\/schema\/logo\/image\/","url":"https:\/\/amare-atelier.pl\/wp-content\/uploads\/2025\/06\/amare-logo.svg","contentUrl":"https:\/\/amare-atelier.pl\/wp-content\/uploads\/2025\/06\/amare-logo.svg","width":578,"height":238,"caption":"Amare Atelier \u2013 Modna Odzie\u017c Damska | Styl, Klasa, Kobieco\u015b\u0107"},"image":{"@id":"https:\/\/amare-atelier.pl\/de\/#\/schema\/logo\/image\/"},"sameAs":["https:\/\/www.facebook.com\/profile.php?id=61577234792545","https:\/\/www.instagram.com\/amare___atelier\/"]}]}},"_links":{"self":[{"href":"https:\/\/amare-atelier.pl\/de\/wp-json\/wp\/v2\/product\/61537","targetHints":{"allow":["GET"]}}],"collection":[{"href":"https:\/\/amare-atelier.pl\/de\/wp-json\/wp\/v2\/product"}],"about":[{"href":"https:\/\/amare-atelier.pl\/de\/wp-json\/wp\/v2\/types\/product"}],"wp:featuredmedia":[{"embeddable":true,"href":"https:\/\/amare-atelier.pl\/de\/wp-json\/wp\/v2\/media\/61540"}],"wp:attachment":[{"href":"https:\/\/amare-atelier.pl\/de\/wp-json\/wp\/v2\/media?parent=61537"}],"wp:term":[{"taxonomy":"product_brand","embeddable":true,"href":"https:\/\/amare-atelier.pl\/de\/wp-json\/wp\/v2\/product_brand?post=61537"},{"taxonomy":"product_cat","embeddable":true,"href":"https:\/\/amare-atelier.pl\/de\/wp-json\/wp\/v2\/product_cat?post=61537"},{"taxonomy":"product_tag","embeddable":true,"href":"https:\/\/amare-atelier.pl\/de\/wp-json\/wp\/v2\/product_tag?post=61537"}],"curies":[{"name":"wp","href":"https:\/\/api.w.org\/{rel}","templated":true}]}}