{"id":59774,"date":"2025-06-23T14:51:46","date_gmt":"2025-06-23T12:51:46","guid":{"rendered":"https:\/\/amareprod.wpenginepowered.com\/produkt\/set-mit-rosa-streifen-hemd-shorts-lamilla-paris\/"},"modified":"2025-10-11T16:45:10","modified_gmt":"2025-10-11T14:45:10","slug":"set-mit-rosa-streifen-hemd-shorts-lamilla-paris","status":"publish","type":"product","link":"https:\/\/amare-atelier.pl\/de\/produkt\/set-mit-rosa-streifen-hemd-shorts-lamilla-paris\/","title":{"rendered":"Set mit rosa Streifen \u2013 Hemd &amp; Shorts Lamilla Paris"},"content":{"rendered":"<p>Halten Sie die Zeit auf die charmanteste Weise an. Dieses rosa-wei\u00dfe Set ist eine Kombination aus m\u00e4dchenhafter Leichtigkeit und stilvoller Nonchalance. Das Hemd mit Lamilla Paris Stickerei verleiht Charakter, und die Shorts betonen die Taille wundersch\u00f6n. Ideal f\u00fcr sonnige Morgenstunden und ruhige Abende.   <\/p>\n","protected":false},"excerpt":{"rendered":"<p>Halten Sie die Zeit auf die charmanteste Weise an. Dieses rosa-wei\u00dfe Set ist eine Kombination aus m\u00e4dchenhafter Leichtigkeit und stilvoller Nonchalance. Das Hemd mit Lamilla Paris Stickerei verleiht Charakter, und die Shorts betonen die Taille wundersch\u00f6n. Ideal f\u00fcr sonnige Morgenstunden und ruhige Abende.<\/p>\n","protected":false},"featured_media":59791,"template":"","meta":{"inline_featured_image":false},"product_brand":[],"product_cat":[249],"product_tag":[],"class_list":{"0":"post-59774","1":"product","2":"type-product","3":"status-publish","4":"has-post-thumbnail","6":"product_cat-sets","9":"first","10":"outofstock","11":"shipping-taxable","12":"purchasable","13":"product-type-simple"},"yoast_head":"<!-- This site is optimized with the Yoast SEO plugin v26.3 - https:\/\/yoast.com\/wordpress\/plugins\/seo\/ -->\n<title>Set mit rosa Streifen \u2013 Hemd &amp; Shorts Lamilla Paris - Amare Atelier \u2013 Modna Odzie\u017c Damska | Styl, Klasa, Kobieco\u015b\u0107<\/title>\n<meta name=\"robots\" content=\"index, follow, max-snippet:-1, max-image-preview:large, max-video-preview:-1\" \/>\n<link rel=\"canonical\" href=\"https:\/\/amare-atelier.pl\/de\/produkt\/set-mit-rosa-streifen-hemd-shorts-lamilla-paris\/\" \/>\n<meta property=\"og:locale\" content=\"de_DE\" \/>\n<meta property=\"og:type\" content=\"article\" \/>\n<meta property=\"og:title\" content=\"Set mit rosa Streifen \u2013 Hemd &amp; Shorts Lamilla Paris - Amare Atelier \u2013 Modna Odzie\u017c Damska | Styl, Klasa, Kobieco\u015b\u0107\" \/>\n<meta property=\"og:description\" content=\"Halten Sie die Zeit auf die charmanteste Weise an. Dieses rosa-wei\u00dfe Set ist eine Kombination aus m\u00e4dchenhafter Leichtigkeit und stilvoller Nonchalance. Das Hemd mit Lamilla Paris Stickerei verleiht Charakter, und die Shorts betonen die Taille wundersch\u00f6n. Ideal f\u00fcr sonnige Morgenstunden und ruhige Abende.\" \/>\n<meta property=\"og:url\" content=\"https:\/\/amare-atelier.pl\/de\/produkt\/set-mit-rosa-streifen-hemd-shorts-lamilla-paris\/\" \/>\n<meta property=\"og:site_name\" content=\"Amare Atelier \u2013 Modna Odzie\u017c Damska | Styl, Klasa, Kobieco\u015b\u0107\" \/>\n<meta property=\"article:publisher\" content=\"https:\/\/www.facebook.com\/profile.php?id=61577234792545\" \/>\n<meta property=\"article:modified_time\" content=\"2025-10-11T14:45:10+00:00\" \/>\n<meta property=\"og:image\" content=\"https:\/\/amare-atelier.pl\/wp-content\/uploads\/2025\/06\/IMG_7669.jpeg\" \/>\n\t<meta property=\"og:image:width\" content=\"1206\" \/>\n\t<meta property=\"og:image:height\" content=\"1174\" \/>\n\t<meta property=\"og:image:type\" content=\"image\/jpeg\" \/>\n<meta name=\"twitter:card\" content=\"summary_large_image\" \/>\n<script type=\"application\/ld+json\" class=\"yoast-schema-graph\">{\"@context\":\"https:\/\/schema.org\",\"@graph\":[{\"@type\":\"WebPage\",\"@id\":\"https:\/\/amare-atelier.pl\/de\/produkt\/set-mit-rosa-streifen-hemd-shorts-lamilla-paris\/\",\"url\":\"https:\/\/amare-atelier.pl\/de\/produkt\/set-mit-rosa-streifen-hemd-shorts-lamilla-paris\/\",\"name\":\"Set mit rosa Streifen \u2013 Hemd &amp; Shorts Lamilla Paris - Amare Atelier \u2013 Modna Odzie\u017c Damska | Styl, Klasa, Kobieco\u015b\u0107\",\"isPartOf\":{\"@id\":\"https:\/\/amare-atelier.pl\/de\/#website\"},\"primaryImageOfPage\":{\"@id\":\"https:\/\/amare-atelier.pl\/de\/produkt\/set-mit-rosa-streifen-hemd-shorts-lamilla-paris\/#primaryimage\"},\"image\":{\"@id\":\"https:\/\/amare-atelier.pl\/de\/produkt\/set-mit-rosa-streifen-hemd-shorts-lamilla-paris\/#primaryimage\"},\"thumbnailUrl\":\"https:\/\/amare-atelier.pl\/wp-content\/uploads\/2025\/06\/IMG_7669.jpeg\",\"datePublished\":\"2025-06-23T12:51:46+00:00\",\"dateModified\":\"2025-10-11T14:45:10+00:00\",\"breadcrumb\":{\"@id\":\"https:\/\/amare-atelier.pl\/de\/produkt\/set-mit-rosa-streifen-hemd-shorts-lamilla-paris\/#breadcrumb\"},\"inLanguage\":\"de\",\"potentialAction\":[{\"@type\":\"ReadAction\",\"target\":[\"https:\/\/amare-atelier.pl\/de\/produkt\/set-mit-rosa-streifen-hemd-shorts-lamilla-paris\/\"]}]},{\"@type\":\"ImageObject\",\"inLanguage\":\"de\",\"@id\":\"https:\/\/amare-atelier.pl\/de\/produkt\/set-mit-rosa-streifen-hemd-shorts-lamilla-paris\/#primaryimage\",\"url\":\"https:\/\/amare-atelier.pl\/wp-content\/uploads\/2025\/06\/IMG_7669.jpeg\",\"contentUrl\":\"https:\/\/amare-atelier.pl\/wp-content\/uploads\/2025\/06\/IMG_7669.jpeg\",\"width\":1206,\"height\":1174,\"caption\":\"Screenshot\"},{\"@type\":\"BreadcrumbList\",\"@id\":\"https:\/\/amare-atelier.pl\/de\/produkt\/set-mit-rosa-streifen-hemd-shorts-lamilla-paris\/#breadcrumb\",\"itemListElement\":[{\"@type\":\"ListItem\",\"position\":1,\"name\":\"Startseite\",\"item\":\"https:\/\/amare-atelier.pl\/de\/startseite\/\"},{\"@type\":\"ListItem\",\"position\":2,\"name\":\"Shop\",\"item\":\"https:\/\/amare-atelier.pl\/de\/shop\/\"},{\"@type\":\"ListItem\",\"position\":3,\"name\":\"Set mit rosa Streifen \u2013 Hemd &amp; Shorts Lamilla Paris\"}]},{\"@type\":\"WebSite\",\"@id\":\"https:\/\/amare-atelier.pl\/de\/#website\",\"url\":\"https:\/\/amare-atelier.pl\/de\/\",\"name\":\"Amare Atelier \u2013 Modna Odzie\u017c Damska | Styl, Klasa, Kobieco\u015b\u0107\",\"description\":\"\",\"publisher\":{\"@id\":\"https:\/\/amare-atelier.pl\/de\/#organization\"},\"potentialAction\":[{\"@type\":\"SearchAction\",\"target\":{\"@type\":\"EntryPoint\",\"urlTemplate\":\"https:\/\/amare-atelier.pl\/de\/?s={search_term_string}\"},\"query-input\":{\"@type\":\"PropertyValueSpecification\",\"valueRequired\":true,\"valueName\":\"search_term_string\"}}],\"inLanguage\":\"de\"},{\"@type\":\"Organization\",\"@id\":\"https:\/\/amare-atelier.pl\/de\/#organization\",\"name\":\"Amare Atelier \u2013 Modna Odzie\u017c Damska | Styl, Klasa, Kobieco\u015b\u0107\",\"url\":\"https:\/\/amare-atelier.pl\/de\/\",\"logo\":{\"@type\":\"ImageObject\",\"inLanguage\":\"de\",\"@id\":\"https:\/\/amare-atelier.pl\/de\/#\/schema\/logo\/image\/\",\"url\":\"https:\/\/amare-atelier.pl\/wp-content\/uploads\/2025\/06\/amare-logo.svg\",\"contentUrl\":\"https:\/\/amare-atelier.pl\/wp-content\/uploads\/2025\/06\/amare-logo.svg\",\"width\":578,\"height\":238,\"caption\":\"Amare Atelier \u2013 Modna Odzie\u017c Damska | Styl, Klasa, Kobieco\u015b\u0107\"},\"image\":{\"@id\":\"https:\/\/amare-atelier.pl\/de\/#\/schema\/logo\/image\/\"},\"sameAs\":[\"https:\/\/www.facebook.com\/profile.php?id=61577234792545\",\"https:\/\/www.instagram.com\/amare___atelier\/\"]}]}<\/script>\n<!-- \/ Yoast SEO plugin. -->","yoast_head_json":{"title":"Set mit rosa Streifen \u2013 Hemd &amp; Shorts Lamilla Paris - Amare Atelier \u2013 Modna Odzie\u017c Damska | Styl, Klasa, Kobieco\u015b\u0107","robots":{"index":"index","follow":"follow","max-snippet":"max-snippet:-1","max-image-preview":"max-image-preview:large","max-video-preview":"max-video-preview:-1"},"canonical":"https:\/\/amare-atelier.pl\/de\/produkt\/set-mit-rosa-streifen-hemd-shorts-lamilla-paris\/","og_locale":"de_DE","og_type":"article","og_title":"Set mit rosa Streifen \u2013 Hemd &amp; Shorts Lamilla Paris - Amare Atelier \u2013 Modna Odzie\u017c Damska | Styl, Klasa, Kobieco\u015b\u0107","og_description":"Halten Sie die Zeit auf die charmanteste Weise an. Dieses rosa-wei\u00dfe Set ist eine Kombination aus m\u00e4dchenhafter Leichtigkeit und stilvoller Nonchalance. Das Hemd mit Lamilla Paris Stickerei verleiht Charakter, und die Shorts betonen die Taille wundersch\u00f6n. Ideal f\u00fcr sonnige Morgenstunden und ruhige Abende.","og_url":"https:\/\/amare-atelier.pl\/de\/produkt\/set-mit-rosa-streifen-hemd-shorts-lamilla-paris\/","og_site_name":"Amare Atelier \u2013 Modna Odzie\u017c Damska | Styl, Klasa, Kobieco\u015b\u0107","article_publisher":"https:\/\/www.facebook.com\/profile.php?id=61577234792545","article_modified_time":"2025-10-11T14:45:10+00:00","og_image":[{"width":1206,"height":1174,"url":"https:\/\/amare-atelier.pl\/wp-content\/uploads\/2025\/06\/IMG_7669.jpeg","type":"image\/jpeg"}],"twitter_card":"summary_large_image","schema":{"@context":"https:\/\/schema.org","@graph":[{"@type":"WebPage","@id":"https:\/\/amare-atelier.pl\/de\/produkt\/set-mit-rosa-streifen-hemd-shorts-lamilla-paris\/","url":"https:\/\/amare-atelier.pl\/de\/produkt\/set-mit-rosa-streifen-hemd-shorts-lamilla-paris\/","name":"Set mit rosa Streifen \u2013 Hemd &amp; Shorts Lamilla Paris - Amare Atelier \u2013 Modna Odzie\u017c Damska | Styl, Klasa, Kobieco\u015b\u0107","isPartOf":{"@id":"https:\/\/amare-atelier.pl\/de\/#website"},"primaryImageOfPage":{"@id":"https:\/\/amare-atelier.pl\/de\/produkt\/set-mit-rosa-streifen-hemd-shorts-lamilla-paris\/#primaryimage"},"image":{"@id":"https:\/\/amare-atelier.pl\/de\/produkt\/set-mit-rosa-streifen-hemd-shorts-lamilla-paris\/#primaryimage"},"thumbnailUrl":"https:\/\/amare-atelier.pl\/wp-content\/uploads\/2025\/06\/IMG_7669.jpeg","datePublished":"2025-06-23T12:51:46+00:00","dateModified":"2025-10-11T14:45:10+00:00","breadcrumb":{"@id":"https:\/\/amare-atelier.pl\/de\/produkt\/set-mit-rosa-streifen-hemd-shorts-lamilla-paris\/#breadcrumb"},"inLanguage":"de","potentialAction":[{"@type":"ReadAction","target":["https:\/\/amare-atelier.pl\/de\/produkt\/set-mit-rosa-streifen-hemd-shorts-lamilla-paris\/"]}]},{"@type":"ImageObject","inLanguage":"de","@id":"https:\/\/amare-atelier.pl\/de\/produkt\/set-mit-rosa-streifen-hemd-shorts-lamilla-paris\/#primaryimage","url":"https:\/\/amare-atelier.pl\/wp-content\/uploads\/2025\/06\/IMG_7669.jpeg","contentUrl":"https:\/\/amare-atelier.pl\/wp-content\/uploads\/2025\/06\/IMG_7669.jpeg","width":1206,"height":1174,"caption":"Screenshot"},{"@type":"BreadcrumbList","@id":"https:\/\/amare-atelier.pl\/de\/produkt\/set-mit-rosa-streifen-hemd-shorts-lamilla-paris\/#breadcrumb","itemListElement":[{"@type":"ListItem","position":1,"name":"Startseite","item":"https:\/\/amare-atelier.pl\/de\/startseite\/"},{"@type":"ListItem","position":2,"name":"Shop","item":"https:\/\/amare-atelier.pl\/de\/shop\/"},{"@type":"ListItem","position":3,"name":"Set mit rosa Streifen \u2013 Hemd &amp; Shorts Lamilla Paris"}]},{"@type":"WebSite","@id":"https:\/\/amare-atelier.pl\/de\/#website","url":"https:\/\/amare-atelier.pl\/de\/","name":"Amare Atelier \u2013 Modna Odzie\u017c Damska | Styl, Klasa, Kobieco\u015b\u0107","description":"","publisher":{"@id":"https:\/\/amare-atelier.pl\/de\/#organization"},"potentialAction":[{"@type":"SearchAction","target":{"@type":"EntryPoint","urlTemplate":"https:\/\/amare-atelier.pl\/de\/?s={search_term_string}"},"query-input":{"@type":"PropertyValueSpecification","valueRequired":true,"valueName":"search_term_string"}}],"inLanguage":"de"},{"@type":"Organization","@id":"https:\/\/amare-atelier.pl\/de\/#organization","name":"Amare Atelier \u2013 Modna Odzie\u017c Damska | Styl, Klasa, Kobieco\u015b\u0107","url":"https:\/\/amare-atelier.pl\/de\/","logo":{"@type":"ImageObject","inLanguage":"de","@id":"https:\/\/amare-atelier.pl\/de\/#\/schema\/logo\/image\/","url":"https:\/\/amare-atelier.pl\/wp-content\/uploads\/2025\/06\/amare-logo.svg","contentUrl":"https:\/\/amare-atelier.pl\/wp-content\/uploads\/2025\/06\/amare-logo.svg","width":578,"height":238,"caption":"Amare Atelier \u2013 Modna Odzie\u017c Damska | Styl, Klasa, Kobieco\u015b\u0107"},"image":{"@id":"https:\/\/amare-atelier.pl\/de\/#\/schema\/logo\/image\/"},"sameAs":["https:\/\/www.facebook.com\/profile.php?id=61577234792545","https:\/\/www.instagram.com\/amare___atelier\/"]}]}},"_links":{"self":[{"href":"https:\/\/amare-atelier.pl\/de\/wp-json\/wp\/v2\/product\/59774","targetHints":{"allow":["GET"]}}],"collection":[{"href":"https:\/\/amare-atelier.pl\/de\/wp-json\/wp\/v2\/product"}],"about":[{"href":"https:\/\/amare-atelier.pl\/de\/wp-json\/wp\/v2\/types\/product"}],"wp:featuredmedia":[{"embeddable":true,"href":"https:\/\/amare-atelier.pl\/de\/wp-json\/wp\/v2\/media\/59791"}],"wp:attachment":[{"href":"https:\/\/amare-atelier.pl\/de\/wp-json\/wp\/v2\/media?parent=59774"}],"wp:term":[{"taxonomy":"product_brand","embeddable":true,"href":"https:\/\/amare-atelier.pl\/de\/wp-json\/wp\/v2\/product_brand?post=59774"},{"taxonomy":"product_cat","embeddable":true,"href":"https:\/\/amare-atelier.pl\/de\/wp-json\/wp\/v2\/product_cat?post=59774"},{"taxonomy":"product_tag","embeddable":true,"href":"https:\/\/amare-atelier.pl\/de\/wp-json\/wp\/v2\/product_tag?post=59774"}],"curies":[{"name":"wp","href":"https:\/\/api.w.org\/{rel}","templated":true}]}}