{"id":59685,"date":"2025-06-23T12:33:31","date_gmt":"2025-06-23T10:33:31","guid":{"rendered":"https:\/\/amareprod.wpenginepowered.com\/rueckgabebestimmungen\/"},"modified":"2025-11-04T02:28:58","modified_gmt":"2025-11-04T01:28:58","slug":"rueckgabebestimmungen","status":"publish","type":"page","link":"https:\/\/amare-atelier.pl\/de\/rueckgabebestimmungen\/","title":{"rendered":"R\u00fcckgabebestimmungen"},"content":{"rendered":"\n<h2 class=\"wp-block-heading\"><strong>R\u00fcckgabebestimmungen im Amar\u00e9 Atelier Shop<\/strong><\/h2>\n\n<p>Wir m\u00f6chten, dass Ihre Eink\u00e4ufe bei Amar\u00e9 Atelier Sie voll und ganz zufriedenstellen. Sollte ein Produkt jedoch nicht Ihren Erwartungen entsprechen, haben Sie die M\u00f6glichkeit, es zur\u00fcckzugeben.  Die Kosten f\u00fcr die R\u00fccksendung des Produkts im Falle eines Vertragsr\u00fccktritts tr\u00e4gt der K\u00e4ufer. <\/p>\n\n<p><strong>1. R\u00fcckgabefrist<\/strong><br\/>Sie haben 14 Tage Zeit, die Ware ohne Angabe von Gr\u00fcnden zur\u00fcckzusenden. Diese Frist beginnt an dem Tag, an dem Sie die Sendung erhalten haben. <\/p>\n\n<p><strong>2. R\u00fcckgabebedingungen<\/strong><br\/>Die zur\u00fcckgesendete Ware muss folgende Bedingungen erf\u00fcllen:<\/p>\n\n<ul class=\"wp-block-list\">\n<li>Sie darf keine Gebrauchsspuren aufweisen.<\/li>\n\n\n\n<li>Sie muss alle Originaletiketten und -anh\u00e4nger besitzen.<\/li>\n\n\n\n<li>Sie sollte sich in unversehrtem Zustand befinden.<\/li>\n<\/ul>\n\n<p><strong>3. Wie Sie eine R\u00fccksendung vornehmen \u2013 Schritt f\u00fcr Schritt <\/strong><\/p>\n\n<ul class=\"wp-block-list\">\n<li>Informieren Sie uns \u00fcber die R\u00fccksendung: Senden Sie eine Widerrufserkl\u00e4rung an unsere E-Mail-Adresse amareatelier@wp.pl. Sie k\u00f6nnen das Muster-Widerrufsformular verwenden, das dem Shop-Reglement beigef\u00fcgt ist, dies ist jedoch nicht zwingend erforderlich. <\/li>\n\n\n\n<li>Bereiten Sie das Paket vor: Verpacken Sie die zur\u00fcckzusendende Ware sorgf\u00e4ltig. Legen Sie dem Paket einen Kaufbeleg (z. B. Quittung oder Bestellnummer) bei, um uns die Zuordnung der R\u00fccksendung zu erleichtern. <\/li>\n\n\n\n<li>Senden Sie die Ware zur\u00fcck: Senden Sie das Paket an folgende Adresse:<br\/>Oliwia \u017byto Amar\u00e9 Atelier<br\/>ul. Je\u017cynowa 9<br\/>62-069 Pal\u0119dzie<br\/>mit dem Vermerk \u201eR\u00dcCKSENDUNG\u201c. <\/li>\n<\/ul>\n\n<p><strong>4. R\u00fccksendekosten<\/strong><br\/>Die unmittelbaren Kosten der R\u00fccksendung der Ware tr\u00e4gt der Kunde. Wir akzeptieren keine per Nachnahme versandten Sendungen. <\/p>\n\n<p><strong>5. R\u00fcckerstattung<\/strong><br\/>Die R\u00fcckerstattung erfolgt innerhalb von 14 Tagen ab dem Tag, an dem wir die zur\u00fcckgesendete Ware erhalten. Das Geld wird mit derselben Zahlungsmethode zur\u00fcckerstattet, die f\u00fcr den Kauf verwendet wurde, es sei denn, es wurde etwas anderes vereinbart. <\/p>\n\n<p><strong>6. Ausnahmen vom R\u00fcckgaberecht<\/strong><br\/>Das R\u00fcckgaberecht gilt nicht f\u00fcr Produkte, die auf Ihre spezielle Bestellung angefertigt oder personalisiert wurden. Aus hygienischen Gr\u00fcnden ist die R\u00fcckgabe von Unterw\u00e4sche nur m\u00f6glich, wenn das Produkt unbenutzt ist und die Originalversiegelung intakt ist. <\/p>\n","protected":false},"excerpt":{"rendered":"<p>R\u00fcckgabebestimmungen im Amar\u00e9 Atelier Shop Wir m\u00f6chten, dass Ihre Eink\u00e4ufe bei Amar\u00e9 Atelier Sie voll und ganz zufriedenstellen. Sollte ein Produkt jedoch nicht Ihren Erwartungen entsprechen, haben Sie die M\u00f6glichkeit, es zur\u00fcckzugeben. Die Kosten f\u00fcr die R\u00fccksendung des Produkts im Falle eines Vertragsr\u00fccktritts tr\u00e4gt der K\u00e4ufer. 1. R\u00fcckgabefristSie haben 14 Tage Zeit, die Ware ohne [&hellip;]<\/p>\n","protected":false},"author":1,"featured_media":0,"parent":0,"menu_order":0,"comment_status":"closed","ping_status":"closed","template":"","meta":{"inline_featured_image":false,"footnotes":""},"class_list":["post-59685","page","type-page","status-publish","hentry"],"yoast_head":"<!-- This site is optimized with the Yoast SEO plugin v26.3 - https:\/\/yoast.com\/wordpress\/plugins\/seo\/ -->\n<title>R\u00fcckgabebestimmungen - Amare Atelier \u2013 Modna Odzie\u017c Damska | Styl, Klasa, Kobieco\u015b\u0107<\/title>\n<meta name=\"robots\" content=\"index, follow, max-snippet:-1, max-image-preview:large, max-video-preview:-1\" \/>\n<link rel=\"canonical\" href=\"https:\/\/amare-atelier.pl\/de\/rueckgabebestimmungen\/\" \/>\n<meta property=\"og:locale\" content=\"de_DE\" \/>\n<meta property=\"og:type\" content=\"article\" \/>\n<meta property=\"og:title\" content=\"R\u00fcckgabebestimmungen - Amare Atelier \u2013 Modna Odzie\u017c Damska | Styl, Klasa, Kobieco\u015b\u0107\" \/>\n<meta property=\"og:description\" content=\"R\u00fcckgabebestimmungen im Amar\u00e9 Atelier Shop Wir m\u00f6chten, dass Ihre Eink\u00e4ufe bei Amar\u00e9 Atelier Sie voll und ganz zufriedenstellen. Sollte ein Produkt jedoch nicht Ihren Erwartungen entsprechen, haben Sie die M\u00f6glichkeit, es zur\u00fcckzugeben. Die Kosten f\u00fcr die R\u00fccksendung des Produkts im Falle eines Vertragsr\u00fccktritts tr\u00e4gt der K\u00e4ufer. 1. R\u00fcckgabefristSie haben 14 Tage Zeit, die Ware ohne [&hellip;]\" \/>\n<meta property=\"og:url\" content=\"https:\/\/amare-atelier.pl\/de\/rueckgabebestimmungen\/\" \/>\n<meta property=\"og:site_name\" content=\"Amare Atelier \u2013 Modna Odzie\u017c Damska | Styl, Klasa, Kobieco\u015b\u0107\" \/>\n<meta property=\"article:publisher\" content=\"https:\/\/www.facebook.com\/profile.php?id=61577234792545\" \/>\n<meta property=\"article:modified_time\" content=\"2025-11-04T01:28:58+00:00\" \/>\n<meta name=\"twitter:card\" content=\"summary_large_image\" \/>\n<meta name=\"twitter:label1\" content=\"Gesch\u00e4tzte Lesezeit\" \/>\n\t<meta name=\"twitter:data1\" content=\"2\u00a0Minuten\" \/>\n<script type=\"application\/ld+json\" class=\"yoast-schema-graph\">{\"@context\":\"https:\/\/schema.org\",\"@graph\":[{\"@type\":\"WebPage\",\"@id\":\"https:\/\/amare-atelier.pl\/de\/rueckgabebestimmungen\/\",\"url\":\"https:\/\/amare-atelier.pl\/de\/rueckgabebestimmungen\/\",\"name\":\"R\u00fcckgabebestimmungen - Amare Atelier \u2013 Modna Odzie\u017c Damska | Styl, Klasa, Kobieco\u015b\u0107\",\"isPartOf\":{\"@id\":\"https:\/\/amare-atelier.pl\/de\/#website\"},\"datePublished\":\"2025-06-23T10:33:31+00:00\",\"dateModified\":\"2025-11-04T01:28:58+00:00\",\"breadcrumb\":{\"@id\":\"https:\/\/amare-atelier.pl\/de\/rueckgabebestimmungen\/#breadcrumb\"},\"inLanguage\":\"de\",\"potentialAction\":[{\"@type\":\"ReadAction\",\"target\":[\"https:\/\/amare-atelier.pl\/de\/rueckgabebestimmungen\/\"]}]},{\"@type\":\"BreadcrumbList\",\"@id\":\"https:\/\/amare-atelier.pl\/de\/rueckgabebestimmungen\/#breadcrumb\",\"itemListElement\":[{\"@type\":\"ListItem\",\"position\":1,\"name\":\"Startseite\",\"item\":\"https:\/\/amare-atelier.pl\/de\/startseite\/\"},{\"@type\":\"ListItem\",\"position\":2,\"name\":\"R\u00fcckgabebestimmungen\"}]},{\"@type\":\"WebSite\",\"@id\":\"https:\/\/amare-atelier.pl\/de\/#website\",\"url\":\"https:\/\/amare-atelier.pl\/de\/\",\"name\":\"Amare Atelier \u2013 Modna Odzie\u017c Damska | Styl, Klasa, Kobieco\u015b\u0107\",\"description\":\"\",\"publisher\":{\"@id\":\"https:\/\/amare-atelier.pl\/de\/#organization\"},\"potentialAction\":[{\"@type\":\"SearchAction\",\"target\":{\"@type\":\"EntryPoint\",\"urlTemplate\":\"https:\/\/amare-atelier.pl\/de\/?s={search_term_string}\"},\"query-input\":{\"@type\":\"PropertyValueSpecification\",\"valueRequired\":true,\"valueName\":\"search_term_string\"}}],\"inLanguage\":\"de\"},{\"@type\":\"Organization\",\"@id\":\"https:\/\/amare-atelier.pl\/de\/#organization\",\"name\":\"Amare Atelier \u2013 Modna Odzie\u017c Damska | Styl, Klasa, Kobieco\u015b\u0107\",\"url\":\"https:\/\/amare-atelier.pl\/de\/\",\"logo\":{\"@type\":\"ImageObject\",\"inLanguage\":\"de\",\"@id\":\"https:\/\/amare-atelier.pl\/de\/#\/schema\/logo\/image\/\",\"url\":\"https:\/\/amare-atelier.pl\/wp-content\/uploads\/2025\/06\/amare-logo.svg\",\"contentUrl\":\"https:\/\/amare-atelier.pl\/wp-content\/uploads\/2025\/06\/amare-logo.svg\",\"width\":578,\"height\":238,\"caption\":\"Amare Atelier \u2013 Modna Odzie\u017c Damska | Styl, Klasa, Kobieco\u015b\u0107\"},\"image\":{\"@id\":\"https:\/\/amare-atelier.pl\/de\/#\/schema\/logo\/image\/\"},\"sameAs\":[\"https:\/\/www.facebook.com\/profile.php?id=61577234792545\",\"https:\/\/www.instagram.com\/amare___atelier\/\"]}]}<\/script>\n<!-- \/ Yoast SEO plugin. -->","yoast_head_json":{"title":"R\u00fcckgabebestimmungen - Amare Atelier \u2013 Modna Odzie\u017c Damska | Styl, Klasa, Kobieco\u015b\u0107","robots":{"index":"index","follow":"follow","max-snippet":"max-snippet:-1","max-image-preview":"max-image-preview:large","max-video-preview":"max-video-preview:-1"},"canonical":"https:\/\/amare-atelier.pl\/de\/rueckgabebestimmungen\/","og_locale":"de_DE","og_type":"article","og_title":"R\u00fcckgabebestimmungen - Amare Atelier \u2013 Modna Odzie\u017c Damska | Styl, Klasa, Kobieco\u015b\u0107","og_description":"R\u00fcckgabebestimmungen im Amar\u00e9 Atelier Shop Wir m\u00f6chten, dass Ihre Eink\u00e4ufe bei Amar\u00e9 Atelier Sie voll und ganz zufriedenstellen. Sollte ein Produkt jedoch nicht Ihren Erwartungen entsprechen, haben Sie die M\u00f6glichkeit, es zur\u00fcckzugeben. Die Kosten f\u00fcr die R\u00fccksendung des Produkts im Falle eines Vertragsr\u00fccktritts tr\u00e4gt der K\u00e4ufer. 1. R\u00fcckgabefristSie haben 14 Tage Zeit, die Ware ohne [&hellip;]","og_url":"https:\/\/amare-atelier.pl\/de\/rueckgabebestimmungen\/","og_site_name":"Amare Atelier \u2013 Modna Odzie\u017c Damska | Styl, Klasa, Kobieco\u015b\u0107","article_publisher":"https:\/\/www.facebook.com\/profile.php?id=61577234792545","article_modified_time":"2025-11-04T01:28:58+00:00","twitter_card":"summary_large_image","twitter_misc":{"Gesch\u00e4tzte Lesezeit":"2\u00a0Minuten"},"schema":{"@context":"https:\/\/schema.org","@graph":[{"@type":"WebPage","@id":"https:\/\/amare-atelier.pl\/de\/rueckgabebestimmungen\/","url":"https:\/\/amare-atelier.pl\/de\/rueckgabebestimmungen\/","name":"R\u00fcckgabebestimmungen - Amare Atelier \u2013 Modna Odzie\u017c Damska | Styl, Klasa, Kobieco\u015b\u0107","isPartOf":{"@id":"https:\/\/amare-atelier.pl\/de\/#website"},"datePublished":"2025-06-23T10:33:31+00:00","dateModified":"2025-11-04T01:28:58+00:00","breadcrumb":{"@id":"https:\/\/amare-atelier.pl\/de\/rueckgabebestimmungen\/#breadcrumb"},"inLanguage":"de","potentialAction":[{"@type":"ReadAction","target":["https:\/\/amare-atelier.pl\/de\/rueckgabebestimmungen\/"]}]},{"@type":"BreadcrumbList","@id":"https:\/\/amare-atelier.pl\/de\/rueckgabebestimmungen\/#breadcrumb","itemListElement":[{"@type":"ListItem","position":1,"name":"Startseite","item":"https:\/\/amare-atelier.pl\/de\/startseite\/"},{"@type":"ListItem","position":2,"name":"R\u00fcckgabebestimmungen"}]},{"@type":"WebSite","@id":"https:\/\/amare-atelier.pl\/de\/#website","url":"https:\/\/amare-atelier.pl\/de\/","name":"Amare Atelier \u2013 Modna Odzie\u017c Damska | Styl, Klasa, Kobieco\u015b\u0107","description":"","publisher":{"@id":"https:\/\/amare-atelier.pl\/de\/#organization"},"potentialAction":[{"@type":"SearchAction","target":{"@type":"EntryPoint","urlTemplate":"https:\/\/amare-atelier.pl\/de\/?s={search_term_string}"},"query-input":{"@type":"PropertyValueSpecification","valueRequired":true,"valueName":"search_term_string"}}],"inLanguage":"de"},{"@type":"Organization","@id":"https:\/\/amare-atelier.pl\/de\/#organization","name":"Amare Atelier \u2013 Modna Odzie\u017c Damska | Styl, Klasa, Kobieco\u015b\u0107","url":"https:\/\/amare-atelier.pl\/de\/","logo":{"@type":"ImageObject","inLanguage":"de","@id":"https:\/\/amare-atelier.pl\/de\/#\/schema\/logo\/image\/","url":"https:\/\/amare-atelier.pl\/wp-content\/uploads\/2025\/06\/amare-logo.svg","contentUrl":"https:\/\/amare-atelier.pl\/wp-content\/uploads\/2025\/06\/amare-logo.svg","width":578,"height":238,"caption":"Amare Atelier \u2013 Modna Odzie\u017c Damska | Styl, Klasa, Kobieco\u015b\u0107"},"image":{"@id":"https:\/\/amare-atelier.pl\/de\/#\/schema\/logo\/image\/"},"sameAs":["https:\/\/www.facebook.com\/profile.php?id=61577234792545","https:\/\/www.instagram.com\/amare___atelier\/"]}]}},"_links":{"self":[{"href":"https:\/\/amare-atelier.pl\/de\/wp-json\/wp\/v2\/pages\/59685","targetHints":{"allow":["GET"]}}],"collection":[{"href":"https:\/\/amare-atelier.pl\/de\/wp-json\/wp\/v2\/pages"}],"about":[{"href":"https:\/\/amare-atelier.pl\/de\/wp-json\/wp\/v2\/types\/page"}],"author":[{"embeddable":true,"href":"https:\/\/amare-atelier.pl\/de\/wp-json\/wp\/v2\/users\/1"}],"replies":[{"embeddable":true,"href":"https:\/\/amare-atelier.pl\/de\/wp-json\/wp\/v2\/comments?post=59685"}],"version-history":[{"count":0,"href":"https:\/\/amare-atelier.pl\/de\/wp-json\/wp\/v2\/pages\/59685\/revisions"}],"wp:attachment":[{"href":"https:\/\/amare-atelier.pl\/de\/wp-json\/wp\/v2\/media?parent=59685"}],"curies":[{"name":"wp","href":"https:\/\/api.w.org\/{rel}","templated":true}]}}