{"id":59657,"date":"2025-06-22T19:19:07","date_gmt":"2025-06-22T17:19:07","guid":{"rendered":"https:\/\/amareprod.wpenginepowered.com\/allgemeine-geschaeftsbedingungen\/"},"modified":"2025-11-17T15:15:04","modified_gmt":"2025-11-17T14:15:04","slug":"allgemeine-geschaeftsbedingungen","status":"publish","type":"page","link":"https:\/\/amare-atelier.pl\/de\/allgemeine-geschaeftsbedingungen\/","title":{"rendered":"Allgemeine Gesch\u00e4ftsbedingungen"},"content":{"rendered":"\n<h2 class=\"wp-block-heading\"><strong>Allgemeine Gesch\u00e4ftsbedingungen des Online-Shops Amar\u00e9 Atelier<\/strong><\/h2>\n\n<p>Diese Allgemeinen Gesch\u00e4ftsbedingungen legen die Regeln und Bedingungen f\u00fcr die Nutzung des Online-Shops Amar\u00e9 Atelier fest, der unter der Adresse https:\/\/amare-atelier.pl betrieben wird. Es handelt sich um ein Dokument, das gem\u00e4\u00df den gesetzlichen Bestimmungen, einschlie\u00dflich des Gesetzes \u00fcber die Erbringung elektronischer Dienstleistungen, erforderlich ist.<\/p>\n\n<p><strong>\u00a7 1 Definitionen<\/strong><\/p>\n\n<ul class=\"wp-block-list\">\n<li>Verk\u00e4ufer \u2013 Oliwia \u017byto, die ein Unternehmen unter dem Namen Oliwia \u017byto Amar\u00e9 Atelier betreibt, mit Sitz in ul. Je\u017cynowa 9, 62-069 Pal\u0119dzie, NIP: 7773448545, REGON: 541971236. <\/li>\n\n\n\n<li>Shop \u2013 Online-Shop, der vom Verk\u00e4ufer unter der Adresse https:\/\/amare-atelier.pl betrieben wird.<\/li>\n\n\n\n<li>Kunde \u2013 eine nat\u00fcrliche Person, eine juristische Person oder eine Organisationseinheit ohne Rechtspers\u00f6nlichkeit, die im Shop Eink\u00e4ufe t\u00e4tigt.<\/li>\n\n\n\n<li>Verbraucher \u2013 ein Kunde, der eine nat\u00fcrliche Person ist und ein Rechtsgesch\u00e4ft abschlie\u00dft, das nicht direkt mit seiner gewerblichen oder beruflichen T\u00e4tigkeit zusammenh\u00e4ngt.<\/li>\n\n\n\n<li>Werktage \u2013 Wochentage von Montag bis Freitag, ausgenommen gesetzliche Feiertage.<\/li>\n\n\n\n<li>Bestellung \u2013 eine Willenserkl\u00e4rung des Kunden, die direkt auf den Abschluss eines Fernabsatzvertrags \u00fcber den Shop abzielt.<\/li>\n<\/ul>\n\n<p><strong>\u00a7 2 Allgemeine Bestimmungen<\/strong><\/p>\n\n<ol class=\"wp-block-list\">\n<li>Diese Allgemeinen Gesch\u00e4ftsbedingungen legen die Regeln f\u00fcr den Abschluss von Kaufvertr\u00e4gen \u00fcber den Shop, die Rechte und Pflichten des Verk\u00e4ufers und des Kunden sowie die Regeln f\u00fcr das Beschwerdeverfahren fest.<\/li>\n\n\n\n<li>Das Durchsuchen des Shop-Sortiments erfordert keine Registrierung. Bestellungen k\u00f6nnen sowohl von Kunden mit einem Konto als auch ohne Konto aufgegeben werden. <\/li>\n\n\n\n<li>Die im Shop angegebenen Preise sind Bruttopreise, ausgedr\u00fcckt in polnischen Zloty (PLN) und enthalten die Mehrwertsteuer.<\/li>\n\n\n\n<li>F\u00fcr die Nutzung des Shops ist ein Ger\u00e4t mit Internetzugang und einem Webbrowser sowie ein aktives E-Mail-Konto erforderlich.<\/li>\n<\/ol>\n\n<p><strong>\u00a7 3 Bestellvorgang<\/strong><\/p>\n\n<ol class=\"wp-block-list\">\n<li>Bestellungen k\u00f6nnen 24 Stunden am Tag, 7 Tage die Woche aufgegeben werden.<\/li>\n\n\n\n<li>Um eine Bestellung aufzugeben, w\u00e4hlt der Kunde die Ware aus, legt sie in den Warenkorb, gibt anschlie\u00dfend seine f\u00fcr die Auftragsabwicklung erforderlichen Daten an und w\u00e4hlt die Liefer- und Zahlungsmethode.<\/li>\n\n\n\n<li>Die Abgabe einer Bestellung stellt ein Angebot zum Abschluss eines Kaufvertrags \u00fcber die ausgew\u00e4hlten Produkte dar. Der Vertrag kommt zustande, sobald der Verk\u00e4ufer die Annahme der Bestellung zur Ausf\u00fchrung best\u00e4tigt, was an die E-Mail-Adresse des Kunden gesendet wird. <\/li>\n<\/ol>\n\n<p><strong>\u00a7 4 Zahlungen und Lieferung<\/strong><\/p>\n\n<ol class=\"wp-block-list\">\n<li>Der Kunde kann folgende Zahlungsarten w\u00e4hlen:\n<ul class=\"wp-block-list\">\n<li>Schnelle elektronische \u00dcberweisung (Przelewy24).<\/li>\n\n\n\n<li>Zahlung per Kredit-\/Debitkarte.<\/li>\n<\/ul>\n<\/li>\n\n\n\n<li>Im Falle der Vorauszahlung ist der Kunde verpflichtet, die Zahlung innerhalb von 3 Werktagen ab dem Datum der Bestellung zu leisten.<\/li>\n\n\n\n<li>Die Lieferung erfolgt \u00fcber Kurierdienste. Die Versandkosten werden w\u00e4hrend des Bestellvorgangs angegeben. <\/li>\n<\/ol>\n\n<p><strong>\u00a7 5 Widerrufsrecht<\/strong><\/p>\n\n<ol class=\"wp-block-list\">\n<li>Der Verbraucher hat das Recht, einen Fernabsatzvertrag innerhalb von 14 Tagen nach Erhalt der Ware ohne Angabe von Gr\u00fcnden zu widerrufen.<\/li>\n\n\n\n<li>Detaillierte Regeln f\u00fcr R\u00fccksendungen, einschlie\u00dflich der Versandadresse und des Verfahrens, sind in einem separaten Dokument \u201eR\u00fcckgaberichtlinien\u201c festgelegt.<\/li>\n\n\n\n<li>Das Widerrufsrecht besteht nicht bei Waren, die nach Kundenspezifikationen angefertigt oder personalisiert wurden.<\/li>\n<\/ol>\n\n<p><strong>\u00a7 6 Reklamationen<\/strong><\/p>\n\n<ol class=\"wp-block-list\">\n<li>Der Verk\u00e4ufer ist verpflichtet, mangelfreie Ware zu liefern.<\/li>\n\n\n\n<li>Im Falle eines Mangels an der Ware hat der Kunde das Recht, eine Reklamation einzureichen.<\/li>\n\n\n\n<li>Reklamationen sind elektronisch an die E-Mail-Adresse des Shops amareatelier@wp.pl oder schriftlich an die Adresse des Verk\u00e4ufersitzes zu richten.<\/li>\n\n\n\n<li>Der Verk\u00e4ufer wird die Reklamation innerhalb von 14 Tagen nach Erhalt bearbeiten.<\/li>\n<\/ol>\n\n<p><strong>\u00a7 7 Datenschutz<\/strong><\/p>\n\n<p><br\/>Die Regeln f\u00fcr die Verarbeitung der pers\u00f6nlichen Daten der Kunden sind detailliert im Dokument \u201eDatenschutzerkl\u00e4rung\u201c beschrieben, das auf der Shop-Website verf\u00fcgbar ist.<\/p>\n\n<p><strong>\u00a7 8 Schlussbestimmungen<\/strong><\/p>\n\n<p>Der Verk\u00e4ufer beh\u00e4lt sich das Recht vor, \u00c4nderungen an den Allgemeinen Gesch\u00e4ftsbedingungen vorzunehmen. \u00c4nderungen treten zu dem vom Verk\u00e4ufer angegebenen Zeitpunkt in Kraft, der nicht k\u00fcrzer als 7 Tage ab dem Datum ihrer Ver\u00f6ffentlichung auf der Shop-Website ist. <\/p>\n\n<p>In Angelegenheiten, die nicht in diesen Allgemeinen Gesch\u00e4ftsbedingungen geregelt sind, gelten die Bestimmungen des polnischen Rechts.<\/p>\n\n<p><\/p>\n","protected":false},"excerpt":{"rendered":"<p>Allgemeine Gesch\u00e4ftsbedingungen des Online-Shops Amar\u00e9 Atelier Diese Allgemeinen Gesch\u00e4ftsbedingungen legen die Regeln und Bedingungen f\u00fcr die Nutzung des Online-Shops Amar\u00e9 Atelier fest, der unter der Adresse https:\/\/amare-atelier.pl betrieben wird. Es handelt sich um ein Dokument, das gem\u00e4\u00df den gesetzlichen Bestimmungen, einschlie\u00dflich des Gesetzes \u00fcber die Erbringung elektronischer Dienstleistungen, erforderlich ist. \u00a7 1 Definitionen \u00a7 2 [&hellip;]<\/p>\n","protected":false},"author":1,"featured_media":0,"parent":0,"menu_order":0,"comment_status":"closed","ping_status":"open","template":"","meta":{"inline_featured_image":false,"footnotes":""},"class_list":["post-59657","page","type-page","status-publish","hentry"],"yoast_head":"<!-- This site is optimized with the Yoast SEO plugin v26.3 - https:\/\/yoast.com\/wordpress\/plugins\/seo\/ -->\n<title>Allgemeine Gesch\u00e4ftsbedingungen - Amare Atelier \u2013 Modna Odzie\u017c Damska | Styl, Klasa, Kobieco\u015b\u0107<\/title>\n<meta name=\"robots\" content=\"index, follow, max-snippet:-1, max-image-preview:large, max-video-preview:-1\" \/>\n<link rel=\"canonical\" href=\"https:\/\/amare-atelier.pl\/de\/allgemeine-geschaeftsbedingungen\/\" \/>\n<meta property=\"og:locale\" content=\"de_DE\" \/>\n<meta property=\"og:type\" content=\"article\" \/>\n<meta property=\"og:title\" content=\"Allgemeine Gesch\u00e4ftsbedingungen - Amare Atelier \u2013 Modna Odzie\u017c Damska | Styl, Klasa, Kobieco\u015b\u0107\" \/>\n<meta property=\"og:description\" content=\"Allgemeine Gesch\u00e4ftsbedingungen des Online-Shops Amar\u00e9 Atelier Diese Allgemeinen Gesch\u00e4ftsbedingungen legen die Regeln und Bedingungen f\u00fcr die Nutzung des Online-Shops Amar\u00e9 Atelier fest, der unter der Adresse https:\/\/amare-atelier.pl betrieben wird. Es handelt sich um ein Dokument, das gem\u00e4\u00df den gesetzlichen Bestimmungen, einschlie\u00dflich des Gesetzes \u00fcber die Erbringung elektronischer Dienstleistungen, erforderlich ist. \u00a7 1 Definitionen \u00a7 2 [&hellip;]\" \/>\n<meta property=\"og:url\" content=\"https:\/\/amare-atelier.pl\/de\/allgemeine-geschaeftsbedingungen\/\" \/>\n<meta property=\"og:site_name\" content=\"Amare Atelier \u2013 Modna Odzie\u017c Damska | Styl, Klasa, Kobieco\u015b\u0107\" \/>\n<meta property=\"article:publisher\" content=\"https:\/\/www.facebook.com\/profile.php?id=61577234792545\" \/>\n<meta property=\"article:modified_time\" content=\"2025-11-17T14:15:04+00:00\" \/>\n<meta name=\"twitter:card\" content=\"summary_large_image\" \/>\n<meta name=\"twitter:label1\" content=\"Gesch\u00e4tzte Lesezeit\" \/>\n\t<meta name=\"twitter:data1\" content=\"3\u00a0Minuten\" \/>\n<script type=\"application\/ld+json\" class=\"yoast-schema-graph\">{\"@context\":\"https:\/\/schema.org\",\"@graph\":[{\"@type\":\"WebPage\",\"@id\":\"https:\/\/amare-atelier.pl\/de\/allgemeine-geschaeftsbedingungen\/\",\"url\":\"https:\/\/amare-atelier.pl\/de\/allgemeine-geschaeftsbedingungen\/\",\"name\":\"Allgemeine Gesch\u00e4ftsbedingungen - Amare Atelier \u2013 Modna Odzie\u017c Damska | Styl, Klasa, Kobieco\u015b\u0107\",\"isPartOf\":{\"@id\":\"https:\/\/amare-atelier.pl\/de\/#website\"},\"datePublished\":\"2025-06-22T17:19:07+00:00\",\"dateModified\":\"2025-11-17T14:15:04+00:00\",\"breadcrumb\":{\"@id\":\"https:\/\/amare-atelier.pl\/de\/allgemeine-geschaeftsbedingungen\/#breadcrumb\"},\"inLanguage\":\"de\",\"potentialAction\":[{\"@type\":\"ReadAction\",\"target\":[\"https:\/\/amare-atelier.pl\/de\/allgemeine-geschaeftsbedingungen\/\"]}]},{\"@type\":\"BreadcrumbList\",\"@id\":\"https:\/\/amare-atelier.pl\/de\/allgemeine-geschaeftsbedingungen\/#breadcrumb\",\"itemListElement\":[{\"@type\":\"ListItem\",\"position\":1,\"name\":\"Startseite\",\"item\":\"https:\/\/amare-atelier.pl\/de\/startseite\/\"},{\"@type\":\"ListItem\",\"position\":2,\"name\":\"Allgemeine Gesch\u00e4ftsbedingungen\"}]},{\"@type\":\"WebSite\",\"@id\":\"https:\/\/amare-atelier.pl\/de\/#website\",\"url\":\"https:\/\/amare-atelier.pl\/de\/\",\"name\":\"Amare Atelier \u2013 Modna Odzie\u017c Damska | Styl, Klasa, Kobieco\u015b\u0107\",\"description\":\"\",\"publisher\":{\"@id\":\"https:\/\/amare-atelier.pl\/de\/#organization\"},\"potentialAction\":[{\"@type\":\"SearchAction\",\"target\":{\"@type\":\"EntryPoint\",\"urlTemplate\":\"https:\/\/amare-atelier.pl\/de\/?s={search_term_string}\"},\"query-input\":{\"@type\":\"PropertyValueSpecification\",\"valueRequired\":true,\"valueName\":\"search_term_string\"}}],\"inLanguage\":\"de\"},{\"@type\":\"Organization\",\"@id\":\"https:\/\/amare-atelier.pl\/de\/#organization\",\"name\":\"Amare Atelier \u2013 Modna Odzie\u017c Damska | Styl, Klasa, Kobieco\u015b\u0107\",\"url\":\"https:\/\/amare-atelier.pl\/de\/\",\"logo\":{\"@type\":\"ImageObject\",\"inLanguage\":\"de\",\"@id\":\"https:\/\/amare-atelier.pl\/de\/#\/schema\/logo\/image\/\",\"url\":\"https:\/\/amare-atelier.pl\/wp-content\/uploads\/2025\/06\/amare-logo.svg\",\"contentUrl\":\"https:\/\/amare-atelier.pl\/wp-content\/uploads\/2025\/06\/amare-logo.svg\",\"width\":578,\"height\":238,\"caption\":\"Amare Atelier \u2013 Modna Odzie\u017c Damska | Styl, Klasa, Kobieco\u015b\u0107\"},\"image\":{\"@id\":\"https:\/\/amare-atelier.pl\/de\/#\/schema\/logo\/image\/\"},\"sameAs\":[\"https:\/\/www.facebook.com\/profile.php?id=61577234792545\",\"https:\/\/www.instagram.com\/amare___atelier\/\"]}]}<\/script>\n<!-- \/ Yoast SEO plugin. -->","yoast_head_json":{"title":"Allgemeine Gesch\u00e4ftsbedingungen - Amare Atelier \u2013 Modna Odzie\u017c Damska | Styl, Klasa, Kobieco\u015b\u0107","robots":{"index":"index","follow":"follow","max-snippet":"max-snippet:-1","max-image-preview":"max-image-preview:large","max-video-preview":"max-video-preview:-1"},"canonical":"https:\/\/amare-atelier.pl\/de\/allgemeine-geschaeftsbedingungen\/","og_locale":"de_DE","og_type":"article","og_title":"Allgemeine Gesch\u00e4ftsbedingungen - Amare Atelier \u2013 Modna Odzie\u017c Damska | Styl, Klasa, Kobieco\u015b\u0107","og_description":"Allgemeine Gesch\u00e4ftsbedingungen des Online-Shops Amar\u00e9 Atelier Diese Allgemeinen Gesch\u00e4ftsbedingungen legen die Regeln und Bedingungen f\u00fcr die Nutzung des Online-Shops Amar\u00e9 Atelier fest, der unter der Adresse https:\/\/amare-atelier.pl betrieben wird. Es handelt sich um ein Dokument, das gem\u00e4\u00df den gesetzlichen Bestimmungen, einschlie\u00dflich des Gesetzes \u00fcber die Erbringung elektronischer Dienstleistungen, erforderlich ist. \u00a7 1 Definitionen \u00a7 2 [&hellip;]","og_url":"https:\/\/amare-atelier.pl\/de\/allgemeine-geschaeftsbedingungen\/","og_site_name":"Amare Atelier \u2013 Modna Odzie\u017c Damska | Styl, Klasa, Kobieco\u015b\u0107","article_publisher":"https:\/\/www.facebook.com\/profile.php?id=61577234792545","article_modified_time":"2025-11-17T14:15:04+00:00","twitter_card":"summary_large_image","twitter_misc":{"Gesch\u00e4tzte Lesezeit":"3\u00a0Minuten"},"schema":{"@context":"https:\/\/schema.org","@graph":[{"@type":"WebPage","@id":"https:\/\/amare-atelier.pl\/de\/allgemeine-geschaeftsbedingungen\/","url":"https:\/\/amare-atelier.pl\/de\/allgemeine-geschaeftsbedingungen\/","name":"Allgemeine Gesch\u00e4ftsbedingungen - Amare Atelier \u2013 Modna Odzie\u017c Damska | Styl, Klasa, Kobieco\u015b\u0107","isPartOf":{"@id":"https:\/\/amare-atelier.pl\/de\/#website"},"datePublished":"2025-06-22T17:19:07+00:00","dateModified":"2025-11-17T14:15:04+00:00","breadcrumb":{"@id":"https:\/\/amare-atelier.pl\/de\/allgemeine-geschaeftsbedingungen\/#breadcrumb"},"inLanguage":"de","potentialAction":[{"@type":"ReadAction","target":["https:\/\/amare-atelier.pl\/de\/allgemeine-geschaeftsbedingungen\/"]}]},{"@type":"BreadcrumbList","@id":"https:\/\/amare-atelier.pl\/de\/allgemeine-geschaeftsbedingungen\/#breadcrumb","itemListElement":[{"@type":"ListItem","position":1,"name":"Startseite","item":"https:\/\/amare-atelier.pl\/de\/startseite\/"},{"@type":"ListItem","position":2,"name":"Allgemeine Gesch\u00e4ftsbedingungen"}]},{"@type":"WebSite","@id":"https:\/\/amare-atelier.pl\/de\/#website","url":"https:\/\/amare-atelier.pl\/de\/","name":"Amare Atelier \u2013 Modna Odzie\u017c Damska | Styl, Klasa, Kobieco\u015b\u0107","description":"","publisher":{"@id":"https:\/\/amare-atelier.pl\/de\/#organization"},"potentialAction":[{"@type":"SearchAction","target":{"@type":"EntryPoint","urlTemplate":"https:\/\/amare-atelier.pl\/de\/?s={search_term_string}"},"query-input":{"@type":"PropertyValueSpecification","valueRequired":true,"valueName":"search_term_string"}}],"inLanguage":"de"},{"@type":"Organization","@id":"https:\/\/amare-atelier.pl\/de\/#organization","name":"Amare Atelier \u2013 Modna Odzie\u017c Damska | Styl, Klasa, Kobieco\u015b\u0107","url":"https:\/\/amare-atelier.pl\/de\/","logo":{"@type":"ImageObject","inLanguage":"de","@id":"https:\/\/amare-atelier.pl\/de\/#\/schema\/logo\/image\/","url":"https:\/\/amare-atelier.pl\/wp-content\/uploads\/2025\/06\/amare-logo.svg","contentUrl":"https:\/\/amare-atelier.pl\/wp-content\/uploads\/2025\/06\/amare-logo.svg","width":578,"height":238,"caption":"Amare Atelier \u2013 Modna Odzie\u017c Damska | Styl, Klasa, Kobieco\u015b\u0107"},"image":{"@id":"https:\/\/amare-atelier.pl\/de\/#\/schema\/logo\/image\/"},"sameAs":["https:\/\/www.facebook.com\/profile.php?id=61577234792545","https:\/\/www.instagram.com\/amare___atelier\/"]}]}},"_links":{"self":[{"href":"https:\/\/amare-atelier.pl\/de\/wp-json\/wp\/v2\/pages\/59657","targetHints":{"allow":["GET"]}}],"collection":[{"href":"https:\/\/amare-atelier.pl\/de\/wp-json\/wp\/v2\/pages"}],"about":[{"href":"https:\/\/amare-atelier.pl\/de\/wp-json\/wp\/v2\/types\/page"}],"author":[{"embeddable":true,"href":"https:\/\/amare-atelier.pl\/de\/wp-json\/wp\/v2\/users\/1"}],"replies":[{"embeddable":true,"href":"https:\/\/amare-atelier.pl\/de\/wp-json\/wp\/v2\/comments?post=59657"}],"version-history":[{"count":0,"href":"https:\/\/amare-atelier.pl\/de\/wp-json\/wp\/v2\/pages\/59657\/revisions"}],"wp:attachment":[{"href":"https:\/\/amare-atelier.pl\/de\/wp-json\/wp\/v2\/media?parent=59657"}],"curies":[{"name":"wp","href":"https:\/\/api.w.org\/{rel}","templated":true}]}}